{"id":3753,"date":"2023-10-19T11:24:55","date_gmt":"2023-10-19T09:24:55","guid":{"rendered":"https:\/\/www.ile-de-la-comtesse.com\/camping-6\/"},"modified":"2023-12-22T14:08:38","modified_gmt":"2023-12-22T13:08:38","slug":"camping-familie-murs-et-gelignieux","status":"publish","type":"page","link":"https:\/\/www.ile-de-la-comtesse.com\/nl\/camping-familie-murs-et-gelignieux\/","title":{"rendered":"Diensten"},"content":{"rendered":"<section id=\"ls-section-block_91ae9c7519ccd480a0a672bfe8b9e691\" class=\"ls-section  home-intro page-one has-p-b p-b-2\" >\r\n        <div class=\"container container--full\">\r\n        \n\n<div class=\"wp-block-columns are-vertically-aligned-center is-layout-flex wp-container-core-columns-is-layout-9d6595d7 wp-block-columns-is-layout-flex\">\n<div class=\"wp-block-column is-vertically-aligned-center left is-layout-flow wp-block-column-is-layout-flow\" style=\"flex-basis:45%\">\n<h1 class=\"ls__heading wp-block-heading has-text-align-left\">Een gezinscamping in de Savoie die goed voor je is<\/h1>\n\n\n\n<div class=\"star-container animated fadeInLeft delay-100ms slow\"> \n<i class=\"comtesse-star\"><\/i>\n<i class=\"comtesse-star\"><\/i>\n<i class=\"comtesse-star\"><\/i>\n<i class=\"comtesse-star\"><\/i>\n<\/div>\n\n\n\n<h2 class=\"ls__heading wp-block-heading animated fadeInLeft delay-100ms slow\">Camping receptie: we zijn er voor u<\/h2>\n\n\n\n<p class=\"ls-paragraph\">Ons personeel staat de hele dag tot je beschikking. <strong>De receptie<\/strong> is geopend van <strong>9.00 tot 12.00 uur en van 14.00 tot 20.00 uur<\/strong>. L\u00e9a heet je van harte welkom. We bieden een breed scala aan <strong>ansichtkaarten<\/strong>. Doe je post in de gele bus. De postbode komt elke dag op de camping om de post op te halen. Voor <strong>informatie over de Camping of de omgeving<\/strong> helpt L\u00e9a je graag verder.  <\/p>\n\n\n\n<div class=\"wp-block-columns is-layout-flex wp-container-core-columns-is-layout-9d6595d7 wp-block-columns-is-layout-flex\">\n<div class=\"wp-block-column is-layout-flow wp-block-column-is-layout-flow\">\n<figure class=\"wp-block-image size-full\"><img decoding=\"async\" width=\"720\" height=\"717\" src=\"https:\/\/www.ile-de-la-comtesse.com\/wp-content\/uploads\/2023\/12\/lea.webp\" alt=\"L&#xE9;a\" class=\"wp-image-4862\" srcset=\"https:\/\/www.ile-de-la-comtesse.com\/wp-content\/uploads\/2023\/12\/lea.webp 720w, https:\/\/www.ile-de-la-comtesse.com\/wp-content\/uploads\/2023\/12\/lea-300x300.webp 300w, https:\/\/www.ile-de-la-comtesse.com\/wp-content\/uploads\/2023\/12\/lea-150x150.webp 150w\" sizes=\"(max-width: 720px) 100vw, 720px\" \/><\/figure>\n<\/div>\n\n\n\n<div class=\"wp-block-column is-layout-flow wp-block-column-is-layout-flow\">\n<div id=\"ls-heading ls-titre-div-block_12adffcd36bb2d339e41110223c306b9\" class=\"ls-titre-div h2-like\" >\n    &#8220;L\u00e9a&#8217;s goede raad<\/div>\n\n\n\n<p class=\"ls-paragraph\">Per e-mail of telefoon, ik ben altijd beschikbaar om je vragen te beantwoorden. Ik kan niet wachten om je met mijn beste glimlach te verwelkomen als je aankomt. Kies L&#8217;Ile de la Comtesse voor een onvergetelijke vakantie!<\/p>\n<\/div>\n<\/div>\n<\/div>\n\n\n\n<div class=\"wp-block-column is-vertically-aligned-center right is-layout-flow wp-block-column-is-layout-flow\" style=\"flex-basis:55%\">\n<figure class=\"wp-block-image size-full animated fadeInRight delay-100ms slow\"><a href=\"https:\/\/www.ile-de-la-comtesse.com\/wp-content\/uploads\/2023\/11\/camping-comtesse-reception-scaled.webp\"><img decoding=\"async\" width=\"2560\" height=\"1708\" src=\"https:\/\/www.ile-de-la-comtesse.com\/wp-content\/uploads\/2023\/11\/camping-comtesse-reception-scaled.webp\" alt=\"Camping met bar en zonnige receptie.\" class=\"wp-image-1291\" srcset=\"https:\/\/www.ile-de-la-comtesse.com\/wp-content\/uploads\/2023\/11\/camping-comtesse-reception-scaled.webp 2560w, https:\/\/www.ile-de-la-comtesse.com\/wp-content\/uploads\/2023\/11\/camping-comtesse-reception-300x200.webp 300w, https:\/\/www.ile-de-la-comtesse.com\/wp-content\/uploads\/2023\/11\/camping-comtesse-reception-1024x683.webp 1024w, https:\/\/www.ile-de-la-comtesse.com\/wp-content\/uploads\/2023\/11\/camping-comtesse-reception-768x513.webp 768w, https:\/\/www.ile-de-la-comtesse.com\/wp-content\/uploads\/2023\/11\/camping-comtesse-reception-1536x1025.webp 1536w, https:\/\/www.ile-de-la-comtesse.com\/wp-content\/uploads\/2023\/11\/camping-comtesse-reception-2048x1367.webp 2048w\" sizes=\"(max-width: 2560px) 100vw, 2560px\" \/><\/a><\/figure>\n<\/div>\n<\/div>\n\n\r\n    <\/div>\r\n<\/section><section id=\"ls-section-block_de054a82869d5ac7eb714059babc817f\" class=\"ls-section  home-intro page-three background-blue has-m-t m-t-1 has-m-b m-b-3 has-p-b p-b-2\" >\r\n        <div class=\"container container--full\">\r\n        \n\n<div class=\"wp-block-columns are-vertically-aligned-center is-layout-flex wp-container-core-columns-is-layout-9d6595d7 wp-block-columns-is-layout-flex\">\n<div class=\"wp-block-column is-vertically-aligned-center left is-layout-flow wp-block-column-is-layout-flow\" style=\"flex-basis:55%\">\n<figure class=\"wp-block-image size-full animated fadeInLeft delay-100ms slow\"><a href=\"https:\/\/www.ile-de-la-comtesse.com\/wp-content\/uploads\/2023\/11\/service-blanchisserie-camping-ile-de-la-comtesse-scaled.webp\"><img decoding=\"async\" width=\"2048\" height=\"1382\" src=\"https:\/\/www.ile-de-la-comtesse.com\/wp-content\/uploads\/2023\/11\/service-blanchisserie-camping-ile-de-la-comtesse-scaled.webp\" alt=\"Wasservice Camping ile de la comtesse\" class=\"wp-image-1473\" srcset=\"https:\/\/www.ile-de-la-comtesse.com\/wp-content\/uploads\/2023\/11\/service-blanchisserie-camping-ile-de-la-comtesse-scaled.webp 2048w, https:\/\/www.ile-de-la-comtesse.com\/wp-content\/uploads\/2023\/11\/service-blanchisserie-camping-ile-de-la-comtesse-300x202.webp 300w, https:\/\/www.ile-de-la-comtesse.com\/wp-content\/uploads\/2023\/11\/service-blanchisserie-camping-ile-de-la-comtesse-1024x691.webp 1024w, https:\/\/www.ile-de-la-comtesse.com\/wp-content\/uploads\/2023\/11\/service-blanchisserie-camping-ile-de-la-comtesse-768x518.webp 768w, https:\/\/www.ile-de-la-comtesse.com\/wp-content\/uploads\/2023\/11\/service-blanchisserie-camping-ile-de-la-comtesse-1536x1036.webp 1536w\" sizes=\"(max-width: 2048px) 100vw, 2048px\" \/><\/a><\/figure>\n<\/div>\n\n\n\n<div class=\"wp-block-column is-vertically-aligned-center right is-layout-flow wp-block-column-is-layout-flow\" style=\"flex-basis:45%\">\n<h2 class=\"ls__heading wp-block-heading animated fadeInRight delay-100ms slow\">Geen beperkingen meer met onze  <br\/><strong>wasservice<\/strong><\/h2>\n\n\n\n<p class=\"ls-paragraph\">Onze<strong> wasserette<\/strong> op <a href=\"https:\/\/www.ile-de-la-comtesse.com\/nl\/\" data-type=\"page\" data-id=\"192\">camping \u00eele de la Comtesse<\/a> is een essenti\u00eble voorziening voor onze medekampeerders. Uitgerust met moderne machines maakt het wassen en <strong>drogen van kleding<\/strong> een fluitje van een cent. Je kunt je kleren dus zonder zorgen schoonhouden tijdens je verblijf.<\/p>\n\n\n<div class=\"wp-block-image\">\n<figure class=\"alignright size-large is-resized\"><img decoding=\"async\" width=\"93\" height=\"98\" src=\"https:\/\/www.ile-de-la-comtesse.com\/wp-content\/uploads\/2023\/10\/camping-savoie-familial.svg\" alt=\"camping savoie familie\" class=\"wp-image-351\" style=\"width:181px;height:auto\"\/><\/figure>\n<\/div><\/div>\n<\/div>\n\n\r\n    <\/div>\r\n<\/section><section id=\"ls-section-block_26cf35f60f293a77c6e45d42ded4e07a\" class=\"ls-section  home-intro page-five\" >\r\n        <div class=\"container container--full\">\r\n        \n\n<div class=\"wp-block-columns are-vertically-aligned-center is-layout-flex wp-container-core-columns-is-layout-9d6595d7 wp-block-columns-is-layout-flex\">\n<div class=\"wp-block-column is-vertically-aligned-center left is-layout-flow wp-block-column-is-layout-flow\" style=\"flex-basis:45%\">\n<h2 class=\"ls__heading wp-block-heading animated fadeInLeft delay-100ms slow\">Een aangesloten camping<\/h2>\n\n\n\n<p class=\"ls-paragraph\">Voor onze medekampeerders die tijdens hun verblijf verbonden willen blijven, kan ik jullie geruststellen: <strong>er is gratis wifi beschikbaar<\/strong> in de gemeenschappelijke ruimtes van de Camping. Wifi is <strong>niet beschikbaar op de staanplaatsen<\/strong>. TikTok en Instagram wachten op je na je zwembaddag of wanneer je thuiskomt.<\/p>\n<\/div>\n\n\n\n<div class=\"wp-block-column is-vertically-aligned-center right is-layout-flow wp-block-column-is-layout-flow\" style=\"flex-basis:55%\">\n<figure class=\"wp-block-image size-full animated fadeInRight delay-100ms slow\"><a href=\"https:\/\/www.ile-de-la-comtesse.com\/wp-content\/uploads\/2023\/11\/camping-wifi-savoie.webp\"><img decoding=\"async\" width=\"1920\" height=\"1280\" src=\"https:\/\/www.ile-de-la-comtesse.com\/wp-content\/uploads\/2023\/11\/camping-wifi-savoie.webp\" alt=\"Mannelijke smartphoneconsultant thuis.\" class=\"wp-image-1298\" srcset=\"https:\/\/www.ile-de-la-comtesse.com\/wp-content\/uploads\/2023\/11\/camping-wifi-savoie.webp 1920w, https:\/\/www.ile-de-la-comtesse.com\/wp-content\/uploads\/2023\/11\/camping-wifi-savoie-300x200.webp 300w, https:\/\/www.ile-de-la-comtesse.com\/wp-content\/uploads\/2023\/11\/camping-wifi-savoie-1024x683.webp 1024w, https:\/\/www.ile-de-la-comtesse.com\/wp-content\/uploads\/2023\/11\/camping-wifi-savoie-768x512.webp 768w, https:\/\/www.ile-de-la-comtesse.com\/wp-content\/uploads\/2023\/11\/camping-wifi-savoie-1536x1024.webp 1536w\" sizes=\"(max-width: 1920px) 100vw, 1920px\" \/><\/a><\/figure>\n<\/div>\n<\/div>\n\n\r\n    <\/div>\r\n<\/section><section id=\"ls-section-block_de054a82869d5ac7eb714059babc817f\" class=\"ls-section  home-intro page-three background-blue has-m-t m-t-1 has-m-b m-b-3 has-p-b p-b-2\" >\r\n        <div class=\"container container--full\">\r\n        \n\n<div class=\"wp-block-columns are-vertically-aligned-center is-layout-flex wp-container-core-columns-is-layout-9d6595d7 wp-block-columns-is-layout-flex\">\n<div class=\"wp-block-column is-vertically-aligned-center left is-layout-flow wp-block-column-is-layout-flow\" style=\"flex-basis:55%\">\n<figure class=\"wp-block-image size-full animated fadeInLeft delay-100ms slow\"><a href=\"https:\/\/www.ile-de-la-comtesse.com\/wp-content\/uploads\/2023\/11\/epicerie-camping-savoie.webp\"><img decoding=\"async\" width=\"2048\" height=\"1356\" src=\"https:\/\/www.ile-de-la-comtesse.com\/wp-content\/uploads\/2023\/11\/epicerie-camping-savoie.webp\" alt=\"Kruidenierswinkel met klanten en producten in de schappen.\" class=\"wp-image-1308\" srcset=\"https:\/\/www.ile-de-la-comtesse.com\/wp-content\/uploads\/2023\/11\/epicerie-camping-savoie.webp 2048w, https:\/\/www.ile-de-la-comtesse.com\/wp-content\/uploads\/2023\/11\/epicerie-camping-savoie-300x199.webp 300w, https:\/\/www.ile-de-la-comtesse.com\/wp-content\/uploads\/2023\/11\/epicerie-camping-savoie-1024x678.webp 1024w, https:\/\/www.ile-de-la-comtesse.com\/wp-content\/uploads\/2023\/11\/epicerie-camping-savoie-768x509.webp 768w, https:\/\/www.ile-de-la-comtesse.com\/wp-content\/uploads\/2023\/11\/epicerie-camping-savoie-1536x1017.webp 1536w\" sizes=\"(max-width: 2048px) 100vw, 2048px\" \/><\/a><\/figure>\n<\/div>\n\n\n\n<div class=\"wp-block-column is-vertically-aligned-center right is-layout-flow wp-block-column-is-layout-flow\" style=\"flex-basis:45%\">\n<h2 class=\"ls__heading wp-block-heading animated fadeInRight delay-100ms slow\">Tot ziens bij  <br\/><strong>de camping kruidenier<\/strong><\/h2>\n\n\n\n<p class=\"ls-paragraph has-text-align-left\">Een vergissing? We hebben aan alles gedacht! Notre <strong>\u00e9picerie<\/strong> vous dispose de quelques <strong>rayons de produits alimentaires<\/strong>, un <strong>rayon frais<\/strong> ainsi qu\u2019une partie d\u00e9di\u00e9e \u00e0 <strong>l\u2019hygi\u00e8ne<\/strong> et aux <strong>produits<\/strong> <strong>m\u00e9nagers<\/strong>. Je zult versteld staan van wat we voor je kunnen doen. \ud83d\ude42  <\/p>\n\n\n\n<p class=\"ls-paragraph has-text-align-left\">De kruidenierswinkel is open <strong>van 8 tot 12 uur<\/strong> en <strong>van 17 tot 19 uur<\/strong>. De belangrijkste winkels liggen op 5 km van de Camping, dus je kunt net zo goed bij ons blijven \ud83d\ude42<\/p>\n<\/div>\n<\/div>\n\n\r\n    <\/div>\r\n<\/section><section id=\"ls-section-block_26cf35f60f293a77c6e45d42ded4e07a\" class=\"ls-section  home-intro page-five\" >\r\n        <div class=\"container container--full\">\r\n        \n\n<div class=\"wp-block-columns are-vertically-aligned-center is-layout-flex wp-container-core-columns-is-layout-9d6595d7 wp-block-columns-is-layout-flex\">\n<div class=\"wp-block-column is-vertically-aligned-center left is-layout-flow wp-block-column-is-layout-flow\" style=\"flex-basis:45%\">\n<h2 class=\"ls__heading wp-block-heading animated fadeInLeft delay-100ms slow\"><strong>Warm brood<\/strong> <br\/>elke ochtend<\/h2>\n\n\n\n<p class=\"ls-paragraph\">Comme nous faisons tout pour rendre votre s\u00e9jour le plus reposant et agr\u00e9able possible, vous avez sur place la possibilit\u00e9 de <strong>r\u00e9server du pain<\/strong> ainsi que des <strong>viennoiseries<\/strong> (r\u00e9servation la veille pour le lendemain). <\/p>\n\n\n\n<p class=\"ls-paragraph\">Voor zoetekauwen zijn er verschillende ontbijtformules beschikbaar <strong>om te eten of mee<\/strong> te nemen van <strong>8.00 tot 10.00 uur<\/strong>.<\/p>\n<\/div>\n\n\n\n<div class=\"wp-block-column is-vertically-aligned-center right is-layout-flow wp-block-column-is-layout-flow\" style=\"flex-basis:55%\">\n<figure class=\"wp-block-image size-full animated fadeInRight delay-100ms slow\"><a href=\"https:\/\/www.ile-de-la-comtesse.com\/wp-content\/uploads\/2023\/11\/pain-tous-les-matins-camping-ile-de-la-comtesse.webp\"><img decoding=\"async\" width=\"1024\" height=\"1024\" src=\"https:\/\/www.ile-de-la-comtesse.com\/wp-content\/uploads\/2023\/11\/pain-tous-les-matins-camping-ile-de-la-comtesse.webp\" alt=\"elke ochtend brood Camping ile de la comtesse\" class=\"wp-image-1502\" srcset=\"https:\/\/www.ile-de-la-comtesse.com\/wp-content\/uploads\/2023\/11\/pain-tous-les-matins-camping-ile-de-la-comtesse.webp 1024w, https:\/\/www.ile-de-la-comtesse.com\/wp-content\/uploads\/2023\/11\/pain-tous-les-matins-camping-ile-de-la-comtesse-300x300.webp 300w, https:\/\/www.ile-de-la-comtesse.com\/wp-content\/uploads\/2023\/11\/pain-tous-les-matins-camping-ile-de-la-comtesse-150x150.webp 150w, https:\/\/www.ile-de-la-comtesse.com\/wp-content\/uploads\/2023\/11\/pain-tous-les-matins-camping-ile-de-la-comtesse-768x768.webp 768w\" sizes=\"(max-width: 1024px) 100vw, 1024px\" \/><\/a><\/figure>\n<\/div>\n<\/div>\n\n\r\n    <\/div>\r\n<\/section><section id=\"ls-section-block_62db435cb8159c56819600192aafe242\" class=\"ls-section  home-piscine page-four has-m-t m-t-4 has-p-t p-t-2\" >\r\n        <div class=\"container container--full\">\r\n        \n\n<div class=\"wp-block-columns second is-layout-flex wp-container-core-columns-is-layout-9d6595d7 wp-block-columns-is-layout-flex\">\n<div class=\"wp-block-column is-layout-flow wp-block-column-is-layout-flow\">\n<h2 class=\"ls__heading wp-block-heading has-text-align-center\">  Meer nodig?  <br\/><strong>Extra verhuur<\/strong><\/h2>\n\n\n\n<p class=\"ls-paragraph has-text-align-center\">We hebben een aantal verhuurdiensten opgezet om je verblijf zo aangenaam mogelijk te maken. Voor een barbecue met het hele gezin hebben we <strong>barbecues te huur per dag<\/strong> en <strong>houtskool te koop in de kruidenierswinkel<\/strong>. Elektrische barbecues zijn niet toegestaan op de camping. Je kunt ook <strong>tafels en stoelen huren bij de receptie<\/strong>, evenals <strong>koelkasten<\/strong>.<\/p>\n\n\n\n<p class=\"ls-paragraph has-text-align-center\">Voor het comfort van je baby kun je bij de receptie een <strong>babypakket<\/strong> reserveren, <strong>dat<\/strong> bestaat uit: een <strong>kinderstoel<\/strong>, een <strong>badje<\/strong> en een<strong> kinderbedje<\/strong>. Un d\u00e9part en vacances est souvent synonyme d\u2019oubli, n&#8217;ayez pas d\u2019inqui\u00e9tudes, nous avons une option<strong> location literie<\/strong> ainsi que du<strong> linge de toilette<\/strong>.<\/p>\n\n\n\n<p class=\"ls-paragraph has-text-align-center\">Pour les <strong>amateurs<\/strong> <strong>de cyclisme <\/strong>ou pour une <strong>simple balade sur la Via Rh\u00f4na <\/strong>on vous propose plusieurs cr\u00e9neaux dans la journ\u00e9e pour <strong>louer nos v\u00e9los<\/strong>, nous avons \u00e9galement des <strong>v\u00e9los pour enfants<\/strong> (caution de 150\u20ac par v\u00e9lo). Aarzel niet om informatie te vragen wanneer je reserveert of om ons rechtstreeks te bellen.<\/p>\n<\/div>\n<\/div>\n\n\n\n<div class=\"wp-block-columns first is-layout-flex wp-container-core-columns-is-layout-9d6595d7 wp-block-columns-is-layout-flex\">\n<div class=\"wp-block-column is-layout-flow wp-block-column-is-layout-flow\" style=\"flex-basis:60%\">\n<figure class=\"wp-block-image size-full left\"><a href=\"https:\/\/www.ile-de-la-comtesse.com\/wp-content\/uploads\/2023\/11\/location-velos-enfants-adultes-camping-savoie.webp\"><img decoding=\"async\" width=\"1920\" height=\"1200\" src=\"https:\/\/www.ile-de-la-comtesse.com\/wp-content\/uploads\/2023\/11\/location-velos-enfants-adultes-camping-savoie.webp\" alt=\"Buiten fietsen met het gezin\" class=\"wp-image-1396\" srcset=\"https:\/\/www.ile-de-la-comtesse.com\/wp-content\/uploads\/2023\/11\/location-velos-enfants-adultes-camping-savoie.webp 1920w, https:\/\/www.ile-de-la-comtesse.com\/wp-content\/uploads\/2023\/11\/location-velos-enfants-adultes-camping-savoie-300x188.webp 300w, https:\/\/www.ile-de-la-comtesse.com\/wp-content\/uploads\/2023\/11\/location-velos-enfants-adultes-camping-savoie-1024x640.webp 1024w, https:\/\/www.ile-de-la-comtesse.com\/wp-content\/uploads\/2023\/11\/location-velos-enfants-adultes-camping-savoie-768x480.webp 768w, https:\/\/www.ile-de-la-comtesse.com\/wp-content\/uploads\/2023\/11\/location-velos-enfants-adultes-camping-savoie-1536x960.webp 1536w\" sizes=\"(max-width: 1920px) 100vw, 1920px\" \/><\/a><\/figure>\n<\/div>\n\n\n\n<div class=\"wp-block-column is-layout-flow wp-block-column-is-layout-flow\" style=\"flex-basis:40%\">\n<figure class=\"wp-block-image size-full right\"><a href=\"https:\/\/www.ile-de-la-comtesse.com\/wp-content\/uploads\/2023\/11\/location-literie-camping-ile-de-la-comtesse-savoie-scaled.webp\"><img decoding=\"async\" width=\"2048\" height=\"2048\" src=\"https:\/\/www.ile-de-la-comtesse.com\/wp-content\/uploads\/2023\/11\/location-literie-camping-ile-de-la-comtesse-savoie-scaled.webp\" alt=\"Jonge vrouw verborgen achter een wit dekbed.\" class=\"wp-image-1459\" srcset=\"https:\/\/www.ile-de-la-comtesse.com\/wp-content\/uploads\/2023\/11\/location-literie-camping-ile-de-la-comtesse-savoie-scaled.webp 2048w, https:\/\/www.ile-de-la-comtesse.com\/wp-content\/uploads\/2023\/11\/location-literie-camping-ile-de-la-comtesse-savoie-300x300.webp 300w, https:\/\/www.ile-de-la-comtesse.com\/wp-content\/uploads\/2023\/11\/location-literie-camping-ile-de-la-comtesse-savoie-1024x1024.webp 1024w, https:\/\/www.ile-de-la-comtesse.com\/wp-content\/uploads\/2023\/11\/location-literie-camping-ile-de-la-comtesse-savoie-150x150.webp 150w, https:\/\/www.ile-de-la-comtesse.com\/wp-content\/uploads\/2023\/11\/location-literie-camping-ile-de-la-comtesse-savoie-768x768.webp 768w, https:\/\/www.ile-de-la-comtesse.com\/wp-content\/uploads\/2023\/11\/location-literie-camping-ile-de-la-comtesse-savoie-1536x1536.webp 1536w\" sizes=\"(max-width: 2048px) 100vw, 2048px\" \/><\/a><\/figure>\n<\/div>\n<\/div>\n\n\r\n    <\/div>\r\n<\/section><section id=\"ls-section-block_b9d245908dae84c7428f899bc3c94a3f\" class=\"ls-section  page-maillage\" >\r\n        <div class=\"container container--wide\">\r\n        \n\n<div id=\"ls-heading ls-titre-div-block_70cbdc333ab294ad17a21526ee553bb2\" class=\"ls-titre-div aligncenter h2-like\" >\n    Ontdek ons restaurant, waterpark en huuraccommodatie!<\/div>\n\n\n<div id=\"ls-maillage-block_faf95078e69a2bcdfb469982a1f7682f\" class=\"ls-maillage cta-style-normal\" data-rows=\"3\">\r\n    <div class=\"wp-block-columns\"><div class=\"wp-block-column\">\n\n<a href=\"https:\/\/www.ile-de-la-comtesse.com\/nl\/restaurant-murs-et-gelignieux\/\" target=\"\" rel=\"noopener\" class=\"ls-cta__link\">\n\n\t<div class=\"ls-cta__image\"><img decoding=\"async\" src=\"https:\/\/www.ile-de-la-comtesse.com\/wp-content\/uploads\/2023\/11\/pizza-burguer-camping-snack-savoie-scaled.webp\" alt=\"pizza burguer camping snack savoie\"><\/div>\n\t<div class=\"ls-cta__title\">\n\t\tOns restaurant\t<\/div>\n\n\t\t\n<\/a><\/div><div class=\"wp-block-column\">\n\n<a href=\"https:\/\/www.ile-de-la-comtesse.com\/nl\/camping-aquatisch-gebied-murs-et-gelignieux\/\" target=\"\" rel=\"noopener\" class=\"ls-cta__link\">\n\n\t<div class=\"ls-cta__image\"><img decoding=\"async\" src=\"https:\/\/www.ile-de-la-comtesse.com\/wp-content\/uploads\/2023\/10\/camping-piscine-savoie.jpg\" alt=\"Camping zwembad savoie\"><\/div>\n\t<div class=\"ls-cta__title\">\n\t\tHet aquatische gebied\t<\/div>\n\n\t\t\n<\/a><\/div><div class=\"wp-block-column\">\n\n<a href=\"https:\/\/www.ile-de-la-comtesse.com\/nl\/locatie-mobil-home-murs-et-gelignieux\/\" target=\"\" rel=\"noopener\" class=\"ls-cta__link\">\n\n\t<div class=\"ls-cta__image\"><img decoding=\"async\" src=\"https:\/\/www.ile-de-la-comtesse.com\/wp-content\/uploads\/2023\/11\/lodge-camping-ile-de-la-comtesse-confort-scaled.webp\" alt=\"lodge camping ile de la comtesse confort\"><\/div>\n\t<div class=\"ls-cta__title\">\n\t\tOnze huuraccommodaties\t<\/div>\n\n\t\t\n<\/a><\/div><\/div><\/div>\n\r\n    <\/div>\r\n<\/section>","protected":false},"excerpt":{"rendered":"","protected":false},"author":1,"featured_media":1373,"parent":0,"menu_order":0,"comment_status":"closed","ping_status":"closed","template":"","meta":{"_acf_changed":false,"_seopress_robots_primary_cat":"","_seopress_titles_title":"Diensten op de Camping bij Lac Bourget, Savoie","_seopress_titles_desc":"Onze Camping staat garant voor comfort en gemak: een warm welkom, kruidenierswinkel, Wi-Fi, fietsverhuur, en geniet van onze gastronomische ontbijtopties.","_seopress_robots_index":"","inline_featured_image":false,"footnotes":""},"sujet":[],"class_list":["post-3753","page","type-page","status-publish","has-post-thumbnail","hentry"],"acf":[],"_links":{"self":[{"href":"https:\/\/www.ile-de-la-comtesse.com\/nl\/wp-json\/wp\/v2\/pages\/3753","targetHints":{"allow":["GET"]}}],"collection":[{"href":"https:\/\/www.ile-de-la-comtesse.com\/nl\/wp-json\/wp\/v2\/pages"}],"about":[{"href":"https:\/\/www.ile-de-la-comtesse.com\/nl\/wp-json\/wp\/v2\/types\/page"}],"author":[{"embeddable":true,"href":"https:\/\/www.ile-de-la-comtesse.com\/nl\/wp-json\/wp\/v2\/users\/1"}],"replies":[{"embeddable":true,"href":"https:\/\/www.ile-de-la-comtesse.com\/nl\/wp-json\/wp\/v2\/comments?post=3753"}],"version-history":[{"count":7,"href":"https:\/\/www.ile-de-la-comtesse.com\/nl\/wp-json\/wp\/v2\/pages\/3753\/revisions"}],"predecessor-version":[{"id":4881,"href":"https:\/\/www.ile-de-la-comtesse.com\/nl\/wp-json\/wp\/v2\/pages\/3753\/revisions\/4881"}],"wp:featuredmedia":[{"embeddable":true,"href":"https:\/\/www.ile-de-la-comtesse.com\/nl\/wp-json\/wp\/v2\/media\/1373"}],"wp:attachment":[{"href":"https:\/\/www.ile-de-la-comtesse.com\/nl\/wp-json\/wp\/v2\/media?parent=3753"}],"wp:term":[{"taxonomy":"sujet","embeddable":true,"href":"https:\/\/www.ile-de-la-comtesse.com\/nl\/wp-json\/wp\/v2\/sujet?post=3753"}],"curies":[{"name":"wp","href":"https:\/\/api.w.org\/{rel}","templated":true}]}}