{"id":3766,"date":"2023-10-19T11:28:33","date_gmt":"2023-10-19T09:28:33","guid":{"rendered":"https:\/\/www.ile-de-la-comtesse.com\/legale-erwaehnungen\/"},"modified":"2023-12-21T13:22:09","modified_gmt":"2023-12-21T12:22:09","slug":"legale-erwaehnungen","status":"publish","type":"page","link":"https:\/\/www.ile-de-la-comtesse.com\/de\/legale-erwaehnungen\/","title":{"rendered":"Rechtliche Hinweise"},"content":{"rendered":"\n<div class=\"wp-block-group\" style=\"margin-top:var(--wp--preset--spacing--80);margin-bottom:var(--wp--preset--spacing--80);padding-top:var(--wp--preset--spacing--60);padding-bottom:var(--wp--preset--spacing--60)\"><div class=\"wp-block-group__inner-container is-layout-constrained wp-container-core-group-is-layout-e025d9cf wp-block-group-is-layout-constrained\">\n<h1 class=\"ls__heading wp-block-heading has-text-align-center\">Rechtliche Hinweise<\/h1>\n\n\n\n<p class=\"ls-paragraph has-text-align-center\">Hier finden Sie die rechtlichen Hinweise der Website unseres Campings.<\/p>\n\n\n\n<h2 class=\"ls__heading wp-block-heading has-text-align-center\">HERAUSGEBER DER WEBSITE<\/h2>\n\n\n\n<p class=\"ls-paragraph has-text-align-center\">Unternehmen: Camping Ile de la Comtesse<br\/>SIRET-Nummer: 494 744 022 000 18<br\/>SIREN: 494 744 022<br\/>APE-Code: 5530Z<br\/>Adresse: Route des Arbrets,<br\/>01300 Mur und G\u00e9lignieux<br\/>Email: camping.comtesse@orange.fr<br\/>Verantwortlich f\u00fcr die Ver\u00f6ffentlichung: Mr Boiteux Ludovic<\/p>\n\n\n\n<h2 class=\"ls__heading wp-block-heading has-text-align-center\">REALISIERUNG<\/h2>\n\n\n\n<p class=\"ls-paragraph has-text-align-center\"><strong>GEEK TONIC<\/strong>, vertreten durch Herrn Yohan Darmayan in seiner Eigenschaft als Gesch\u00e4ftsf\u00fchrer<br\/>Hauptsitz: 50 Avenue du Lac Marion 64200 Biarritz<br\/>Tel: 05 32 74 11 52<br\/>E-Mail: support@geek-tonic.com<br\/>Website: <a href=\"https:\/\/www.geek-tonic.com\/\" target=\"_blank\" rel=\"noreferrer noopener\">www.geek-tonic.com<\/a><br\/>SIRET: 89746755100015<br\/>APE: 6201Z<\/p>\n\n\n\n<h2 class=\"ls__heading wp-block-heading has-text-align-center\">URHEBERRECHT UND URHEBERRECHT<\/h2>\n\n\n\n<p class=\"ls-paragraph has-text-align-center\">Der gesamte Inhalt dieser Website unterliegt dem Urheberrecht sowie dem geistigen Eigentum der franz\u00f6sischen Gesetzgebung.<br\/>Jegliche Vervielf\u00e4ltigung (einschlie\u00dflich Fotos, Icons und herunterladbarer Dokumente) ist ohne vorherige Zustimmung von GEEK TONIC untersagt.<br\/>Die Vervielf\u00e4ltigung der gesamten oder eines Teils der Website auf einem elektronischen Datentr\u00e4ger in einem Papier- oder elektronischen Format ist untersagt.<br\/>GEEK TONIC \u00fcbernimmt keine Verantwortung f\u00fcr den Inhalt auf der Website.<br\/>GEEK TONIC \u00fcbernimmt auch keine Verantwortung f\u00fcr externe Links, die auf die vorliegende Seite verweisen.<\/p>\n\n\n\n<h2 class=\"ls__heading wp-block-heading has-text-align-center\">PERS\u00d6NLICHE DATEN UND NAMENTLICHE INFORMATIONEN<\/h2>\n\n\n\n<p class=\"ls-paragraph has-text-align-center\">Sie haben ein Recht auf Zugang, \u00c4nderung, Berichtigung und L\u00f6schung der Sie betreffenden Daten gem\u00e4\u00df Artikel 34 des Gesetzes &#8222;Informatique et Libert\u00e9s&#8220; Nr. 78-17 vom 6. Januar 1978, ge\u00e4ndert am 6. August 2018.<br\/>Um dieses Recht auf Zugang zu entfalten, k\u00f6nnen Sie dies durch eine einfache schriftliche Anfrage an den Herausgeber der Website tun.<\/p>\n\n\n\n<h2 class=\"ls__heading wp-block-heading has-text-align-center\">LEGISLATION<\/h2>\n\n\n\n<p class=\"ls-paragraph has-text-align-center\">Gem\u00e4\u00df dem Gesetz vom 11. M\u00e4rz 1957 (Art. 41) und dem Gesetz \u00fcber geistiges Eigentum vom 1. Juli 1992 ist es verboten, einen Teil der Website ohne vorherige Genehmigung des Herausgebers der Website teilweise oder vollst\u00e4ndig zu reproduzieren.<br\/>Logos, Visualisierungen, Fotos, Videos, Grafikcharts und Texte sind Eigentum ihrer jeweiligen Besitzer.<br\/>Diese Website kann ohne ihr Wissen mit anderen Websites \u00fcber Hypermedia-Links verbunden worden sein. Der Herausgeber der Website \u00fcbernimmt keine Verantwortung f\u00fcr die Informationen, die auf diesen anderen Websites dargestellt werden.<br\/>Der Internetnutzer erkennt an, dass die Nutzung dieser Website dem franz\u00f6sischen Recht unterliegt.<\/p>\n<\/div><\/div>\n","protected":false},"excerpt":{"rendered":"<p>Rechtliche Hinweise Hier finden Sie die rechtlichen Hinweise der Website unseres Campings. HERAUSGEBER DER WEBSITE Unternehmen: Camping Ile de la ComtesseSIRET-Nummer: 494 744 022 000 18SIREN: 494 744 022APE-Code: 5530ZAdresse: Route des Arbrets,01300 Mur und G\u00e9lignieuxEmail: camping.comtesse@orange.frVerantwortlich f\u00fcr die Ver\u00f6ffentlichung: Mr Boiteux Ludovic REALISIERUNG GEEK TONIC, vertreten durch Herrn Yohan Darmayan in seiner Eigenschaft als [&hellip;]<\/p>\n","protected":false},"author":1,"featured_media":0,"parent":0,"menu_order":0,"comment_status":"closed","ping_status":"closed","template":"","meta":{"_acf_changed":false,"_seopress_robots_primary_cat":"","_seopress_titles_title":"","_seopress_titles_desc":"","_seopress_robots_index":"yes","inline_featured_image":false,"footnotes":""},"sujet":[],"class_list":["post-3766","page","type-page","status-publish","hentry"],"acf":[],"_links":{"self":[{"href":"https:\/\/www.ile-de-la-comtesse.com\/de\/wp-json\/wp\/v2\/pages\/3766","targetHints":{"allow":["GET"]}}],"collection":[{"href":"https:\/\/www.ile-de-la-comtesse.com\/de\/wp-json\/wp\/v2\/pages"}],"about":[{"href":"https:\/\/www.ile-de-la-comtesse.com\/de\/wp-json\/wp\/v2\/types\/page"}],"author":[{"embeddable":true,"href":"https:\/\/www.ile-de-la-comtesse.com\/de\/wp-json\/wp\/v2\/users\/1"}],"replies":[{"embeddable":true,"href":"https:\/\/www.ile-de-la-comtesse.com\/de\/wp-json\/wp\/v2\/comments?post=3766"}],"version-history":[{"count":3,"href":"https:\/\/www.ile-de-la-comtesse.com\/de\/wp-json\/wp\/v2\/pages\/3766\/revisions"}],"predecessor-version":[{"id":4777,"href":"https:\/\/www.ile-de-la-comtesse.com\/de\/wp-json\/wp\/v2\/pages\/3766\/revisions\/4777"}],"wp:attachment":[{"href":"https:\/\/www.ile-de-la-comtesse.com\/de\/wp-json\/wp\/v2\/media?parent=3766"}],"wp:term":[{"taxonomy":"sujet","embeddable":true,"href":"https:\/\/www.ile-de-la-comtesse.com\/de\/wp-json\/wp\/v2\/sujet?post=3766"}],"curies":[{"name":"wp","href":"https:\/\/api.w.org\/{rel}","templated":true}]}}