{"id":3761,"date":"2023-10-19T11:27:57","date_gmt":"2023-10-19T09:27:57","guid":{"rendered":"https:\/\/www.ile-de-la-comtesse.com\/vermietung-standort-mauern-und-gelignieux\/"},"modified":"2023-12-21T13:17:17","modified_gmt":"2023-12-21T12:17:17","slug":"vermietung-standort-murs-et-gelignieux","status":"publish","type":"page","link":"https:\/\/www.ile-de-la-comtesse.com\/de\/vermietung-standort-murs-et-gelignieux\/","title":{"rendered":"Standorte"},"content":{"rendered":"<section id=\"ls-section-block_23e04e3f0a0378e803186779745fa306\" class=\"ls-section  page-emplacement-one has-m-b m-b-0 has-p-b p-b-0\" >\r\n        <div class=\"container \">\r\n        \n\n<h1 class=\"ls__heading wp-block-heading has-text-align-center\">Traditionelles Camping! Mieten Sie einen Stellplatz in der N\u00e4he von Savoyen<\/h1>\n\n\n\n<h2 class=\"ls__heading wp-block-heading has-text-align-center\">Entscheiden Sie sich f\u00fcr einen Caravaning-Stellplatz 30 Minuten vom Lac du Bourget entfernt<\/h2>\n\n\n\n<p class=\"ls-paragraph has-text-align-center\">Unser <a href=\"https:\/\/www.ile-de-la-comtesse.com\/de\/\" data-type=\"page\" data-id=\"192\">Campingplatz in Savoyen<\/a> bietet Ihnen die M\u00f6glichkeit, <strong>auf hochwertigen Camping-Stellpl\u00e4tzen zu \u00fcbernachten<\/strong>, die vollst\u00e4ndig mit <strong>Rasen<\/strong> und <strong>Strom<\/strong> <strong>ausgestattet<\/strong> sind. Unsere Stellpl\u00e4tze garantieren Ihnen ein praktisches und modernes Campingerlebnis.<\/p>\n\n\n\n<p class=\"ls-paragraph has-text-align-center\">Die <strong>privilegierten Stellpl\u00e4tze<\/strong> bieten Ihnen einen <strong>idyllischen Blick auf die Wasserfl\u00e4che von Cuchet und den Berg von St Maurice Rotherens<\/strong>. Diese Stellpl\u00e4tze bieten Ihnen in der Regel mehr Platz. Die privilegierten Stellpl\u00e4tze sind alle mit 6A Strom ausgestattet. Bringen Sie <strong>europ\u00e4ische Steckdosen mit CE-Norm <\/strong>mit, um sich an den Strom anschlie\u00dfen zu k\u00f6nnen, sowie ein Verl\u00e4ngerungskabel; falls Sie es vergessen, k\u00f6nnen Sie es an der Rezeption mieten.<\/p>\n\n\n\n<p class=\"ls-paragraph has-text-align-center\">Ob f\u00fcr einen kurzen oder langen Aufenthalt, mit dem Fahrrad, dem Wohnwagen, dem Wohnmobil oder nur mit dem Rucksack, unsere Stellpl\u00e4tze sind <a href=\"https:\/\/www.ile-de-la-comtesse.com\/de\/camping-keiner-schlechteren-murs-et-gelignieux\/\" data-type=\"page\" data-id=\"207\">auf dem Campingplatz in Savoyen<\/a> zum besten Preis zu haben. Unsere Mitarbeiter werden ihr Bestes tun, um Ihnen einen reibungslosen Aufenthalt zu garantieren.  <\/p>\n\n\n\n<p class=\"ls-paragraph has-text-align-center\">M\u00f6chten Sie mehr Komfort genie\u00dfen oder einen atypischen Aufenthalt erleben? Entdecken Sie unsere <a href=\"https:\/\/www.ile-de-la-comtesse.com\/de\/vermietung-mobil-home-murs-et-gelignieux\/\" data-type=\"page\" data-id=\"205\">Mietunterk\u00fcnfte 30 Minuten vom See von Bourget<\/a> entfernt: Chalets, Lodges oder Mobilheime.<\/p>\n\n\n\n<div class=\"wp-block-columns first is-layout-flex wp-container-core-columns-is-layout-9d6595d7 wp-block-columns-is-layout-flex\">\n<div class=\"wp-block-column animated backInDown delay-100ms slow is-layout-flow wp-block-column-is-layout-flow\">\n<i class=\"comtesse-spacieux\"><\/i>\n\n\n\n<p class=\"ls-paragraph has-text-align-center\"><strong>Ger\u00e4umig<\/strong><br\/>Gro\u00dfe Grundst\u00fccke<br\/>\u00fcber 100m\u00b2<\/p>\n<\/div>\n\n\n\n<div class=\"wp-block-column animated backInDown delay-100ms slow is-layout-flow wp-block-column-is-layout-flow\">\n<i class=\"comtesse-nature\"><\/i>\n\n\n\n<p class=\"ls-paragraph has-text-align-center\"><strong>Natur<\/strong><br\/>Flach, B\u00e4ume<br\/>und grasbewachsen<\/p>\n<\/div>\n\n\n\n<div class=\"wp-block-column animated backInDown delay-300ms slow delay-100ms is-layout-flow wp-block-column-is-layout-flow\">\n<i class=\"comtesse-confort\"><\/i>\n\n\n\n<p class=\"ls-paragraph has-text-align-center\"><strong>Hoher Komfort<\/strong><br\/>10A, Wasser  <br\/>+ Abwasserkanal<\/p>\n<\/div>\n\n\n\n<div class=\"wp-block-column animated backInDown delay-400ms slow delay-100ms is-layout-flow wp-block-column-is-layout-flow\">\n<i class=\"comtesse-paysage\"><\/i>\n\n\n\n<p class=\"ls-paragraph has-text-align-center\"><strong>Landschaft<\/strong><br\/>Blick Rhone,<br\/>Berge, Schwimmb\u00e4der<\/p>\n<\/div>\n<\/div>\n\n\r\n    <\/div>\r\n<\/section><section id=\"ls-section-block_8c5ffb261200b536116ff99133f549f9\" class=\"ls-section  page-emplacement-two has-m-t m-t-0 has-m-b m-b-0 has-p-t p-t-0 has-p-b p-b-0 has-p-l p-l-16 has-p-r p-r-16\" >\r\n        <div class=\"container container--full\">\r\n        \n\n<div id=\"ls-hebergements-block_47c3faf7a85f97366bc6c5414d4c5355\" class=\"ls-hebergements\">\n\n    <div class=\"ls-customizer\">\n\n    <div class=\"ls-customizer__filters\">\n        <div class=\"ls-customizer__filters__close\">\n            <i class=\"fas fa-times\"><\/i>\n        <\/div>\n\n        <div class=\"ls-customizer__filters__title\">\n            <b>Filter<\/b>\n            <span class=\"ls-customizer__filters__clear\"><i class=\"fas fa-times\"><\/i> Filter l\u00f6schen<\/span>\n        <\/div>\n\n                \n        <!-- Filtres ACF fields -->\n        \n                                <!-- Filtre nombre_de_personnes -->\n                        <div class=\"filter\" id=\"filter-nombre_de_personnes\">\n                <div class=\"filter__title\">Maximale Kapazit\u00e4t<i class=\"fas fa-angle-down\"><\/i><\/div>\n                <fieldset data-filter=\"nombre_de_personnes\" data-operator=\"<=\" class=\"input\">\n                    \n                    <div><input type=\"radio\" name=\"nombre_de_personnes\" id=\"nombre_de_personnes-all\"  class=\"checkbox\" \/><label for='nombre_de_personnes-all'>Alle<\/label><\/div><div><input type=\"radio\" name=\"nombre_de_personnes\" id=\"nombre_de_personnes-4\" value=\"4\" class=\"checkbox\"  \/><label for='nombre_de_personnes-4'>Bis zu 4 pers.<\/label><\/div><div><input type=\"radio\" name=\"nombre_de_personnes\" id=\"nombre_de_personnes-5\" value=\"5\" class=\"checkbox\"  \/><label for='nombre_de_personnes-5'>Bis zu 5 pers.<\/label><\/div><div><input type=\"radio\" name=\"nombre_de_personnes\" id=\"nombre_de_personnes-6\" value=\"6\" class=\"checkbox\"  \/><label for='nombre_de_personnes-6'>Bis zu 6 pers.<\/label><\/div>                <\/fieldset>\n            <\/div>\n                                <!-- Filtre nombre_de_chambres -->\n                        <div class=\"filter\" id=\"filter-nombre_de_chambres\">\n                <div class=\"filter__title\">Anzahl der Zimmer<i class=\"fas fa-angle-down\"><\/i><\/div>\n                <fieldset data-filter=\"nombre_de_chambres\" data-operator=\"==\" class=\"input\">\n                    \n                    <div><input type=\"radio\" name=\"nombre_de_chambres\" id=\"nombre_de_chambres-all\"  class=\"checkbox\" \/><label for='nombre_de_chambres-all'>Alle<\/label><\/div><div><input type=\"radio\" name=\"nombre_de_chambres\" id=\"nombre_de_chambres-2\" value=\"2\" class=\"checkbox\"  \/><label for='nombre_de_chambres-2'>2<\/label><\/div><div><input type=\"radio\" name=\"nombre_de_chambres\" id=\"nombre_de_chambres-3\" value=\"3\" class=\"checkbox\"  \/><label for='nombre_de_chambres-3'>3<\/label><\/div>                <\/fieldset>\n            <\/div>\n                    \n        <div id=\"validate-filters\" class=\"ls-button\">Auswahl best\u00e4tigen<\/div>\n\n        \n    <\/div>\n\n    \n\n<\/div><div class=\"ls-hebergements__results\" data-row=\"3\" data-campings=\"false\" data-types=\"[31]\"><div class=\"ls-hebergement\" data-postid='3832' data-id-reservation='39620' data-id-site='' data-id1='' data-nombre_de_personnes='6' data-nombre_de_chambres='' data-last-update='' data-type='cycliste emplacements'>\n\t<div class=\"ls-hebergement__thumb\">\n\t\t\t\t<img decoding=\"async\" src=\"https:\/\/www.ile-de-la-comtesse.com\/wp-content\/uploads\/2023\/11\/forfait-special-cycliste.webp\" alt=\"Spezielle Radfahrerpauschale\" \/>\n\t<\/div>\n\t \n\t<div class=\"ls-hebergement__content\">\n\t\t<div class=\"ls-hebergement__title\">\n\t\t\tSpezielle Radfahrerpauschale\t\t<\/div>\n\n\t\t<div class=\"ls-hebergement__disponibilite ls-button aligncenter\">\n\t\t\t<span class=\"text\">Entdecken Sie<\/span><span class=\"comtesse-right-arrow\"><\/span>\n\t\t<\/div>\n\n\t\t<div class=\"ls-hebergement__details\">\n\n\t\t\t<div class=\"ls-hebergement__icons\">\n\n\t\t\t\t\t\t\t\t\t<span class=\"ls-hebergement__icon\">\n\t\t\t\t\t\t<i class=\"comtesse-famille\"><\/i>\n\t\t\t\t\t\t<span>6<\/span>\n\t\t\t\t\t<\/span>\n\t\t\t\t\n\t\t\t\t\n\t\t\t\t\n\t\t\t\t\t\t\t\t\t<span class=\"ls-hebergement__icon\">\n\t\t\t\t\t\t<i class=\"comtesse-surface\"><\/i>\n\t\t\t\t\t\t<span>80m\u00b2<\/span>\n\t\t\t\t\t<\/span>\n\t\t\t\t\n\n\n\t\t\t\t\n\t\t\t<\/div>\n\t\t<\/div>\n\t<\/div>\n<\/div><div class=\"ls-hebergement\" data-postid='3823' data-id-reservation='14640' data-id-site='' data-id1='' data-nombre_de_personnes='6' data-nombre_de_chambres='' data-last-update='' data-type='au-bord-de-leau forfait'>\n\t<div class=\"ls-hebergement__thumb\">\n\t\t\t\t<img decoding=\"async\" src=\"https:\/\/www.ile-de-la-comtesse.com\/wp-content\/uploads\/2023\/11\/forfait-privilege-pres-de-la-riviere-avec-electricite-6a.webp\" alt=\"Privilege Package, in der N\u00e4he des Flusses mit Strom 6A\" \/>\n\t<\/div>\n\t \n\t<div class=\"ls-hebergement__content\">\n\t\t<div class=\"ls-hebergement__title\">\n\t\t\tPrivilege Package, in der N\u00e4he des Flusses mit Strom 6A\t\t<\/div>\n\n\t\t<div class=\"ls-hebergement__disponibilite ls-button aligncenter\">\n\t\t\t<span class=\"text\">Entdecken Sie<\/span><span class=\"comtesse-right-arrow\"><\/span>\n\t\t<\/div>\n\n\t\t<div class=\"ls-hebergement__details\">\n\n\t\t\t<div class=\"ls-hebergement__icons\">\n\n\t\t\t\t\t\t\t\t\t<span class=\"ls-hebergement__icon\">\n\t\t\t\t\t\t<i class=\"comtesse-famille\"><\/i>\n\t\t\t\t\t\t<span>6<\/span>\n\t\t\t\t\t<\/span>\n\t\t\t\t\n\t\t\t\t\n\t\t\t\t\n\t\t\t\t\t\t\t\t\t<span class=\"ls-hebergement__icon\">\n\t\t\t\t\t\t<i class=\"comtesse-surface\"><\/i>\n\t\t\t\t\t\t<span>100m\u00b2<\/span>\n\t\t\t\t\t<\/span>\n\t\t\t\t\n\n\n\t\t\t\t\n\t\t\t<\/div>\n\t\t<\/div>\n\t<\/div>\n<\/div><div class=\"ls-hebergement\" data-postid='3840' data-id-reservation='50116' data-id-site='' data-id1='' data-nombre_de_personnes='6' data-nombre_de_chambres='' data-last-update='' data-type='emplacements forfait'>\n\t<div class=\"ls-hebergement__thumb\">\n\t\t\t\t<img decoding=\"async\" src=\"https:\/\/www.ile-de-la-comtesse.com\/wp-content\/uploads\/2023\/11\/forfait-grand-confort-avec-eau-egout-et-electricite-10a.webp\" alt=\"Grand Comfort Package mit Wasser, Abwasser und Strom 10A\" \/>\n\t<\/div>\n\t \n\t<div class=\"ls-hebergement__content\">\n\t\t<div class=\"ls-hebergement__title\">\n\t\t\tGrand Comfort Package mit Wasser, Abwasser und Strom 10A\t\t<\/div>\n\n\t\t<div class=\"ls-hebergement__disponibilite ls-button aligncenter\">\n\t\t\t<span class=\"text\">Entdecken Sie<\/span><span class=\"comtesse-right-arrow\"><\/span>\n\t\t<\/div>\n\n\t\t<div class=\"ls-hebergement__details\">\n\n\t\t\t<div class=\"ls-hebergement__icons\">\n\n\t\t\t\t\t\t\t\t\t<span class=\"ls-hebergement__icon\">\n\t\t\t\t\t\t<i class=\"comtesse-famille\"><\/i>\n\t\t\t\t\t\t<span>6<\/span>\n\t\t\t\t\t<\/span>\n\t\t\t\t\n\t\t\t\t\n\t\t\t\t\n\t\t\t\t\t\t\t\t\t<span class=\"ls-hebergement__icon\">\n\t\t\t\t\t\t<i class=\"comtesse-surface\"><\/i>\n\t\t\t\t\t\t<span>100m\u00b2<\/span>\n\t\t\t\t\t<\/span>\n\t\t\t\t\n\n\n\t\t\t\t\n\t\t\t<\/div>\n\t\t<\/div>\n\t<\/div>\n<\/div><div class=\"ls-hebergement\" data-postid='3838' data-id-reservation='14639' data-id-site='' data-id1='' data-nombre_de_personnes='6' data-nombre_de_chambres='' data-last-update='' data-type='emplacements forfait'>\n\t<div class=\"ls-hebergement__thumb\">\n\t\t\t\t<img decoding=\"async\" src=\"https:\/\/www.ile-de-la-comtesse.com\/wp-content\/uploads\/2023\/11\/forfait-confort-avec-electricite-6a-.webp\" alt=\"Pauschale Komfort mit Strom 6A\" \/>\n\t<\/div>\n\t \n\t<div class=\"ls-hebergement__content\">\n\t\t<div class=\"ls-hebergement__title\">\n\t\t\tPauschale Komfort mit Strom 6A\t\t<\/div>\n\n\t\t<div class=\"ls-hebergement__disponibilite ls-button aligncenter\">\n\t\t\t<span class=\"text\">Entdecken Sie<\/span><span class=\"comtesse-right-arrow\"><\/span>\n\t\t<\/div>\n\n\t\t<div class=\"ls-hebergement__details\">\n\n\t\t\t<div class=\"ls-hebergement__icons\">\n\n\t\t\t\t\t\t\t\t\t<span class=\"ls-hebergement__icon\">\n\t\t\t\t\t\t<i class=\"comtesse-famille\"><\/i>\n\t\t\t\t\t\t<span>6<\/span>\n\t\t\t\t\t<\/span>\n\t\t\t\t\n\t\t\t\t\n\t\t\t\t\n\t\t\t\t\t\t\t\t\t<span class=\"ls-hebergement__icon\">\n\t\t\t\t\t\t<i class=\"comtesse-surface\"><\/i>\n\t\t\t\t\t\t<span>100m\u00b2<\/span>\n\t\t\t\t\t<\/span>\n\t\t\t\t\n\n\n\t\t\t\t\n\t\t\t<\/div>\n\t\t<\/div>\n\t<\/div>\n<\/div><div class=\"ls-hebergement\" data-postid='3820' data-id-reservation='9479' data-id-site='' data-id1='' data-nombre_de_personnes='6' data-nombre_de_chambres='' data-last-update='' data-type='emplacements forfait'>\n\t<div class=\"ls-hebergement__thumb\">\n\t\t\t\t<img decoding=\"async\" src=\"https:\/\/www.ile-de-la-comtesse.com\/wp-content\/uploads\/2023\/11\/forfait-nature.webp\" alt=\"Nature-Pauschale\" \/>\n\t<\/div>\n\t \n\t<div class=\"ls-hebergement__content\">\n\t\t<div class=\"ls-hebergement__title\">\n\t\t\tNature-Pauschale\t\t<\/div>\n\n\t\t<div class=\"ls-hebergement__disponibilite ls-button aligncenter\">\n\t\t\t<span class=\"text\">Entdecken Sie<\/span><span class=\"comtesse-right-arrow\"><\/span>\n\t\t<\/div>\n\n\t\t<div class=\"ls-hebergement__details\">\n\n\t\t\t<div class=\"ls-hebergement__icons\">\n\n\t\t\t\t\t\t\t\t\t<span class=\"ls-hebergement__icon\">\n\t\t\t\t\t\t<i class=\"comtesse-famille\"><\/i>\n\t\t\t\t\t\t<span>6<\/span>\n\t\t\t\t\t<\/span>\n\t\t\t\t\n\t\t\t\t\n\t\t\t\t\n\t\t\t\t\t\t\t\t\t<span class=\"ls-hebergement__icon\">\n\t\t\t\t\t\t<i class=\"comtesse-surface\"><\/i>\n\t\t\t\t\t\t<span>100m\u00b2<\/span>\n\t\t\t\t\t<\/span>\n\t\t\t\t\n\n\n\t\t\t\t\n\t\t\t<\/div>\n\t\t<\/div>\n\t<\/div>\n<\/div><\/div><\/div>\n\r\n    <\/div>\r\n<\/section><section id=\"ls-section-block_71164aaf873a8c49f0244564b3af285e\" class=\"ls-section  home-intro page-five background-blue\" >\r\n        <div class=\"container container--full\">\r\n        \n\n<div class=\"wp-block-columns are-vertically-aligned-center is-layout-flex wp-container-core-columns-is-layout-9d6595d7 wp-block-columns-is-layout-flex\">\n<div class=\"wp-block-column is-vertically-aligned-center left is-layout-flow wp-block-column-is-layout-flow\" style=\"flex-basis:45%\">\n<h2 class=\"ls__heading wp-block-heading animated fadeInLeft delay-100ms slow\">Komfort gesichert :<br\/><strong>unsere hochwertigen Sanit\u00e4ranlagen<\/strong><\/h2>\n\n\n\n<p class=\"ls-paragraph\">Unsere Sanit\u00e4ranlagen auf dem Campingplatz definieren den Komfort im Freien neu.  <\/p>\n\n\n\n<p class=\"ls-paragraph\">Unsere <strong>Sanit\u00e4ranlagen<\/strong> befinden sich im <strong>Zentrum des Campings<\/strong> und sind <strong>rund um die Uhr zug\u00e4nglich<\/strong>. Warme Duschen, ger\u00e4umige Kabinen, Haartrockner und Steckdosen &#8211; alles ist f\u00fcr Ihren Komfort gedacht.  <\/p>\n\n\n\n<p class=\"ls-paragraph\">Unsere R\u00e4ume werden zwei- bis dreimal t\u00e4glich gereinigt und bieten eine un\u00fcbertroffene Sauberkeit. <strong>Geschirrsp\u00fclstellen <\/strong>sind auf beiden Seiten des Geb\u00e4udes zug\u00e4nglich.<\/p>\n\n\n\n<p class=\"ls-paragraph\">Ein Raum, der mit einer sanit\u00e4ren Dusche und einem Waschbecken ausgestattet ist, ist <strong>nur f\u00fcr Menschen mit eingeschr\u00e4nkter Mobilit\u00e4t bestimmt<\/strong>. Eine <strong>Kabine mit Badewanne und Wickeltisch <\/strong>ist ebenfalls zug\u00e4nglich.<\/p>\n<\/div>\n\n\n\n<div class=\"wp-block-column is-vertically-aligned-center right is-layout-flow wp-block-column-is-layout-flow\" style=\"flex-basis:55%\">\n<iframe width=\"100%\" height=\"480\" src=\"https:\/\/my.matterport.com\/show\/?m=PM4HjB3YCpJ&#038;lp=1&#038;lang=fr\" frameborder=\"0\" allowfullscreen=\"\" allow=\"xr-spatial-tracking\"><\/iframe>\n<\/div>\n<\/div>\n\n\r\n    <\/div>\r\n<\/section><section id=\"ls-section-block_52deac35203917bdcec4df379a9e183a\" class=\"ls-section  page-three has-m-t m-t-1 has-m-b m-b-3 has-p-b p-b-2\" >\r\n        <div class=\"container container--full\">\r\n        \n\n<div class=\"wp-block-columns are-vertically-aligned-center is-layout-flex wp-container-core-columns-is-layout-9d6595d7 wp-block-columns-is-layout-flex\">\n<div class=\"wp-block-column is-vertically-aligned-center left is-layout-flow wp-block-column-is-layout-flow\" style=\"flex-basis:55%\">\n<figure class=\"wp-block-image size-full animated fadeInLeft delay-100ms slow\"><a href=\"https:\/\/www.ile-de-la-comtesse.com\/wp-content\/uploads\/2023\/11\/camping-savoie-location-barbecue-parasols-tables-chaises.webp\"><img decoding=\"async\" width=\"1920\" height=\"1200\" src=\"https:\/\/www.ile-de-la-comtesse.com\/wp-content\/uploads\/2023\/11\/camping-savoie-location-barbecue-parasols-tables-chaises.webp\" alt=\"camping savoie vermietung grill sonnenschirme tische st&#xFC;hle\" class=\"wp-image-2790\" srcset=\"https:\/\/www.ile-de-la-comtesse.com\/wp-content\/uploads\/2023\/11\/camping-savoie-location-barbecue-parasols-tables-chaises.webp 1920w, https:\/\/www.ile-de-la-comtesse.com\/wp-content\/uploads\/2023\/11\/camping-savoie-location-barbecue-parasols-tables-chaises-300x188.webp 300w, https:\/\/www.ile-de-la-comtesse.com\/wp-content\/uploads\/2023\/11\/camping-savoie-location-barbecue-parasols-tables-chaises-1024x640.webp 1024w, https:\/\/www.ile-de-la-comtesse.com\/wp-content\/uploads\/2023\/11\/camping-savoie-location-barbecue-parasols-tables-chaises-768x480.webp 768w, https:\/\/www.ile-de-la-comtesse.com\/wp-content\/uploads\/2023\/11\/camping-savoie-location-barbecue-parasols-tables-chaises-1536x960.webp 1536w\" sizes=\"(max-width: 1920px) 100vw, 1920px\" \/><\/a><\/figure>\n<\/div>\n\n\n\n<div class=\"wp-block-column is-vertically-aligned-center right is-layout-flow wp-block-column-is-layout-flow\" style=\"flex-basis:45%\">\n<h2 class=\"ls__heading wp-block-heading animated fadeInRight delay-100ms slow\">Ben\u00f6tigen Sie<strong>zus\u00e4tzliche Ausr\u00fcstung<\/strong>?<\/h2>\n\n\n\n<p class=\"ls-paragraph\">Wenn Sie <strong>zus\u00e4tzliche Ausr\u00fcstung<\/strong> ben\u00f6tigen, k\u00f6nnen Sie sich an die Rezeption wenden.<\/p>\n\n\n\n<p class=\"ls-paragraph\">Wir k\u00f6nnen Ihnen <strong>Sonnenschirme<\/strong>, <strong>Tische<\/strong> und <strong>St\u00fchle<\/strong> (zum Ausleihen), einen <strong>K\u00fchlschrank<\/strong> (zum Ausleihen), einen <strong>Grill<\/strong> (zum Ausleihen) oder auch ein <strong>Verl\u00e4ngerungskabel<\/strong> (zum Ausleihen) zur Verf\u00fcgung stellen. Unser Team ist bereit und verf\u00fcgbar, um alle Ihre Erwartungen zu erf\u00fcllen, auch die verr\u00fccktesten. \ud83d\ude02<\/p>\n<\/div>\n<\/div>\n\n\r\n    <\/div>\r\n<\/section><section id=\"ls-section-block_3dc4f8c72d806376c7935793275b28ea\" class=\"ls-section  page-maillage\" >\r\n        <div class=\"container container--wide\">\r\n        \n\n<div id=\"ls-heading ls-titre-div-block_20228d8829f855a9d7ffeab2b3c91e6c\" class=\"ls-titre-div aligncenter h2-like\" >\n    Entdecken Sie unsere Mietobjekte, unsere Dienstleistungen und unsere Preise!<\/div>\n\n\n<div id=\"ls-maillage-block_ae2851e1c6e0afd1992ec60100b08dcd\" class=\"ls-maillage cta-style-normal\" data-rows=\"3\">\r\n    <div class=\"wp-block-columns\"><div class=\"wp-block-column\">\n\n<a href=\"https:\/\/www.ile-de-la-comtesse.com\/de\/vermietung-mobil-home-murs-et-gelignieux\/\" target=\"\" rel=\"noopener\" class=\"ls-cta__link\">\n\n\t<div class=\"ls-cta__image\"><img decoding=\"async\" src=\"https:\/\/www.ile-de-la-comtesse.com\/wp-content\/uploads\/2023\/11\/lodge-camping-ile-de-la-comtesse-confort-scaled.webp\" alt=\"lodge camping ile de la comtesse komfort\"><\/div>\n\t<div class=\"ls-cta__title\">\n\t\tUnsere Mietobjekte\t<\/div>\n\n\t\t\n<\/a><\/div><div class=\"wp-block-column\">\n\n<a href=\"https:\/\/www.ile-de-la-comtesse.com\/de\/camping-keiner-schlechteren-murs-et-gelignieux\/\" target=\"\" rel=\"noopener\" class=\"ls-cta__link\">\n\n\t<div class=\"ls-cta__image\"><img decoding=\"async\" src=\"https:\/\/www.ile-de-la-comtesse.com\/wp-content\/uploads\/2023\/11\/lodge-havana-27m-2-chambres-2020-.webp\" alt=\"\"><\/div>\n\t<div class=\"ls-cta__title\">\n\t\tUnsere Preise\t<\/div>\n\n\t\t\n<\/a><\/div><div class=\"wp-block-column\">\n\n<a href=\"https:\/\/www.ile-de-la-comtesse.com\/de\/camping-familienfreundlicher-murs-et-gelignieux\/\" target=\"\" rel=\"noopener\" class=\"ls-cta__link\">\n\n\t<div class=\"ls-cta__image\"><img decoding=\"async\" src=\"https:\/\/www.ile-de-la-comtesse.com\/wp-content\/uploads\/2023\/11\/camping-comtesse-reception-scaled.webp\" alt=\"Camping mit Bar und Rezeption an sonnigen Tagen.\"><\/div>\n\t<div class=\"ls-cta__title\">\n\t\tUnsere Dienstleistungen\t<\/div>\n\n\t\t\n<\/a><\/div><\/div><\/div>\n\r\n    <\/div>\r\n<\/section>","protected":false},"excerpt":{"rendered":"","protected":false},"author":1,"featured_media":2631,"parent":0,"menu_order":0,"comment_status":"closed","ping_status":"closed","template":"","meta":{"_acf_changed":false,"_seopress_robots_primary_cat":"","_seopress_titles_title":"Stellplatzvermietung in der N\u00e4he des Lac Bourget, Savoyen","_seopress_titles_desc":"Entdecken Sie das ideale Caravaning-Erlebnis und nutzen Sie unsere Stellpl\u00e4tze mit Stromanschluss, die sich perfekt f\u00fcr kurze oder l\u00e4ngere Aufenthalte eignen.","_seopress_robots_index":"","inline_featured_image":false,"footnotes":""},"sujet":[],"class_list":["post-3761","page","type-page","status-publish","has-post-thumbnail","hentry"],"acf":[],"_links":{"self":[{"href":"https:\/\/www.ile-de-la-comtesse.com\/de\/wp-json\/wp\/v2\/pages\/3761","targetHints":{"allow":["GET"]}}],"collection":[{"href":"https:\/\/www.ile-de-la-comtesse.com\/de\/wp-json\/wp\/v2\/pages"}],"about":[{"href":"https:\/\/www.ile-de-la-comtesse.com\/de\/wp-json\/wp\/v2\/types\/page"}],"author":[{"embeddable":true,"href":"https:\/\/www.ile-de-la-comtesse.com\/de\/wp-json\/wp\/v2\/users\/1"}],"replies":[{"embeddable":true,"href":"https:\/\/www.ile-de-la-comtesse.com\/de\/wp-json\/wp\/v2\/comments?post=3761"}],"version-history":[{"count":10,"href":"https:\/\/www.ile-de-la-comtesse.com\/de\/wp-json\/wp\/v2\/pages\/3761\/revisions"}],"predecessor-version":[{"id":4762,"href":"https:\/\/www.ile-de-la-comtesse.com\/de\/wp-json\/wp\/v2\/pages\/3761\/revisions\/4762"}],"wp:featuredmedia":[{"embeddable":true,"href":"https:\/\/www.ile-de-la-comtesse.com\/de\/wp-json\/wp\/v2\/media\/2631"}],"wp:attachment":[{"href":"https:\/\/www.ile-de-la-comtesse.com\/de\/wp-json\/wp\/v2\/media?parent=3761"}],"wp:term":[{"taxonomy":"sujet","embeddable":true,"href":"https:\/\/www.ile-de-la-comtesse.com\/de\/wp-json\/wp\/v2\/sujet?post=3761"}],"curies":[{"name":"wp","href":"https:\/\/api.w.org\/{rel}","templated":true}]}}