{"id":3758,"date":"2023-10-19T11:25:39","date_gmt":"2023-10-19T09:25:39","guid":{"rendered":"https:\/\/www.ile-de-la-comtesse.com\/camping-piscine-chauffee-murs-et-gelignieux\/"},"modified":"2023-12-22T18:36:54","modified_gmt":"2023-12-22T17:36:54","slug":"camping-wasserraum-murs-et-gelignieux","status":"publish","type":"page","link":"https:\/\/www.ile-de-la-comtesse.com\/de\/camping-wasserraum-murs-et-gelignieux\/","title":{"rendered":"Wasserraum"},"content":{"rendered":"<section id=\"ls-section-block_dbffddb767a5afc204870401cf04ab43\" class=\"ls-section  home-intro page-one has-m-b m-b-2 has-p-b p-b-2\" >\r\n        <div class=\"container container--full\">\r\n        \n\n<div class=\"wp-block-columns are-vertically-aligned-center is-layout-flex wp-container-core-columns-is-layout-9d6595d7 wp-block-columns-is-layout-flex\">\n<div class=\"wp-block-column is-vertically-aligned-center left is-layout-flow wp-block-column-is-layout-flow\" style=\"flex-basis:45%\">\n<h1 class=\"ls__heading wp-block-heading has-text-align-left\">Tauchen Sie ein in den Wasserpark des Campingplatzes, der 30 Minuten vom See von Bourget entfernt liegt.<\/h1>\n\n\n\n<div class=\"star-container animated fadeInLeft delay-100ms slow\"> \n<i class=\"comtesse-star\"><\/i>\n<i class=\"comtesse-star\"><\/i>\n<i class=\"comtesse-star\"><\/i>\n<i class=\"comtesse-star\"><\/i>\n<\/div>\n\n\n\n<h2 class=\"ls__heading wp-block-heading animated fadeInLeft delay-100ms slow\">Treten Sie ein in den beheizten Pool auf dem Camping in Savoyen<\/h2>\n\n\n\n<p class=\"ls-paragraph\">Dieser Campingplatz im Herzen des Departements Ain bietet einen beheizten Wasserbereich, der alle Besucher begeistern wird. Der 2021 frisch renovierte Wasserbereich wurde so gestaltet, dass Sie sich entspannen und den Badespa\u00df mit der <strong>ganzen Familie<\/strong> genie\u00dfen k\u00f6nnen. Genie\u00dfen Sie vom 1\u1d49\u02b3 Mai bis zum 15. September <strong>auf 25\u00b0C beheiztes Wasser <\/strong>, ein gro\u00dfes 25m-Becken mit <strong>Whirlpoolbereich<\/strong>, ein f\u00fcr die Kleinen <strong>geeignetes Planschbecken <\/strong>und eine <strong>Rutsche f\u00fcr Sensationshungrige<\/strong>.<\/p>\n\n\n\n<p class=\"ls-paragraph\">Das <strong>neue Becken<\/strong> wird Gro\u00df und Klein mit seinem <strong>lagunenblauen Wasser<\/strong> und den <strong>sch\u00f6nen bunten Str\u00e4nden<\/strong> f\u00fcr maximale Entspannung begeistern.  <\/p>\n\n\n\n<p class=\"ls-paragraph\">Die Vielfalt unseres Wasserbereichs wird alle W\u00fcnsche erf\u00fcllen, sei es die Aufregung der Rutschen, die Ruhe des Whirlpools oder das Sonnenbaden auf unserer Sonnenterrasse.<\/p>\n\n\n\n<div class=\"wp-block-columns is-layout-flex wp-container-core-columns-is-layout-9d6595d7 wp-block-columns-is-layout-flex\">\n<div class=\"wp-block-column is-layout-flow wp-block-column-is-layout-flow\">\n<figure class=\"wp-block-image size-full\"><img decoding=\"async\" width=\"628\" height=\"1117\" src=\"https:\/\/www.ile-de-la-comtesse.com\/wp-content\/uploads\/2023\/12\/ludovic-camping-ile-de-la-comtesse.webp\" alt=\"ludovic camping ile de la comtesse\" class=\"wp-image-3650\" srcset=\"https:\/\/www.ile-de-la-comtesse.com\/wp-content\/uploads\/2023\/12\/ludovic-camping-ile-de-la-comtesse.webp 628w, https:\/\/www.ile-de-la-comtesse.com\/wp-content\/uploads\/2023\/12\/ludovic-camping-ile-de-la-comtesse-169x300.webp 169w, https:\/\/www.ile-de-la-comtesse.com\/wp-content\/uploads\/2023\/12\/ludovic-camping-ile-de-la-comtesse-576x1024.webp 576w\" sizes=\"(max-width: 628px) 100vw, 628px\" \/><\/figure>\n<\/div>\n\n\n\n<div class=\"wp-block-column is-layout-flow wp-block-column-is-layout-flow\">\n<div id=\"ls-heading ls-titre-div-block_97b60964d66b1270a6393f5f02b85550\" class=\"ls-titre-div h2-like\" >\n    &#8220; Ludovics guter Rat &#8222;<\/div>\n\n\n\n<p class=\"ls-paragraph\">Tauchen Sie ein, haben Sie Spa\u00df und entspannen Sie sich! Unser Schwimmbad mit Rutschen h\u00e4lt unvergessliche Momente f\u00fcr die ganze Familie bereit. Beenden Sie Ihren Tag mit einem Moment der Entspannung im Balneobereich. Sch\u00f6ne Ferien!<\/p>\n<\/div>\n<\/div>\n<\/div>\n\n\n\n<div class=\"wp-block-column is-vertically-aligned-center right is-layout-flow wp-block-column-is-layout-flow\" style=\"flex-basis:55%\">\n<figure class=\"wp-block-image size-full animated fadeInRight delay-100ms slow\"><a href=\"https:\/\/www.ile-de-la-comtesse.com\/wp-content\/uploads\/2023\/11\/belle-piscine-camping-ile-de-la-comtesse-1-scaled.webp\"><img decoding=\"async\" width=\"2048\" height=\"1367\" src=\"https:\/\/www.ile-de-la-comtesse.com\/wp-content\/uploads\/2023\/11\/belle-piscine-camping-ile-de-la-comtesse-1-scaled.webp\" alt=\"sch&#xF6;ner pool camping ile de la comtesse\" class=\"wp-image-2954\" srcset=\"https:\/\/www.ile-de-la-comtesse.com\/wp-content\/uploads\/2023\/11\/belle-piscine-camping-ile-de-la-comtesse-1-scaled.webp 2048w, https:\/\/www.ile-de-la-comtesse.com\/wp-content\/uploads\/2023\/11\/belle-piscine-camping-ile-de-la-comtesse-1-300x200.webp 300w, https:\/\/www.ile-de-la-comtesse.com\/wp-content\/uploads\/2023\/11\/belle-piscine-camping-ile-de-la-comtesse-1-1024x684.webp 1024w, https:\/\/www.ile-de-la-comtesse.com\/wp-content\/uploads\/2023\/11\/belle-piscine-camping-ile-de-la-comtesse-1-768x513.webp 768w, https:\/\/www.ile-de-la-comtesse.com\/wp-content\/uploads\/2023\/11\/belle-piscine-camping-ile-de-la-comtesse-1-1536x1025.webp 1536w\" sizes=\"(max-width: 2048px) 100vw, 2048px\" \/><\/a><\/figure>\n<\/div>\n<\/div>\n\n\r\n    <\/div>\r\n<\/section><section id=\"ls-section-block_c08935d69950826e9746ba37830e0eed\" class=\"ls-section  home-piscine page-two has-m-t m-t-2 has-p-t p-t-2\" >\r\n        <div class=\"container container--full\">\r\n        \n\n<div id=\"ls-heading ls-titre-div-block_0613b380c900722296d7ccc2686e0501\" class=\"ls-titre-div deco h2-like\" >\n    3, 2, 1&#8230; <strong>Springen Sie ins Wasser!<\/strong><\/div>\n\n\n\n<div class=\"wp-block-columns first is-layout-flex wp-container-core-columns-is-layout-9d6595d7 wp-block-columns-is-layout-flex\">\n<div class=\"wp-block-column is-layout-flow wp-block-column-is-layout-flow\" style=\"flex-basis:40%\">\n<figure class=\"wp-block-image size-full left\"><a href=\"https:\/\/www.ile-de-la-comtesse.com\/wp-content\/uploads\/2023\/11\/toboggans-camping-ile-de-la-comtesse-scaled.webp\"><img decoding=\"async\" width=\"2048\" height=\"1367\" src=\"https:\/\/www.ile-de-la-comtesse.com\/wp-content\/uploads\/2023\/11\/toboggans-camping-ile-de-la-comtesse-scaled.webp\" alt=\"rutschen camping ile de la comtesse\" class=\"wp-image-1833\" srcset=\"https:\/\/www.ile-de-la-comtesse.com\/wp-content\/uploads\/2023\/11\/toboggans-camping-ile-de-la-comtesse-scaled.webp 2048w, https:\/\/www.ile-de-la-comtesse.com\/wp-content\/uploads\/2023\/11\/toboggans-camping-ile-de-la-comtesse-300x200.webp 300w, https:\/\/www.ile-de-la-comtesse.com\/wp-content\/uploads\/2023\/11\/toboggans-camping-ile-de-la-comtesse-1024x683.webp 1024w, https:\/\/www.ile-de-la-comtesse.com\/wp-content\/uploads\/2023\/11\/toboggans-camping-ile-de-la-comtesse-768x513.webp 768w, https:\/\/www.ile-de-la-comtesse.com\/wp-content\/uploads\/2023\/11\/toboggans-camping-ile-de-la-comtesse-1536x1025.webp 1536w\" sizes=\"(max-width: 2048px) 100vw, 2048px\" \/><\/a><\/figure>\n<\/div>\n\n\n\n<div class=\"wp-block-column is-layout-flow wp-block-column-is-layout-flow\" style=\"flex-basis:60%\">\n<figure class=\"wp-block-image size-full right\"><a href=\"https:\/\/www.ile-de-la-comtesse.com\/wp-content\/uploads\/2023\/11\/belle-piscine-camping-ile-de-la-comtesse-scaled.webp\"><img decoding=\"async\" width=\"2048\" height=\"1367\" src=\"https:\/\/www.ile-de-la-comtesse.com\/wp-content\/uploads\/2023\/11\/belle-piscine-camping-ile-de-la-comtesse-scaled.webp\" alt=\"sch&#xF6;ner pool camping ile de la comtesse\" class=\"wp-image-1496\" srcset=\"https:\/\/www.ile-de-la-comtesse.com\/wp-content\/uploads\/2023\/11\/belle-piscine-camping-ile-de-la-comtesse-scaled.webp 2048w, https:\/\/www.ile-de-la-comtesse.com\/wp-content\/uploads\/2023\/11\/belle-piscine-camping-ile-de-la-comtesse-300x200.webp 300w, https:\/\/www.ile-de-la-comtesse.com\/wp-content\/uploads\/2023\/11\/belle-piscine-camping-ile-de-la-comtesse-1024x683.webp 1024w, https:\/\/www.ile-de-la-comtesse.com\/wp-content\/uploads\/2023\/11\/belle-piscine-camping-ile-de-la-comtesse-768x513.webp 768w, https:\/\/www.ile-de-la-comtesse.com\/wp-content\/uploads\/2023\/11\/belle-piscine-camping-ile-de-la-comtesse-1536x1025.webp 1536w\" sizes=\"(max-width: 2048px) 100vw, 2048px\" \/><\/a><\/figure>\n<\/div>\n<\/div>\n\n\n\n<div class=\"wp-block-columns second is-layout-flex wp-container-core-columns-is-layout-9d6595d7 wp-block-columns-is-layout-flex\">\n<div class=\"wp-block-column is-layout-flow wp-block-column-is-layout-flow\">\n<h2 class=\"ls__heading wp-block-heading has-text-align-center\">Gleiten Sie! Wasserrutschen von  <br\/><strong>unser beheizter Pool<\/strong><\/h2>\n\n\n\n<p class=\"ls-paragraph has-text-align-center\">Unsere <strong>Rutsche mit drei Abfahrten<\/strong> garantiert stundenlangen Spa\u00df und viel Gel\u00e4chter f\u00fcr die ganze Familie. Das <strong>Spritzen und Lachen <\/strong>hallt in einer gr\u00fcnen Umgebung wider und macht diesen Bereich zu einem unumg\u00e4nglichen Ort der Entspannung und Unterhaltung f\u00fcr Camper, die auf der Suche nach Wasserabenteuern sind. Ein<strong> erfrischendes Abenteuer<\/strong>, das dem Outdoor-Urlaub einen Adrenalinschub verleiht.<\/p>\n<\/div>\n<\/div>\n\n\r\n    <\/div>\r\n<\/section><section id=\"ls-section-block_444418f823a37beeb7bb59d0be0e1ba6\" class=\"ls-section  home-intro page-three background-blue has-m-b m-b-2 has-p-b p-b-2\" >\r\n        <div class=\"container container--full\">\r\n        \n\n<div class=\"wp-block-columns are-vertically-aligned-center is-layout-flex wp-container-core-columns-is-layout-9d6595d7 wp-block-columns-is-layout-flex\">\n<div class=\"wp-block-column is-vertically-aligned-center left is-layout-flow wp-block-column-is-layout-flow\" style=\"flex-basis:55%\">\n<figure class=\"wp-block-image size-full animated fadeInLeft delay-100ms slow\"><a href=\"https:\/\/www.ile-de-la-comtesse.com\/wp-content\/uploads\/2023\/11\/pataugeoire-enfants-camping-ile-de-la-comtesse-scaled.webp\"><img decoding=\"async\" width=\"2048\" height=\"1367\" src=\"https:\/\/www.ile-de-la-comtesse.com\/wp-content\/uploads\/2023\/11\/pataugeoire-enfants-camping-ile-de-la-comtesse-scaled.webp\" alt=\"Kinderplanschbecken Camping ile de la comtesse\" class=\"wp-image-1804\" srcset=\"https:\/\/www.ile-de-la-comtesse.com\/wp-content\/uploads\/2023\/11\/pataugeoire-enfants-camping-ile-de-la-comtesse-scaled.webp 2048w, https:\/\/www.ile-de-la-comtesse.com\/wp-content\/uploads\/2023\/11\/pataugeoire-enfants-camping-ile-de-la-comtesse-300x200.webp 300w, https:\/\/www.ile-de-la-comtesse.com\/wp-content\/uploads\/2023\/11\/pataugeoire-enfants-camping-ile-de-la-comtesse-1024x683.webp 1024w, https:\/\/www.ile-de-la-comtesse.com\/wp-content\/uploads\/2023\/11\/pataugeoire-enfants-camping-ile-de-la-comtesse-768x513.webp 768w, https:\/\/www.ile-de-la-comtesse.com\/wp-content\/uploads\/2023\/11\/pataugeoire-enfants-camping-ile-de-la-comtesse-1536x1025.webp 1536w\" sizes=\"(max-width: 2048px) 100vw, 2048px\" \/><\/a><\/figure>\n<\/div>\n\n\n\n<div class=\"wp-block-column is-vertically-aligned-center right is-layout-flow wp-block-column-is-layout-flow\" style=\"flex-basis:45%\">\n<h2 class=\"ls__heading wp-block-heading animated fadeInRight delay-100ms slow\">Die Kleinsten werden es lieben :  <br\/><strong>spielerisches Planschbecken<\/strong><\/h2>\n\n\n\n<p class=\"ls-paragraph\">Kleines Paradies f\u00fcr die j\u00fcngsten Camper. Dieses <strong>flache Becken<\/strong> bietet einen sicheren Platz f\u00fcr Kinder, wo sie unter der aufmerksamen Aufsicht ihrer Eltern planschen und spielen k\u00f6nnen. Hier entstehen Lachen, Wasserspiele und<strong> Kindheitserinnerungen<\/strong>, die das Planschbecken zu einem beliebten Ort f\u00fcr sonnige, erholsame Tage mit der Familie machen.<\/p>\n\n\n<div class=\"wp-block-image\">\n<figure class=\"alignright size-large\"><img decoding=\"async\" width=\"93\" height=\"98\" src=\"https:\/\/www.ile-de-la-comtesse.com\/wp-content\/uploads\/2023\/10\/camping-savoie-familial.svg\" alt=\"camping savoie familial\" class=\"wp-image-351\"\/><\/figure>\n<\/div><\/div>\n<\/div>\n\n\r\n    <\/div>\r\n<\/section><section id=\"ls-section-block_d41738ded3ff8a998d21981985f6cb7a\" class=\"ls-section  home-piscine page-four has-m-t m-t-2 has-p-t p-t-2\" >\r\n        <div class=\"container container--full\">\r\n        \n\n<div class=\"wp-block-columns second is-layout-flex wp-container-core-columns-is-layout-9d6595d7 wp-block-columns-is-layout-flex\">\n<div class=\"wp-block-column is-layout-flow wp-block-column-is-layout-flow\">\n<h2 class=\"ls__heading wp-block-heading has-text-align-center\"><strong>Absolute Entspannung<\/strong> <br\/>auf unsere Sonnenliegen<\/h2>\n\n\n\n<p class=\"ls-paragraph has-text-align-center\">Dieser Bereich ist ein wahres<strong> kleines St\u00fcck Paradies<\/strong> f\u00fcr Sonnenanbeter und bietet <strong>bequeme Liegest\u00fchle<\/strong> und <strong>Sonnenschirme<\/strong> f\u00fcr einen optimalen Komfort. Camper k\u00f6nnen sich in der Sonne aalen, ein gutes Buch lesen oder die sanfte Brise der Savoyen genie\u00dfen. Unser <strong>Solarium<\/strong> ist der ideale Ort, um neue Energie zu tanken, sich in aller Ruhe zu entspannen und vor allem die perfekte Br\u00e4une zu bekommen.<\/p>\n<\/div>\n<\/div>\n\n\n\n<div class=\"wp-block-columns first is-layout-flex wp-container-core-columns-is-layout-9d6595d7 wp-block-columns-is-layout-flex\">\n<div class=\"wp-block-column is-layout-flow wp-block-column-is-layout-flow\" style=\"flex-basis:60%\">\n<figure class=\"wp-block-image size-full right\"><a href=\"https:\/\/www.ile-de-la-comtesse.com\/wp-content\/uploads\/2023\/11\/balneo-camping-dans-lain-scaled.webp\"><img decoding=\"async\" width=\"2048\" height=\"1367\" src=\"https:\/\/www.ile-de-la-comtesse.com\/wp-content\/uploads\/2023\/11\/balneo-camping-dans-lain-scaled.webp\" alt=\"balneo camping in lain\" class=\"wp-image-1820\" srcset=\"https:\/\/www.ile-de-la-comtesse.com\/wp-content\/uploads\/2023\/11\/balneo-camping-dans-lain-scaled.webp 2048w, https:\/\/www.ile-de-la-comtesse.com\/wp-content\/uploads\/2023\/11\/balneo-camping-dans-lain-300x200.webp 300w, https:\/\/www.ile-de-la-comtesse.com\/wp-content\/uploads\/2023\/11\/balneo-camping-dans-lain-1024x683.webp 1024w, https:\/\/www.ile-de-la-comtesse.com\/wp-content\/uploads\/2023\/11\/balneo-camping-dans-lain-768x513.webp 768w, https:\/\/www.ile-de-la-comtesse.com\/wp-content\/uploads\/2023\/11\/balneo-camping-dans-lain-1536x1025.webp 1536w\" sizes=\"(max-width: 2048px) 100vw, 2048px\" \/><\/a><\/figure>\n<\/div>\n\n\n\n<div class=\"wp-block-column is-layout-flow wp-block-column-is-layout-flow\" style=\"flex-basis:40%\">\n<figure class=\"wp-block-image size-full left\"><a href=\"https:\/\/www.ile-de-la-comtesse.com\/wp-content\/uploads\/2023\/11\/piscine-camping-lain-savoie-detente-scaled.webp\"><img decoding=\"async\" width=\"2048\" height=\"1367\" src=\"https:\/\/www.ile-de-la-comtesse.com\/wp-content\/uploads\/2023\/11\/piscine-camping-lain-savoie-detente-scaled.webp\" alt=\"schwimmbad camping lain savoie detente\" class=\"wp-image-1798\" srcset=\"https:\/\/www.ile-de-la-comtesse.com\/wp-content\/uploads\/2023\/11\/piscine-camping-lain-savoie-detente-scaled.webp 2048w, https:\/\/www.ile-de-la-comtesse.com\/wp-content\/uploads\/2023\/11\/piscine-camping-lain-savoie-detente-300x200.webp 300w, https:\/\/www.ile-de-la-comtesse.com\/wp-content\/uploads\/2023\/11\/piscine-camping-lain-savoie-detente-1024x683.webp 1024w, https:\/\/www.ile-de-la-comtesse.com\/wp-content\/uploads\/2023\/11\/piscine-camping-lain-savoie-detente-768x513.webp 768w, https:\/\/www.ile-de-la-comtesse.com\/wp-content\/uploads\/2023\/11\/piscine-camping-lain-savoie-detente-1536x1025.webp 1536w\" sizes=\"(max-width: 2048px) 100vw, 2048px\" \/><\/a><\/figure>\n<\/div>\n<\/div>\n\n\r\n    <\/div>\r\n<\/section><section id=\"ls-section-block_5049a6b7a3c14c2868616dc7667e9e7a\" class=\"ls-section  home-intro page-five\" >\r\n        <div class=\"container container--full\">\r\n        \n\n<div class=\"wp-block-columns are-vertically-aligned-center is-layout-flex wp-container-core-columns-is-layout-9d6595d7 wp-block-columns-is-layout-flex\">\n<div class=\"wp-block-column is-vertically-aligned-center left is-layout-flow wp-block-column-is-layout-flow\" style=\"flex-basis:45%\">\n<h2 class=\"ls__heading wp-block-heading animated fadeInLeft delay-100ms slow\">Lassen Sie los! Camping mit Balneo-Bereich 30 Minuten vom See von Bourget entfernt<\/h2>\n\n\n\n<p class=\"ls-paragraph\">Entspannen Sie sich in einer friedlichen Atmosph\u00e4re in unserem <strong>neuen Whirlpoolbereich<\/strong>, der nur f\u00fcr Sie da ist! Unser 2021 entworfener Pool vor den Toren der Savoyen k\u00fcmmert sich nur um Ihr Wohlbefinden. Lassen Sie sich auf der <strong>Whirlpoolbank<\/strong> mit ihren<strong> 19 Hydromassaged\u00fcsen<\/strong> und den <strong>Luftblasen<\/strong>, die Ihr Gesicht streifen, fallen. Straffen Sie Ihren K\u00f6rper mit dem <strong>Wasserfall Col de Cy <\/strong>gne und dem<strong>Venturi-Effekt <\/strong>, der gut f\u00fcr Ihre <strong>Beine<\/strong> ist. In v\u00f6lliger Sicherheit und in einem eigenen Bereich in 0,90 m Tiefe wurde die Entspannungsecke so konzipiert, dass sie Spa\u00df und Entspannung miteinander verbindet.<\/p>\n\n\n\n<figure class=\"wp-block-image size-large\"><img decoding=\"async\" width=\"93\" height=\"98\" src=\"https:\/\/www.ile-de-la-comtesse.com\/wp-content\/uploads\/2023\/10\/camping-savoie-familial.svg\" alt=\"camping savoie familial\" class=\"wp-image-351\"\/><\/figure>\n<\/div>\n\n\n\n<div class=\"wp-block-column is-vertically-aligned-center right is-layout-flow wp-block-column-is-layout-flow\" style=\"flex-basis:55%\">\n<figure class=\"wp-block-image size-full animated fadeInRight delay-100ms slow\"><a href=\"https:\/\/www.ile-de-la-comtesse.com\/wp-content\/uploads\/2023\/12\/espace-aquatique-camping-savoie-scaled.webp\"><img decoding=\"async\" width=\"2048\" height=\"1536\" src=\"https:\/\/www.ile-de-la-comtesse.com\/wp-content\/uploads\/2023\/12\/espace-aquatique-camping-savoie-scaled.webp\" alt=\"wasserbereich camping savoie\" class=\"wp-image-4930\" srcset=\"https:\/\/www.ile-de-la-comtesse.com\/wp-content\/uploads\/2023\/12\/espace-aquatique-camping-savoie-scaled.webp 2048w, https:\/\/www.ile-de-la-comtesse.com\/wp-content\/uploads\/2023\/12\/espace-aquatique-camping-savoie-300x225.webp 300w, https:\/\/www.ile-de-la-comtesse.com\/wp-content\/uploads\/2023\/12\/espace-aquatique-camping-savoie-1024x768.webp 1024w, https:\/\/www.ile-de-la-comtesse.com\/wp-content\/uploads\/2023\/12\/espace-aquatique-camping-savoie-768x576.webp 768w, https:\/\/www.ile-de-la-comtesse.com\/wp-content\/uploads\/2023\/12\/espace-aquatique-camping-savoie-1536x1152.webp 1536w\" sizes=\"(max-width: 2048px) 100vw, 2048px\" \/><\/a><\/figure>\n<\/div>\n<\/div>\n\n\r\n    <\/div>\r\n<\/section><section id=\"ls-section-block_cebfba9cb74f50c7534fb53e6c1dfd96\" class=\"ls-section  pages-avis has-background-image\" >\r\n    <div class=\"ls-section__background-image opacity-40\"><img decoding=\"async\" src=\"https:\/\/www.ile-de-la-comtesse.com\/wp-content\/uploads\/2023\/11\/enfants-piscine-camping-ile-de-la-comtesse-scaled.webp\" alt=\"kinder schwimmbad camping ile de la comtesse\"><\/div>    <div class=\"container container--wide\">\r\n        \n\n<div id=\"ls-heading ls-titre-div-block_e7e1732d451bd542dc86862a60d4f9a6\" class=\"ls-titre-div avis-container-title h2-like\" >\n    Was denken unsere G\u00e4ste \u00fcber den Wasserbereich?<\/div>\n\n\n<div class=\"avis-container-pages\"><div class=\"avis\"><div class=\"avis-name\">Claire D.<\/div><div class=\"avis-note\">\n                <span><i class=\"comtesse-star\"><\/i><\/span><span><i class=\"comtesse-star\"><\/i><\/span><span><i class=\"comtesse-star\"><\/i><\/span><span><i class=\"comtesse-star\"><\/i><\/span><span><i class=\"comtesse-star\"><\/i><\/span>\n                <\/div><div class=\"avis-content\"><p>Wir sind zum zweiten Mal hier. Es ist ein sehr netter, gepflegter und sauberer Campingplatz. Die Unterk\u00fcnfte sind sehr gut und sauber. Der Empfang und das superfreundliche und hilfsbereite Personal. Angenehme \u00dcberraschung mit dem neuen Pool, die Kinder und wir haben uns gut am\u00fcsiert. Camping in guter Lage mit Rhone und Radweg nebenan.<\/p>\n<\/div><\/div><div class=\"avis\"><div class=\"avis-name\">Philippe R.<\/div><div class=\"avis-note\">\n                <span><i class=\"comtesse-star\"><\/i><\/span><span><i class=\"comtesse-star\"><\/i><\/span><span><i class=\"comtesse-star\"><\/i><\/span><span><i class=\"comtesse-star\"><\/i><\/span><span><i class=\"comtesse-star\"><\/i><\/span>\n                <\/div><div class=\"avis-content\"><p>Der Campingplatz ist perfekt f\u00fcr Kinder und Erwachsene.<br \/>\nDas Personal ist top und hat ein offenes Ohr.<br \/>\nBeheiztes Schwimmbad kleines Becken f\u00fcr die Kleinen, Rutsche, gro\u00dfes Becken.<br \/>\nIch habe mich sehr gefreut, als ich das Haus betreten durfte.<\/p>\n<\/div><\/div><div class=\"avis\"><div class=\"avis-name\">Noemie L.<\/div><div class=\"avis-note\">\n                <span><i class=\"comtesse-star\"><\/i><\/span><span><i class=\"comtesse-star\"><\/i><\/span><span><i class=\"comtesse-star\"><\/i><\/span><span><i class=\"comtesse-star\"><\/i><\/span><span><i class=\"comtesse-star\"><\/i><\/span>\n                <\/div><div class=\"avis-content\"><p>Super Aufenthalt im zweiten Jahr. Super Familiencampingplatz mit Top-Pool, Snackbar und super leckerem Restaurant. Sehr freundliches Personal Sauberer Campingplatz. Und die Region Super h\u00fcbsch mit vielen Dingen zu tun.<br \/>\nIch empfehle w\u00e4rmstens vielleicht bis n\u00e4chstes Jahr f\u00fcr ein drittes Jahr \ud83d\ude09. Dank an das gesamte Team<\/p>\n<\/div><\/div><\/div>\n\n\r\n    <\/div>\r\n<\/section><section id=\"ls-section-block_5f6bc0ac7d4f0febbe0f3d79d9fc614c\" class=\"ls-section  page-maillage\" >\r\n        <div class=\"container container--wide\">\r\n        \n\n<div id=\"ls-heading ls-titre-div-block_402eda0b636126147f6eebfd098a3f49\" class=\"ls-titre-div aligncenter h2-like\" >\n    Entdecken Sie unseren Campingplatz am See, unser Restaurant und unsere Mietunterk\u00fcnfte!<\/div>\n\n\n<div id=\"ls-maillage-block_09772b488e246307c8687f23946a9b9b\" class=\"ls-maillage cta-style-normal\" data-rows=\"3\">\r\n    <div class=\"wp-block-columns\"><div class=\"wp-block-column\">\n\n<a href=\"https:\/\/www.ile-de-la-comtesse.com\/de\/restaurant-murs-et-gelignieux\/\" target=\"\" rel=\"noopener\" class=\"ls-cta__link\">\n\n\t<div class=\"ls-cta__image\"><img decoding=\"async\" src=\"https:\/\/www.ile-de-la-comtesse.com\/wp-content\/uploads\/2023\/11\/pizza-burguer-camping-snack-savoie-scaled.webp\" alt=\"pizza burguer camping snack savoie\"><\/div>\n\t<div class=\"ls-cta__title\">\n\t\tUnser Restaurant\t<\/div>\n\n\t\t\n<\/a><\/div><div class=\"wp-block-column\">\n\n<a href=\"https:\/\/www.ile-de-la-comtesse.com\/de\/vermietung-mobil-home-murs-et-gelignieux\/\" target=\"\" rel=\"noopener\" class=\"ls-cta__link\">\n\n\t<div class=\"ls-cta__image\"><img decoding=\"async\" src=\"https:\/\/www.ile-de-la-comtesse.com\/wp-content\/uploads\/2023\/11\/lodge-camping-ile-de-la-comtesse-confort-scaled.webp\" alt=\"lodge camping ile de la comtesse komfort\"><\/div>\n\t<div class=\"ls-cta__title\">\n\t\tUnsere Mietobjekte\t<\/div>\n\n\t\t\n<\/a><\/div><div class=\"wp-block-column\">\n\n<a href=\"https:\/\/www.ile-de-la-comtesse.com\/de\/camping-am-see-murs-et-gelignieux\/\" target=\"\" rel=\"noopener\" class=\"ls-cta__link\">\n\n\t<div class=\"ls-cta__image\"><img decoding=\"async\" src=\"https:\/\/www.ile-de-la-comtesse.com\/wp-content\/uploads\/2023\/11\/camping-dans-lain-bord-de-lac-scaled.webp\" alt=\"camping in lain am see\"><\/div>\n\t<div class=\"ls-cta__title\">\n\t\tSeeufer\t<\/div>\n\n\t\t\n<\/a><\/div><\/div><\/div>\n\r\n    <\/div>\r\n<\/section>","protected":false},"excerpt":{"rendered":"","protected":false},"author":1,"featured_media":2583,"parent":0,"menu_order":0,"comment_status":"closed","ping_status":"closed","template":"","meta":{"_acf_changed":false,"_seopress_robots_primary_cat":"","_seopress_titles_title":"Camping mit beheiztem Schwimmbad und Rutsche in der N\u00e4he des Sees Bourget, Savoyen","_seopress_titles_desc":"Camping in der N\u00e4he von Savoyen mit Swimmingpool. Im Departement Ain k\u00f6nnen Sie von einem ganzj\u00e4hrig beheizten Wasserpark profitieren.","_seopress_robots_index":"","inline_featured_image":false,"footnotes":""},"sujet":[],"class_list":["post-3758","page","type-page","status-publish","has-post-thumbnail","hentry"],"acf":[],"_links":{"self":[{"href":"https:\/\/www.ile-de-la-comtesse.com\/de\/wp-json\/wp\/v2\/pages\/3758","targetHints":{"allow":["GET"]}}],"collection":[{"href":"https:\/\/www.ile-de-la-comtesse.com\/de\/wp-json\/wp\/v2\/pages"}],"about":[{"href":"https:\/\/www.ile-de-la-comtesse.com\/de\/wp-json\/wp\/v2\/types\/page"}],"author":[{"embeddable":true,"href":"https:\/\/www.ile-de-la-comtesse.com\/de\/wp-json\/wp\/v2\/users\/1"}],"replies":[{"embeddable":true,"href":"https:\/\/www.ile-de-la-comtesse.com\/de\/wp-json\/wp\/v2\/comments?post=3758"}],"version-history":[{"count":6,"href":"https:\/\/www.ile-de-la-comtesse.com\/de\/wp-json\/wp\/v2\/pages\/3758\/revisions"}],"predecessor-version":[{"id":4973,"href":"https:\/\/www.ile-de-la-comtesse.com\/de\/wp-json\/wp\/v2\/pages\/3758\/revisions\/4973"}],"wp:featuredmedia":[{"embeddable":true,"href":"https:\/\/www.ile-de-la-comtesse.com\/de\/wp-json\/wp\/v2\/media\/2583"}],"wp:attachment":[{"href":"https:\/\/www.ile-de-la-comtesse.com\/de\/wp-json\/wp\/v2\/media?parent=3758"}],"wp:term":[{"taxonomy":"sujet","embeddable":true,"href":"https:\/\/www.ile-de-la-comtesse.com\/de\/wp-json\/wp\/v2\/sujet?post=3758"}],"curies":[{"name":"wp","href":"https:\/\/api.w.org\/{rel}","templated":true}]}}