{"id":3756,"date":"2023-10-19T11:27:22","date_gmt":"2023-10-19T09:27:22","guid":{"rendered":"https:\/\/www.ile-de-la-comtesse.com\/camping-bord-lac-murs-et-gelignieux\/"},"modified":"2023-12-22T17:56:50","modified_gmt":"2023-12-22T16:56:50","slug":"camping-am-see-murs-et-gelignieux","status":"publish","type":"page","link":"https:\/\/www.ile-de-la-comtesse.com\/de\/camping-am-see-murs-et-gelignieux\/","title":{"rendered":"Camping am See"},"content":{"rendered":"<section id=\"ls-section-block_20282a0e12e0dbe0cb26f93a517f8a28\" class=\"ls-section  home-intro page-one background-blue has-m-b m-b-2 has-p-b p-b-2\" >\r\n        <div class=\"container container--full\">\r\n        \n\n<div class=\"wp-block-columns are-vertically-aligned-center is-layout-flex wp-container-core-columns-is-layout-9d6595d7 wp-block-columns-is-layout-flex\">\n<div class=\"wp-block-column is-vertically-aligned-center left is-layout-flow wp-block-column-is-layout-flow\" style=\"flex-basis:45%\">\n<h1 class=\"ls__heading wp-block-heading has-text-align-left\">Camping am See von Cuchet in der N\u00e4he von Savoyen<\/h1>\n\n\n\n<div class=\"star-container animated fadeInLeft delay-100ms slow\"> \n<i class=\"comtesse-star\"><\/i>\n<i class=\"comtesse-star\"><\/i>\n<i class=\"comtesse-star\"><\/i>\n<i class=\"comtesse-star\"><\/i>\n<\/div>\n\n\n\n<h2 class=\"ls__heading wp-block-heading animated fadeInLeft delay-100ms slow\">  Der Natur ganz nah! Direkter Zugang zum See vom Campingplatz aus<\/h2>\n\n\n\n<p class=\"ls-paragraph\">Auf dem <a href=\"https:\/\/www.ile-de-la-comtesse.com\/de\/\" data-type=\"page\" data-id=\"192\">Campingplatz in Savoyen<\/a> k\u00f6nnen Sie das Seeufer durch <strong>ein Tor leicht erreichen<\/strong>. So k\u00f6nnen Sie am Ufer spazieren gehen, ideal, um mit Ihrem Hund spazieren zu gehen, und gleichzeitig den <strong>herrlichen Blick auf den See<\/strong> genie\u00dfen. Aus Sicherheitsgr\u00fcnden f\u00fcr unsere G\u00e4ste ist das Portal jedoch nachts nicht zug\u00e4nglich.<\/p>\n\n\n\n<div class=\"wp-block-columns is-layout-flex wp-container-core-columns-is-layout-9d6595d7 wp-block-columns-is-layout-flex\">\n<div class=\"wp-block-column is-layout-flow wp-block-column-is-layout-flow\">\n<figure class=\"wp-block-image size-full\"><img decoding=\"async\" width=\"720\" height=\"717\" src=\"https:\/\/www.ile-de-la-comtesse.com\/wp-content\/uploads\/2023\/12\/lea.webp\" alt=\"L&#xE9;a\" class=\"wp-image-4862\" srcset=\"https:\/\/www.ile-de-la-comtesse.com\/wp-content\/uploads\/2023\/12\/lea.webp 720w, https:\/\/www.ile-de-la-comtesse.com\/wp-content\/uploads\/2023\/12\/lea-300x300.webp 300w, https:\/\/www.ile-de-la-comtesse.com\/wp-content\/uploads\/2023\/12\/lea-150x150.webp 150w\" sizes=\"(max-width: 720px) 100vw, 720px\" \/><\/figure>\n<\/div>\n\n\n\n<div class=\"wp-block-column is-layout-flow wp-block-column-is-layout-flow\">\n<div id=\"ls-heading ls-titre-div-block_7f4096607bf08c5ae879fde56af6440f\" class=\"ls-titre-div h2-like\" >\n    &#8222;L\u00e9as guter Rat&#8220;<\/div>\n\n\n\n<p class=\"ls-paragraph\">Die Wasserfl\u00e4che von Cuchet ist ein Seitenarm der Rh\u00f4ne. Entlang des Campingplatzes kann man nicht schwimmen, es gibt jedoch einen kleinen Strand auf der anderen Seite des Ufers. Wenn Sie jedoch in einem See baden m\u00f6chten, empfehlen wir Ihnen den Lac d&#8217;Aiguebelette, den Lac du Bourget oder den Lac de Paladru in der N\u00e4he des Campingplatzes.<\/p>\n<\/div>\n<\/div>\n<\/div>\n\n\n\n<div class=\"wp-block-column is-vertically-aligned-center right is-layout-flow wp-block-column-is-layout-flow\" style=\"flex-basis:55%\">\n<figure class=\"wp-block-image size-full animated fadeInRight delay-100ms slow\"><a href=\"https:\/\/www.ile-de-la-comtesse.com\/wp-content\/uploads\/2023\/11\/vue-motagnes-camping-dans-lain-scaled.webp\"><img decoding=\"async\" width=\"2048\" height=\"1536\" src=\"https:\/\/www.ile-de-la-comtesse.com\/wp-content\/uploads\/2023\/11\/vue-motagnes-camping-dans-lain-scaled.webp\" alt=\"blick motagnes camping in lain\" class=\"wp-image-1863\" srcset=\"https:\/\/www.ile-de-la-comtesse.com\/wp-content\/uploads\/2023\/11\/vue-motagnes-camping-dans-lain-scaled.webp 2048w, https:\/\/www.ile-de-la-comtesse.com\/wp-content\/uploads\/2023\/11\/vue-motagnes-camping-dans-lain-300x225.webp 300w, https:\/\/www.ile-de-la-comtesse.com\/wp-content\/uploads\/2023\/11\/vue-motagnes-camping-dans-lain-1024x768.webp 1024w, https:\/\/www.ile-de-la-comtesse.com\/wp-content\/uploads\/2023\/11\/vue-motagnes-camping-dans-lain-768x576.webp 768w, https:\/\/www.ile-de-la-comtesse.com\/wp-content\/uploads\/2023\/11\/vue-motagnes-camping-dans-lain-1536x1152.webp 1536w\" sizes=\"(max-width: 2048px) 100vw, 2048px\" \/><\/a><\/figure>\n<\/div>\n<\/div>\n\n\r\n    <\/div>\r\n<\/section><section id=\"ls-section-block_087e1c8a43d836194f72e067f79b8158\" class=\"ls-section  home-piscine page-two has-m-t m-t-2 has-p-t p-t-2\" >\r\n        <div class=\"container container--full\">\r\n        \n\n<div id=\"ls-heading ls-titre-div-block_2549f2cfafd0f11a54fd34a378982529\" class=\"ls-titre-div deco h2-like\" >\n    <strong>Eine magische Aussicht<\/strong><\/div>\n\n\n\n<div class=\"wp-block-columns first is-layout-flex wp-container-core-columns-is-layout-9d6595d7 wp-block-columns-is-layout-flex\">\n<div class=\"wp-block-column is-layout-flow wp-block-column-is-layout-flow\" style=\"flex-basis:40%\">\n<figure class=\"wp-block-image size-full left\"><a href=\"https:\/\/www.ile-de-la-comtesse.com\/wp-content\/uploads\/2023\/12\/vue-magique-feu-artifice-camping-ile-de-la-comtesse-scaled.webp\"><img decoding=\"async\" width=\"2048\" height=\"1367\" src=\"https:\/\/www.ile-de-la-comtesse.com\/wp-content\/uploads\/2023\/12\/vue-magique-feu-artifice-camping-ile-de-la-comtesse-scaled.webp\" alt=\"magischer Blick Feuerwerk Camping ile de la comtesse\" class=\"wp-image-3430\" srcset=\"https:\/\/www.ile-de-la-comtesse.com\/wp-content\/uploads\/2023\/12\/vue-magique-feu-artifice-camping-ile-de-la-comtesse-scaled.webp 2048w, https:\/\/www.ile-de-la-comtesse.com\/wp-content\/uploads\/2023\/12\/vue-magique-feu-artifice-camping-ile-de-la-comtesse-300x200.webp 300w, https:\/\/www.ile-de-la-comtesse.com\/wp-content\/uploads\/2023\/12\/vue-magique-feu-artifice-camping-ile-de-la-comtesse-1024x683.webp 1024w, https:\/\/www.ile-de-la-comtesse.com\/wp-content\/uploads\/2023\/12\/vue-magique-feu-artifice-camping-ile-de-la-comtesse-768x513.webp 768w, https:\/\/www.ile-de-la-comtesse.com\/wp-content\/uploads\/2023\/12\/vue-magique-feu-artifice-camping-ile-de-la-comtesse-1536x1025.webp 1536w\" sizes=\"(max-width: 2048px) 100vw, 2048px\" \/><\/a><\/figure>\n<\/div>\n\n\n\n<div class=\"wp-block-column is-layout-flow wp-block-column-is-layout-flow\" style=\"flex-basis:60%\">\n<figure class=\"wp-block-image size-full right\"><a href=\"https:\/\/www.ile-de-la-comtesse.com\/wp-content\/uploads\/2023\/11\/emplacement-caravane-vue-lac-camping-savoie.webp\"><img decoding=\"async\" width=\"2000\" height=\"1335\" src=\"https:\/\/www.ile-de-la-comtesse.com\/wp-content\/uploads\/2023\/11\/emplacement-caravane-vue-lac-camping-savoie.webp\" alt=\"Stellplatz Wohnwagen Seeblick Camping savoie\" class=\"wp-image-1897\" srcset=\"https:\/\/www.ile-de-la-comtesse.com\/wp-content\/uploads\/2023\/11\/emplacement-caravane-vue-lac-camping-savoie.webp 2000w, https:\/\/www.ile-de-la-comtesse.com\/wp-content\/uploads\/2023\/11\/emplacement-caravane-vue-lac-camping-savoie-300x200.webp 300w, https:\/\/www.ile-de-la-comtesse.com\/wp-content\/uploads\/2023\/11\/emplacement-caravane-vue-lac-camping-savoie-1024x684.webp 1024w, https:\/\/www.ile-de-la-comtesse.com\/wp-content\/uploads\/2023\/11\/emplacement-caravane-vue-lac-camping-savoie-768x513.webp 768w, https:\/\/www.ile-de-la-comtesse.com\/wp-content\/uploads\/2023\/11\/emplacement-caravane-vue-lac-camping-savoie-1536x1025.webp 1536w\" sizes=\"(max-width: 2000px) 100vw, 2000px\" \/><\/a><\/figure>\n<\/div>\n<\/div>\n\n\n\n<div class=\"wp-block-columns second is-layout-flex wp-container-core-columns-is-layout-9d6595d7 wp-block-columns-is-layout-flex\">\n<div class=\"wp-block-column is-layout-flow wp-block-column-is-layout-flow\">\n<h2 class=\"ls__heading wp-block-heading has-text-align-center\">Wachen Sie mit einer  <br\/><strong>Seeblick von Ihrer Mietunterkunft aus<\/strong><\/h2>\n\n\n\n<p class=\"ls-paragraph has-text-align-center\">Unser Camping in Savoyen bietet <strong>Unterk\u00fcnfte<\/strong> sowie <strong>idyllische<\/strong> <strong>Stellpl\u00e4tze<\/strong> mit Blick auf den Lac du Cuchet, wo Sie Ihr Zelt aufschlagen oder Ihren Wohnwagen aufstellen k\u00f6nnen, w\u00e4hrend Sie in absoluter Entspannung die Aussicht auf den See genie\u00dfen.<\/p>\n\n\n\n<p class=\"ls-paragraph has-text-align-center\">Es ist eine wahre Oase der Ruhe f\u00fcr Camping-Liebhaber!<\/p>\n<\/div>\n<\/div>\n\n\r\n    <\/div>\r\n<\/section><section id=\"ls-section-block_6d4ec13a5cf3ed311c5c90ae9e1f2e1b\" class=\"ls-section  home-intro page-three has-m-b m-b-2 has-p-b p-b-2\" >\r\n        <div class=\"container container--full\">\r\n        \n\n<div class=\"wp-block-columns are-vertically-aligned-center is-layout-flex wp-container-core-columns-is-layout-9d6595d7 wp-block-columns-is-layout-flex\">\n<div class=\"wp-block-column is-vertically-aligned-center left is-layout-flow wp-block-column-is-layout-flow\" style=\"flex-basis:55%\">\n<figure class=\"wp-block-image size-full animated fadeInLeft delay-100ms slow\"><a href=\"https:\/\/www.ile-de-la-comtesse.com\/wp-content\/uploads\/2023\/12\/activites-aquatiques-plan-deau-camping-ile-de-la-comtesse-.webp\"><img decoding=\"async\" width=\"2048\" height=\"1356\" src=\"https:\/\/www.ile-de-la-comtesse.com\/wp-content\/uploads\/2023\/12\/activites-aquatiques-plan-deau-camping-ile-de-la-comtesse-.webp\" alt=\"wasseraktivit&#xE4;ten plan deau camping ile de la comtesse\" class=\"wp-image-3441\" srcset=\"https:\/\/www.ile-de-la-comtesse.com\/wp-content\/uploads\/2023\/12\/activites-aquatiques-plan-deau-camping-ile-de-la-comtesse-.webp 2048w, https:\/\/www.ile-de-la-comtesse.com\/wp-content\/uploads\/2023\/12\/activites-aquatiques-plan-deau-camping-ile-de-la-comtesse--300x199.webp 300w, https:\/\/www.ile-de-la-comtesse.com\/wp-content\/uploads\/2023\/12\/activites-aquatiques-plan-deau-camping-ile-de-la-comtesse--1024x678.webp 1024w, https:\/\/www.ile-de-la-comtesse.com\/wp-content\/uploads\/2023\/12\/activites-aquatiques-plan-deau-camping-ile-de-la-comtesse--768x509.webp 768w, https:\/\/www.ile-de-la-comtesse.com\/wp-content\/uploads\/2023\/12\/activites-aquatiques-plan-deau-camping-ile-de-la-comtesse--1536x1017.webp 1536w\" sizes=\"(max-width: 2048px) 100vw, 2048px\" \/><\/a><\/figure>\n<\/div>\n\n\n\n<div class=\"wp-block-column is-vertically-aligned-center right is-layout-flow wp-block-column-is-layout-flow\" style=\"flex-basis:45%\">\n<h2 class=\"ls__heading wp-block-heading animated fadeInRight delay-100ms slow\">Spa\u00df, mit den<br\/><strong>Wasseraktivit\u00e4ten auf dem Cuchet-See<\/strong><\/h2>\n\n\n\n<p class=\"ls-paragraph\">Auf dem Cuchet-See kannst du eine Vielzahl an aufregenden <strong>Wassersportaktivit\u00e4ten<\/strong> genie\u00dfen! Sie k\u00f6nnen <strong>Kanu<\/strong>, <strong>Kajak<\/strong> und <strong>Paddelboot<\/strong> <strong>fahren<\/strong> oder <strong>sogar<\/strong> <strong>ein<\/strong> <strong>Motorboot<\/strong> mieten. <strong>Sie<\/strong> <strong>gerne<\/strong> <strong>angeln<\/strong>, ist der See auch ein <strong>idealer Ort<\/strong> zum <strong>Angeln<\/strong>. Wie auch immer Sie sich entscheiden, Sie werden einen unterhaltsamen Tag genie\u00dfen.<\/p>\n<\/div>\n<\/div>\n\n\r\n    <\/div>\r\n<\/section><section id=\"ls-section-block_efa4244a1190ecb834990e3c34bcb117\" class=\"ls-section  home-piscine page-four has-m-t m-t-2 has-p-t p-t-2\" >\r\n        <div class=\"container container--full\">\r\n        \n\n<div class=\"wp-block-columns second is-layout-flex wp-container-core-columns-is-layout-9d6595d7 wp-block-columns-is-layout-flex\">\n<div class=\"wp-block-column is-layout-flow wp-block-column-is-layout-flow\">\n<h2 class=\"ls__heading wp-block-heading has-text-align-center\"><strong>Machen Sie eine Kanufahrt<\/strong> <br\/>auf dem Cuchet-See<\/h2>\n\n\n\n<p class=\"ls-paragraph has-text-align-center\">Der <strong>Cuchet-See ist dank unseres<\/strong> Partners Foxagliss auf der anderen Seite des Ufers ideal zum <strong>Kanufahren<\/strong>.<strong> <\/strong>! Du kannst durch seine ruhigen Gew\u00e4sser paddeln und die nat\u00fcrliche Sch\u00f6nheit genie\u00dfen, die dich umgibt. Ob Anf\u00e4nger oder Fortgeschrittener, diese Aktivit\u00e4t ist perfekt, um sich zu entspannen und Spa\u00df im Freien zu haben. Vergiss nicht, vorsichtig zu sein und diese erfrischende Erfahrung auf dem See zu genie\u00dfen.<\/p>\n\n\n\n<p class=\"ls-paragraph has-text-align-center\">Mit Vertes Sensations k\u00f6nnen Sie im Ein- oder Zweisitzer-Kanu auf den Wildwassern des Flusses Guiers dem Alltag entfliehen. Dank unserer Partnerschaft profitieren Sie von Vorzugspreisen!<\/p>\n\n\n\n<p class=\"ls-paragraph has-text-align-center\">Es gibt <strong>2 m\u00f6gliche Wege<\/strong>:<\/p>\n\n\n\n<p class=\"ls-paragraph has-text-align-center\"><strong>Entdeckung:<\/strong> Geeignet f\u00fcr Familien mit Kindern ab 7 Jahren auf 8 km von Pont de Beauvoisin bis zum Staudamm von Romagnieu f\u00fcr ca. 2 Stunden Fahrt.<\/p>\n\n\n\n<p class=\"ls-paragraph has-text-align-center\"><strong>Integral:<\/strong> f\u00fcr die Sportlichsten, von Pont de Beauvoisin bis Saint G\u00e9nix Sur Guiers f\u00fcr ungef\u00e4hr 3 Stunden Fahrt.<\/p>\n<\/div>\n<\/div>\n\n\n\n<div class=\"wp-block-columns first is-layout-flex wp-container-core-columns-is-layout-9d6595d7 wp-block-columns-is-layout-flex\">\n<div class=\"wp-block-column is-layout-flow wp-block-column-is-layout-flow\" style=\"flex-basis:60%\">\n<figure class=\"wp-block-image size-full right\"><a href=\"https:\/\/www.ile-de-la-comtesse.com\/wp-content\/uploads\/2023\/11\/canoe-aventure-lac-camping.webp\"><img decoding=\"async\" width=\"2000\" height=\"1331\" src=\"https:\/\/www.ile-de-la-comtesse.com\/wp-content\/uploads\/2023\/11\/canoe-aventure-lac-camping.webp\" alt=\"Kanu Abenteuer See Camping\" class=\"wp-image-1918\" srcset=\"https:\/\/www.ile-de-la-comtesse.com\/wp-content\/uploads\/2023\/11\/canoe-aventure-lac-camping.webp 2000w, https:\/\/www.ile-de-la-comtesse.com\/wp-content\/uploads\/2023\/11\/canoe-aventure-lac-camping-300x200.webp 300w, https:\/\/www.ile-de-la-comtesse.com\/wp-content\/uploads\/2023\/11\/canoe-aventure-lac-camping-1024x681.webp 1024w, https:\/\/www.ile-de-la-comtesse.com\/wp-content\/uploads\/2023\/11\/canoe-aventure-lac-camping-768x511.webp 768w, https:\/\/www.ile-de-la-comtesse.com\/wp-content\/uploads\/2023\/11\/canoe-aventure-lac-camping-1536x1022.webp 1536w\" sizes=\"(max-width: 2000px) 100vw, 2000px\" \/><\/a><\/figure>\n<\/div>\n\n\n\n<div class=\"wp-block-column is-layout-flow wp-block-column-is-layout-flow\" style=\"flex-basis:40%\">\n<figure class=\"wp-block-image size-full left\"><a href=\"https:\/\/www.ile-de-la-comtesse.com\/wp-content\/uploads\/2023\/11\/activite-aquatique-kayak-camping-savoie-scaled.webp\"><img decoding=\"async\" width=\"2048\" height=\"1311\" src=\"https:\/\/www.ile-de-la-comtesse.com\/wp-content\/uploads\/2023\/11\/activite-aquatique-kayak-camping-savoie-scaled.webp\" alt=\"wassersport kajak camping savoie\" class=\"wp-image-1891\" srcset=\"https:\/\/www.ile-de-la-comtesse.com\/wp-content\/uploads\/2023\/11\/activite-aquatique-kayak-camping-savoie-scaled.webp 2048w, https:\/\/www.ile-de-la-comtesse.com\/wp-content\/uploads\/2023\/11\/activite-aquatique-kayak-camping-savoie-300x192.webp 300w, https:\/\/www.ile-de-la-comtesse.com\/wp-content\/uploads\/2023\/11\/activite-aquatique-kayak-camping-savoie-1024x655.webp 1024w, https:\/\/www.ile-de-la-comtesse.com\/wp-content\/uploads\/2023\/11\/activite-aquatique-kayak-camping-savoie-768x492.webp 768w, https:\/\/www.ile-de-la-comtesse.com\/wp-content\/uploads\/2023\/11\/activite-aquatique-kayak-camping-savoie-1536x983.webp 1536w\" sizes=\"(max-width: 2048px) 100vw, 2048px\" \/><\/a><\/figure>\n<\/div>\n<\/div>\n\n\r\n    <\/div>\r\n<\/section><section id=\"ls-section-block_c942ca522ffb8b2c92260b54113cc595\" class=\"ls-section  page-maillage\" >\r\n        <div class=\"container container--wide\">\r\n        \n\n<div id=\"ls-heading ls-titre-div-block_8bd6dc9174adcab7a179c8621e5ab13d\" class=\"ls-titre-div aligncenter h2-like\" >\n    Entdecken Sie den Wasserbereich, unsere Dienstleistungen und unsere Mietunterk\u00fcnfte!<\/div>\n\n\n<div id=\"ls-maillage-block_a884686170d0a7e456350ca26f68478a\" class=\"ls-maillage cta-style-normal\" data-rows=\"3\">\r\n    <div class=\"wp-block-columns\"><div class=\"wp-block-column\">\n\n<a href=\"https:\/\/www.ile-de-la-comtesse.com\/de\/vermietung-mobil-home-murs-et-gelignieux\/\" target=\"\" rel=\"noopener\" class=\"ls-cta__link\">\n\n\t<div class=\"ls-cta__image\"><img decoding=\"async\" src=\"https:\/\/www.ile-de-la-comtesse.com\/wp-content\/uploads\/2023\/11\/lodge-camping-ile-de-la-comtesse-confort-scaled.webp\" alt=\"lodge camping ile de la comtesse komfort\"><\/div>\n\t<div class=\"ls-cta__title\">\n\t\tUnsere Mietobjekte\t<\/div>\n\n\t\t\n<\/a><\/div><div class=\"wp-block-column\">\n\n<a href=\"https:\/\/www.ile-de-la-comtesse.com\/de\/camping-familienfreundlicher-murs-et-gelignieux\/\" target=\"\" rel=\"noopener\" class=\"ls-cta__link\">\n\n\t<div class=\"ls-cta__image\"><img decoding=\"async\" src=\"https:\/\/www.ile-de-la-comtesse.com\/wp-content\/uploads\/2023\/11\/camping-comtesse-reception-scaled.webp\" alt=\"Camping mit Bar und Rezeption an sonnigen Tagen.\"><\/div>\n\t<div class=\"ls-cta__title\">\n\t\tUnsere Dienstleistungen\t<\/div>\n\n\t\t\n<\/a><\/div><div class=\"wp-block-column\">\n\n<a href=\"https:\/\/www.ile-de-la-comtesse.com\/de\/camping-wasserraum-murs-et-gelignieux\/\" target=\"\" rel=\"noopener\" class=\"ls-cta__link\">\n\n\t<div class=\"ls-cta__image\"><img decoding=\"async\" src=\"https:\/\/www.ile-de-la-comtesse.com\/wp-content\/uploads\/2023\/10\/camping-piscine-savoie.jpg\" alt=\"campingplatz schwimmbad savoie\"><\/div>\n\t<div class=\"ls-cta__title\">\n\t\tDer Wasserbereich\t<\/div>\n\n\t\t\n<\/a><\/div><\/div><\/div>\n\r\n    <\/div>\r\n<\/section>","protected":false},"excerpt":{"rendered":"","protected":false},"author":1,"featured_media":1906,"parent":0,"menu_order":0,"comment_status":"closed","ping_status":"closed","template":"","meta":{"_acf_changed":false,"_seopress_robots_primary_cat":"","_seopress_titles_title":"Camping am Seeufer von Cuchet: Wassersportaktivit\u00e4ten","_seopress_titles_desc":"Unser Campingplatz bietet Ihnen einen direkten Zugang zum Flussufer f\u00fcr Spazierg\u00e4nge und Wassersportaktivit\u00e4ten. Unsere Unterk\u00fcnfte und Stellpl\u00e4tze bieten einen atemberaubenden Blick auf den See.","_seopress_robots_index":"","inline_featured_image":false,"footnotes":""},"sujet":[],"class_list":["post-3756","page","type-page","status-publish","has-post-thumbnail","hentry"],"acf":[],"_links":{"self":[{"href":"https:\/\/www.ile-de-la-comtesse.com\/de\/wp-json\/wp\/v2\/pages\/3756","targetHints":{"allow":["GET"]}}],"collection":[{"href":"https:\/\/www.ile-de-la-comtesse.com\/de\/wp-json\/wp\/v2\/pages"}],"about":[{"href":"https:\/\/www.ile-de-la-comtesse.com\/de\/wp-json\/wp\/v2\/types\/page"}],"author":[{"embeddable":true,"href":"https:\/\/www.ile-de-la-comtesse.com\/de\/wp-json\/wp\/v2\/users\/1"}],"replies":[{"embeddable":true,"href":"https:\/\/www.ile-de-la-comtesse.com\/de\/wp-json\/wp\/v2\/comments?post=3756"}],"version-history":[{"count":7,"href":"https:\/\/www.ile-de-la-comtesse.com\/de\/wp-json\/wp\/v2\/pages\/3756\/revisions"}],"predecessor-version":[{"id":4912,"href":"https:\/\/www.ile-de-la-comtesse.com\/de\/wp-json\/wp\/v2\/pages\/3756\/revisions\/4912"}],"wp:featuredmedia":[{"embeddable":true,"href":"https:\/\/www.ile-de-la-comtesse.com\/de\/wp-json\/wp\/v2\/media\/1906"}],"wp:attachment":[{"href":"https:\/\/www.ile-de-la-comtesse.com\/de\/wp-json\/wp\/v2\/media?parent=3756"}],"wp:term":[{"taxonomy":"sujet","embeddable":true,"href":"https:\/\/www.ile-de-la-comtesse.com\/de\/wp-json\/wp\/v2\/sujet?post=3756"}],"curies":[{"name":"wp","href":"https:\/\/api.w.org\/{rel}","templated":true}]}}