{"id":3749,"date":"2023-10-19T11:24:55","date_gmt":"2023-10-19T09:24:55","guid":{"rendered":"https:\/\/www.ile-de-la-comtesse.com\/familienfreundlicher-campingplatz-mauern-und-gelignieux\/"},"modified":"2023-12-22T14:08:38","modified_gmt":"2023-12-22T13:08:38","slug":"camping-familienfreundlicher-murs-et-gelignieux","status":"publish","type":"page","link":"https:\/\/www.ile-de-la-comtesse.com\/de\/camping-familienfreundlicher-murs-et-gelignieux\/","title":{"rendered":"Dienste"},"content":{"rendered":"<section id=\"ls-section-block_56b67fc5d50e141e743e17daaf97741a\" class=\"ls-section  home-intro page-one has-p-b p-b-2\" >\r\n        <div class=\"container container--full\">\r\n        \n\n<div class=\"wp-block-columns are-vertically-aligned-center is-layout-flex wp-container-core-columns-is-layout-9d6595d7 wp-block-columns-is-layout-flex\">\n<div class=\"wp-block-column is-vertically-aligned-center left is-layout-flow wp-block-column-is-layout-flow\" style=\"flex-basis:45%\">\n<h1 class=\"ls__heading wp-block-heading has-text-align-left\">Ein famili\u00e4rer Campingplatz in Savoyen, der es gut mit Ihnen meint<\/h1>\n\n\n\n<div class=\"star-container animated fadeInLeft delay-100ms slow\"> \n<i class=\"comtesse-star\"><\/i>\n<i class=\"comtesse-star\"><\/i>\n<i class=\"comtesse-star\"><\/i>\n<i class=\"comtesse-star\"><\/i>\n<\/div>\n\n\n\n<h2 class=\"ls__heading wp-block-heading animated fadeInLeft delay-100ms slow\">Die Rezeption des Campings: wir sind f\u00fcr Sie da<\/h2>\n\n\n\n<p class=\"ls-paragraph\">Unser Personal steht Ihnen den ganzen Tag \u00fcber zur Verf\u00fcgung. Die <strong>Rezeption<\/strong> ist von <strong>9:00 bis 12:00 Uhr und von 14:00 bis 20<\/strong>:00 Uhr ge\u00f6ffnet. Lea wird sich freuen, Sie begr\u00fc\u00dfen zu d\u00fcrfen. Eine gro\u00dfe Auswahl an <strong>Postkarten<\/strong> wird Ihnen angeboten. Werfen Sie Ihre Post in den gelben Kasten. Der Postbote kommt jeden Tag auf dem Campingplatz vorbei, um Ihre Post abzuholen. Wenn Sie <strong>Informationen \u00fcber den Campingplatz oder die Umgebung<\/strong> ben\u00f6tigen, kann Lea diese problemlos beantworten.  <\/p>\n\n\n\n<div class=\"wp-block-columns is-layout-flex wp-container-core-columns-is-layout-9d6595d7 wp-block-columns-is-layout-flex\">\n<div class=\"wp-block-column is-layout-flow wp-block-column-is-layout-flow\">\n<figure class=\"wp-block-image size-full\"><img decoding=\"async\" width=\"720\" height=\"717\" src=\"https:\/\/www.ile-de-la-comtesse.com\/wp-content\/uploads\/2023\/12\/lea.webp\" alt=\"L&#xE9;a\" class=\"wp-image-4862\" srcset=\"https:\/\/www.ile-de-la-comtesse.com\/wp-content\/uploads\/2023\/12\/lea.webp 720w, https:\/\/www.ile-de-la-comtesse.com\/wp-content\/uploads\/2023\/12\/lea-300x300.webp 300w, https:\/\/www.ile-de-la-comtesse.com\/wp-content\/uploads\/2023\/12\/lea-150x150.webp 150w\" sizes=\"(max-width: 720px) 100vw, 720px\" \/><\/figure>\n<\/div>\n\n\n\n<div class=\"wp-block-column is-layout-flow wp-block-column-is-layout-flow\">\n<div id=\"ls-heading ls-titre-div-block_7768aa5e39283c3971f82a8c3170a3d1\" class=\"ls-titre-div h2-like\" >\n    &#8222;L\u00e9as guter Rat&#8220;<\/div>\n\n\n\n<p class=\"ls-paragraph\">Ob per E-Mail oder Telefon, ich werde immer zur Verf\u00fcgung stehen, um Ihre Fragen zu beantworten. Ich freue mich darauf, Sie bei Ihrer Ankunft mit meinem sch\u00f6nsten L\u00e4cheln zu begr\u00fc\u00dfen. Wenn Sie sich f\u00fcr L&#8217;Ile de la Comtesse entscheiden, wird Ihr Urlaub zu den unvergesslichsten geh\u00f6ren!<\/p>\n<\/div>\n<\/div>\n<\/div>\n\n\n\n<div class=\"wp-block-column is-vertically-aligned-center right is-layout-flow wp-block-column-is-layout-flow\" style=\"flex-basis:55%\">\n<figure class=\"wp-block-image size-full animated fadeInRight delay-100ms slow\"><a href=\"https:\/\/www.ile-de-la-comtesse.com\/wp-content\/uploads\/2023\/11\/camping-comtesse-reception-scaled.webp\"><img decoding=\"async\" width=\"2560\" height=\"1708\" src=\"https:\/\/www.ile-de-la-comtesse.com\/wp-content\/uploads\/2023\/11\/camping-comtesse-reception-scaled.webp\" alt=\"Camping mit Bar und Rezeption an sonnigen Tagen.\" class=\"wp-image-1291\" srcset=\"https:\/\/www.ile-de-la-comtesse.com\/wp-content\/uploads\/2023\/11\/camping-comtesse-reception-scaled.webp 2560w, https:\/\/www.ile-de-la-comtesse.com\/wp-content\/uploads\/2023\/11\/camping-comtesse-reception-300x200.webp 300w, https:\/\/www.ile-de-la-comtesse.com\/wp-content\/uploads\/2023\/11\/camping-comtesse-reception-1024x683.webp 1024w, https:\/\/www.ile-de-la-comtesse.com\/wp-content\/uploads\/2023\/11\/camping-comtesse-reception-768x513.webp 768w, https:\/\/www.ile-de-la-comtesse.com\/wp-content\/uploads\/2023\/11\/camping-comtesse-reception-1536x1025.webp 1536w, https:\/\/www.ile-de-la-comtesse.com\/wp-content\/uploads\/2023\/11\/camping-comtesse-reception-2048x1367.webp 2048w\" sizes=\"(max-width: 2560px) 100vw, 2560px\" \/><\/a><\/figure>\n<\/div>\n<\/div>\n\n\r\n    <\/div>\r\n<\/section><section id=\"ls-section-block_943d6309681ad923051a49a9ddfaf3a7\" class=\"ls-section  home-intro page-three background-blue has-m-t m-t-1 has-m-b m-b-3 has-p-b p-b-2\" >\r\n        <div class=\"container container--full\">\r\n        \n\n<div class=\"wp-block-columns are-vertically-aligned-center is-layout-flex wp-container-core-columns-is-layout-9d6595d7 wp-block-columns-is-layout-flex\">\n<div class=\"wp-block-column is-vertically-aligned-center left is-layout-flow wp-block-column-is-layout-flow\" style=\"flex-basis:55%\">\n<figure class=\"wp-block-image size-full animated fadeInLeft delay-100ms slow\"><a href=\"https:\/\/www.ile-de-la-comtesse.com\/wp-content\/uploads\/2023\/11\/service-blanchisserie-camping-ile-de-la-comtesse-scaled.webp\"><img decoding=\"async\" width=\"2048\" height=\"1382\" src=\"https:\/\/www.ile-de-la-comtesse.com\/wp-content\/uploads\/2023\/11\/service-blanchisserie-camping-ile-de-la-comtesse-scaled.webp\" alt=\"W&#xE4;scheservice Camping ile de la comtesse\" class=\"wp-image-1473\" srcset=\"https:\/\/www.ile-de-la-comtesse.com\/wp-content\/uploads\/2023\/11\/service-blanchisserie-camping-ile-de-la-comtesse-scaled.webp 2048w, https:\/\/www.ile-de-la-comtesse.com\/wp-content\/uploads\/2023\/11\/service-blanchisserie-camping-ile-de-la-comtesse-300x202.webp 300w, https:\/\/www.ile-de-la-comtesse.com\/wp-content\/uploads\/2023\/11\/service-blanchisserie-camping-ile-de-la-comtesse-1024x691.webp 1024w, https:\/\/www.ile-de-la-comtesse.com\/wp-content\/uploads\/2023\/11\/service-blanchisserie-camping-ile-de-la-comtesse-768x518.webp 768w, https:\/\/www.ile-de-la-comtesse.com\/wp-content\/uploads\/2023\/11\/service-blanchisserie-camping-ile-de-la-comtesse-1536x1036.webp 1536w\" sizes=\"(max-width: 2048px) 100vw, 2048px\" \/><\/a><\/figure>\n<\/div>\n\n\n\n<div class=\"wp-block-column is-vertically-aligned-center right is-layout-flow wp-block-column-is-layout-flow\" style=\"flex-basis:45%\">\n<h2 class=\"ls__heading wp-block-heading animated fadeInRight delay-100ms slow\">Keine Einschr\u00e4nkungen mehr mit unserem  <br\/><strong>W\u00e4scheservice<\/strong><\/h2>\n\n\n\n<p class=\"ls-paragraph\">Unser<strong> Waschsalon<\/strong> auf dem <a href=\"https:\/\/www.ile-de-la-comtesse.com\/de\/\" data-type=\"page\" data-id=\"192\">Campingplatz \u00cele de la comtesse<\/a> ist eine wichtige Annehmlichkeit f\u00fcr unsere Campingfreunde. Ausgestattet mit modernen Maschinen wird das Waschen und <strong>Trocknen der W\u00e4sche<\/strong> zum Kinderspiel. So k\u00f6nnen Sie Ihre Kleidung w\u00e4hrend Ihres gesamten Aufenthalts sorgenfrei sauber halten.<\/p>\n\n\n<div class=\"wp-block-image\">\n<figure class=\"alignright size-large is-resized\"><img decoding=\"async\" width=\"93\" height=\"98\" src=\"https:\/\/www.ile-de-la-comtesse.com\/wp-content\/uploads\/2023\/10\/camping-savoie-familial.svg\" alt=\"camping savoie familial\" class=\"wp-image-351\" style=\"width:181px;height:auto\"\/><\/figure>\n<\/div><\/div>\n<\/div>\n\n\r\n    <\/div>\r\n<\/section><section id=\"ls-section-block_010ec51a3b5b690fef75f7df946ce70a\" class=\"ls-section  home-intro page-five\" >\r\n        <div class=\"container container--full\">\r\n        \n\n<div class=\"wp-block-columns are-vertically-aligned-center is-layout-flex wp-container-core-columns-is-layout-9d6595d7 wp-block-columns-is-layout-flex\">\n<div class=\"wp-block-column is-vertically-aligned-center left is-layout-flow wp-block-column-is-layout-flow\" style=\"flex-basis:45%\">\n<h2 class=\"ls__heading wp-block-heading animated fadeInLeft delay-100ms slow\">Ein vernetzter Campingplatz<\/h2>\n\n\n\n<p class=\"ls-paragraph\">F\u00fcr unsere Camperfreunde, die w\u00e4hrend ihres gesamten Aufenthalts in Verbindung bleiben m\u00f6chten, kann ich Sie beruhigen: <strong>WLAN ist in den Gemeinschaftsbereichen<\/strong> des Campingplatzes verf\u00fcgbar und kostenlos. WLAN ist <strong>auf den Stellpl\u00e4tzen nicht verf\u00fcgbar<\/strong>. TikTok und Instagram warten auf dich nach deinem Tag im Schwimmbad oder auf dem Heimweg.<\/p>\n<\/div>\n\n\n\n<div class=\"wp-block-column is-vertically-aligned-center right is-layout-flow wp-block-column-is-layout-flow\" style=\"flex-basis:55%\">\n<figure class=\"wp-block-image size-full animated fadeInRight delay-100ms slow\"><a href=\"https:\/\/www.ile-de-la-comtesse.com\/wp-content\/uploads\/2023\/11\/camping-wifi-savoie.webp\"><img decoding=\"async\" width=\"1920\" height=\"1280\" src=\"https:\/\/www.ile-de-la-comtesse.com\/wp-content\/uploads\/2023\/11\/camping-wifi-savoie.webp\" alt=\"Mann ber&#xE4;t Smartphone zu Hause.\" class=\"wp-image-1298\" srcset=\"https:\/\/www.ile-de-la-comtesse.com\/wp-content\/uploads\/2023\/11\/camping-wifi-savoie.webp 1920w, https:\/\/www.ile-de-la-comtesse.com\/wp-content\/uploads\/2023\/11\/camping-wifi-savoie-300x200.webp 300w, https:\/\/www.ile-de-la-comtesse.com\/wp-content\/uploads\/2023\/11\/camping-wifi-savoie-1024x683.webp 1024w, https:\/\/www.ile-de-la-comtesse.com\/wp-content\/uploads\/2023\/11\/camping-wifi-savoie-768x512.webp 768w, https:\/\/www.ile-de-la-comtesse.com\/wp-content\/uploads\/2023\/11\/camping-wifi-savoie-1536x1024.webp 1536w\" sizes=\"(max-width: 1920px) 100vw, 1920px\" \/><\/a><\/figure>\n<\/div>\n<\/div>\n\n\r\n    <\/div>\r\n<\/section><section id=\"ls-section-block_943d6309681ad923051a49a9ddfaf3a7\" class=\"ls-section  home-intro page-three background-blue has-m-t m-t-1 has-m-b m-b-3 has-p-b p-b-2\" >\r\n        <div class=\"container container--full\">\r\n        \n\n<div class=\"wp-block-columns are-vertically-aligned-center is-layout-flex wp-container-core-columns-is-layout-9d6595d7 wp-block-columns-is-layout-flex\">\n<div class=\"wp-block-column is-vertically-aligned-center left is-layout-flow wp-block-column-is-layout-flow\" style=\"flex-basis:55%\">\n<figure class=\"wp-block-image size-full animated fadeInLeft delay-100ms slow\"><a href=\"https:\/\/www.ile-de-la-comtesse.com\/wp-content\/uploads\/2023\/11\/epicerie-camping-savoie.webp\"><img decoding=\"async\" width=\"2048\" height=\"1356\" src=\"https:\/\/www.ile-de-la-comtesse.com\/wp-content\/uploads\/2023\/11\/epicerie-camping-savoie.webp\" alt=\"Lebensmittelgesch&#xE4;ft mit Kunden und Produkten in Regalen.\" class=\"wp-image-1308\" srcset=\"https:\/\/www.ile-de-la-comtesse.com\/wp-content\/uploads\/2023\/11\/epicerie-camping-savoie.webp 2048w, https:\/\/www.ile-de-la-comtesse.com\/wp-content\/uploads\/2023\/11\/epicerie-camping-savoie-300x199.webp 300w, https:\/\/www.ile-de-la-comtesse.com\/wp-content\/uploads\/2023\/11\/epicerie-camping-savoie-1024x678.webp 1024w, https:\/\/www.ile-de-la-comtesse.com\/wp-content\/uploads\/2023\/11\/epicerie-camping-savoie-768x509.webp 768w, https:\/\/www.ile-de-la-comtesse.com\/wp-content\/uploads\/2023\/11\/epicerie-camping-savoie-1536x1017.webp 1536w\" sizes=\"(max-width: 2048px) 100vw, 2048px\" \/><\/a><\/figure>\n<\/div>\n\n\n\n<div class=\"wp-block-column is-vertically-aligned-center right is-layout-flow wp-block-column-is-layout-flow\" style=\"flex-basis:45%\">\n<h2 class=\"ls__heading wp-block-heading animated fadeInRight delay-100ms slow\">Treffpunkt in  <br\/><strong>der Lebensmittelladen des Campings<\/strong><\/h2>\n\n\n\n<p class=\"ls-paragraph has-text-align-left\">Ein Versehen? Wir haben an alles gedacht! Unser <strong>Lebensmittelgesch\u00e4ft<\/strong> bietet Ihnen einige <strong>Lebensmittelabteilungen<\/strong>, <strong>eine Frischetheke<\/strong> sowie <strong>einen Bereich<\/strong> <strong>f\u00fcr Hygiene<\/strong>&#8211; und <strong>Haushaltsprodukte<\/strong>. Sie werden \u00fcberrascht sein, was wir alles f\u00fcr Sie haben. \ud83d\ude42  <\/p>\n\n\n\n<p class=\"ls-paragraph has-text-align-left\">Der Lebensmittelladen ist <strong>von 8:00 bis 12<\/strong>:00 Uhr und <strong>von 17:00 bis 19<\/strong>:00 Uhr ge\u00f6ffnet. Gr\u00f6\u00dfere Gesch\u00e4fte sind 5 km vom Camping entfernt, also k\u00f6nnen Sie auch gleich bei uns bleiben. \ud83d\ude42 .<\/p>\n<\/div>\n<\/div>\n\n\r\n    <\/div>\r\n<\/section><section id=\"ls-section-block_010ec51a3b5b690fef75f7df946ce70a\" class=\"ls-section  home-intro page-five\" >\r\n        <div class=\"container container--full\">\r\n        \n\n<div class=\"wp-block-columns are-vertically-aligned-center is-layout-flex wp-container-core-columns-is-layout-9d6595d7 wp-block-columns-is-layout-flex\">\n<div class=\"wp-block-column is-vertically-aligned-center left is-layout-flow wp-block-column-is-layout-flow\" style=\"flex-basis:45%\">\n<h2 class=\"ls__heading wp-block-heading animated fadeInLeft delay-100ms slow\"><strong>Gutes warmes Brot<\/strong> <br\/>jeden Morgen<\/h2>\n\n\n\n<p class=\"ls-paragraph\">Comme nous faisons tout pour rendre votre s\u00e9jour le plus reposant et agr\u00e9able possible, vous avez sur place la possibilit\u00e9 de r\u00e9server du pain ainsi que des viennoiseries (r\u00e9servation la veille pour le lendemain). Da wir alles tun, um Ihren Aufenthalt so erholsam und angenehm wie m\u00f6glich zu gestalten, haben Sie vor Ort die M\u00f6glichkeit, <strong>Brot sowie<\/strong> <strong>Geb\u00e4ck zu reservieren<\/strong> (Reservierung am Vortag f\u00fcr den n\u00e4chsten Tag). <\/p>\n\n\n\n<p class=\"ls-paragraph\">Von weniger bis zu mehr Feinschmeckern stehen <strong>von 8 bis 10 Uhr<\/strong> verschiedene Fr\u00fchst\u00fccksangebote <strong>vor Ort oder zum Mitnehmen<\/strong> zur Verf\u00fcgung.<\/p>\n<\/div>\n\n\n\n<div class=\"wp-block-column is-vertically-aligned-center right is-layout-flow wp-block-column-is-layout-flow\" style=\"flex-basis:55%\">\n<figure class=\"wp-block-image size-full animated fadeInRight delay-100ms slow\"><a href=\"https:\/\/www.ile-de-la-comtesse.com\/wp-content\/uploads\/2023\/11\/pain-tous-les-matins-camping-ile-de-la-comtesse.webp\"><img decoding=\"async\" width=\"1024\" height=\"1024\" src=\"https:\/\/www.ile-de-la-comtesse.com\/wp-content\/uploads\/2023\/11\/pain-tous-les-matins-camping-ile-de-la-comtesse.webp\" alt=\"Brot jeden Morgen Camping ile de la comtesse\" class=\"wp-image-1502\" srcset=\"https:\/\/www.ile-de-la-comtesse.com\/wp-content\/uploads\/2023\/11\/pain-tous-les-matins-camping-ile-de-la-comtesse.webp 1024w, https:\/\/www.ile-de-la-comtesse.com\/wp-content\/uploads\/2023\/11\/pain-tous-les-matins-camping-ile-de-la-comtesse-300x300.webp 300w, https:\/\/www.ile-de-la-comtesse.com\/wp-content\/uploads\/2023\/11\/pain-tous-les-matins-camping-ile-de-la-comtesse-150x150.webp 150w, https:\/\/www.ile-de-la-comtesse.com\/wp-content\/uploads\/2023\/11\/pain-tous-les-matins-camping-ile-de-la-comtesse-768x768.webp 768w\" sizes=\"(max-width: 1024px) 100vw, 1024px\" \/><\/a><\/figure>\n<\/div>\n<\/div>\n\n\r\n    <\/div>\r\n<\/section><section id=\"ls-section-block_3dba4a44a5a4912f514f7747445f907f\" class=\"ls-section  home-piscine page-four has-m-t m-t-4 has-p-t p-t-2\" >\r\n        <div class=\"container container--full\">\r\n        \n\n<div class=\"wp-block-columns second is-layout-flex wp-container-core-columns-is-layout-9d6595d7 wp-block-columns-is-layout-flex\">\n<div class=\"wp-block-column is-layout-flow wp-block-column-is-layout-flow\">\n<h2 class=\"ls__heading wp-block-heading has-text-align-center\">  Brauchen Sie mehr?  <br\/><strong>Zus\u00e4tzliche Vermietungen<\/strong><\/h2>\n\n\n\n<p class=\"ls-paragraph has-text-align-center\">Wir haben verschiedene Vermietungsdienste eingerichtet, um Ihren Aufenthalt so perfekt wie m\u00f6glich zu gestalten. Um gemeinsam mit der Familie zu grillen, k\u00f6nnen Sie bei uns Grills f\u00fcr einen <strong>Tag mieten<\/strong> und <strong>Kohle im Lebensmittelgesch\u00e4ft kaufen<\/strong>. Elektrische Grills sind auf dem Campingplatz verboten. Vous pourrez \u00e9galement louer des tables et des chaises \u00e0 la r\u00e9ception, ainsi que des frigos. Au\u00dferdem k\u00f6nnen Sie an der <strong>Rezeption Tische und St\u00fchle<\/strong> <strong>sowie K\u00fchlschr\u00e4nke ausleihen<\/strong>.<\/p>\n\n\n\n<p class=\"ls-paragraph has-text-align-center\">F\u00fcr den Komfort Ihres Babys haben Sie an der Rezeption die M\u00f6glichkeit, ein <strong>Babyset<\/strong> zu buchen. Dieses <strong>Set<\/strong> beinhaltet: einen <strong>Hochstuhl<\/strong>, eine <strong>Badewanne<\/strong> und ein<strong> Regenschirmbett<\/strong>. Un d\u00e9part en vacances est souvent synonyme d\u2019oubli, n&#8217;ayez pas d\u2019inqui\u00e9tudes, nous avons une option location literie ainsi que du linge de toilette. Ein Urlaub bedeutet oft, dass man etwas vergisst. Machen Sie sich keine Sorgen, wir <strong>haben eine Option<\/strong> f\u00fcr <strong>Bettw\u00e4sche und Handt\u00fccher<\/strong>.<\/p>\n\n\n\n<p class=\"ls-paragraph has-text-align-center\">F\u00fcr <strong>Radsportfans<\/strong> <strong>oder f\u00fcr eine<\/strong> <strong>einfache Fahrt auf der Via Rh\u00f4na<\/strong> on bieten wir Ihnen mehrere Zeitfenster am Tag, um <strong>unsere Fahrr\u00e4der zu mieten<\/strong>. Wir haben auch <strong>Fahrr\u00e4der f\u00fcr Kinder<\/strong> (Kaution 150\u20ac pro Fahrrad). Z\u00f6gern Sie nicht, bei der Buchung nachzufragen oder uns direkt anzurufen.<\/p>\n<\/div>\n<\/div>\n\n\n\n<div class=\"wp-block-columns first is-layout-flex wp-container-core-columns-is-layout-9d6595d7 wp-block-columns-is-layout-flex\">\n<div class=\"wp-block-column is-layout-flow wp-block-column-is-layout-flow\" style=\"flex-basis:60%\">\n<figure class=\"wp-block-image size-full left\"><a href=\"https:\/\/www.ile-de-la-comtesse.com\/wp-content\/uploads\/2023\/11\/location-velos-enfants-adultes-camping-savoie.webp\"><img decoding=\"async\" width=\"1920\" height=\"1200\" src=\"https:\/\/www.ile-de-la-comtesse.com\/wp-content\/uploads\/2023\/11\/location-velos-enfants-adultes-camping-savoie.webp\" alt=\"Familie beim Radfahren im Freien\" class=\"wp-image-1396\" srcset=\"https:\/\/www.ile-de-la-comtesse.com\/wp-content\/uploads\/2023\/11\/location-velos-enfants-adultes-camping-savoie.webp 1920w, https:\/\/www.ile-de-la-comtesse.com\/wp-content\/uploads\/2023\/11\/location-velos-enfants-adultes-camping-savoie-300x188.webp 300w, https:\/\/www.ile-de-la-comtesse.com\/wp-content\/uploads\/2023\/11\/location-velos-enfants-adultes-camping-savoie-1024x640.webp 1024w, https:\/\/www.ile-de-la-comtesse.com\/wp-content\/uploads\/2023\/11\/location-velos-enfants-adultes-camping-savoie-768x480.webp 768w, https:\/\/www.ile-de-la-comtesse.com\/wp-content\/uploads\/2023\/11\/location-velos-enfants-adultes-camping-savoie-1536x960.webp 1536w\" sizes=\"(max-width: 1920px) 100vw, 1920px\" \/><\/a><\/figure>\n<\/div>\n\n\n\n<div class=\"wp-block-column is-layout-flow wp-block-column-is-layout-flow\" style=\"flex-basis:40%\">\n<figure class=\"wp-block-image size-full right\"><a href=\"https:\/\/www.ile-de-la-comtesse.com\/wp-content\/uploads\/2023\/11\/location-literie-camping-ile-de-la-comtesse-savoie-scaled.webp\"><img decoding=\"async\" width=\"2048\" height=\"2048\" src=\"https:\/\/www.ile-de-la-comtesse.com\/wp-content\/uploads\/2023\/11\/location-literie-camping-ile-de-la-comtesse-savoie-scaled.webp\" alt=\"Junge Frau, die sich hinter einer wei&#xDF;en Bettdecke versteckt.\" class=\"wp-image-1459\" srcset=\"https:\/\/www.ile-de-la-comtesse.com\/wp-content\/uploads\/2023\/11\/location-literie-camping-ile-de-la-comtesse-savoie-scaled.webp 2048w, https:\/\/www.ile-de-la-comtesse.com\/wp-content\/uploads\/2023\/11\/location-literie-camping-ile-de-la-comtesse-savoie-300x300.webp 300w, https:\/\/www.ile-de-la-comtesse.com\/wp-content\/uploads\/2023\/11\/location-literie-camping-ile-de-la-comtesse-savoie-1024x1024.webp 1024w, https:\/\/www.ile-de-la-comtesse.com\/wp-content\/uploads\/2023\/11\/location-literie-camping-ile-de-la-comtesse-savoie-150x150.webp 150w, https:\/\/www.ile-de-la-comtesse.com\/wp-content\/uploads\/2023\/11\/location-literie-camping-ile-de-la-comtesse-savoie-768x768.webp 768w, https:\/\/www.ile-de-la-comtesse.com\/wp-content\/uploads\/2023\/11\/location-literie-camping-ile-de-la-comtesse-savoie-1536x1536.webp 1536w\" sizes=\"(max-width: 2048px) 100vw, 2048px\" \/><\/a><\/figure>\n<\/div>\n<\/div>\n\n\r\n    <\/div>\r\n<\/section><section id=\"ls-section-block_c715355b7e7027380b344a4520833a76\" class=\"ls-section  page-maillage\" >\r\n        <div class=\"container container--wide\">\r\n        \n\n<div id=\"ls-heading ls-titre-div-block_b39a7b1bd9313947cb7d2664c4213d86\" class=\"ls-titre-div aligncenter h2-like\" >\n    Entdecken Sie unser Restaurant, unseren Wasserbereich und unsere Mietunterk\u00fcnfte!<\/div>\n\n\n<div id=\"ls-maillage-block_f2c484007e4cb237df72edd13381d68b\" class=\"ls-maillage cta-style-normal\" data-rows=\"3\">\r\n    <div class=\"wp-block-columns\"><div class=\"wp-block-column\">\n\n<a href=\"https:\/\/www.ile-de-la-comtesse.com\/de\/restaurant-murs-et-gelignieux\/\" target=\"\" rel=\"noopener\" class=\"ls-cta__link\">\n\n\t<div class=\"ls-cta__image\"><img decoding=\"async\" src=\"https:\/\/www.ile-de-la-comtesse.com\/wp-content\/uploads\/2023\/11\/pizza-burguer-camping-snack-savoie-scaled.webp\" alt=\"pizza burguer camping snack savoie\"><\/div>\n\t<div class=\"ls-cta__title\">\n\t\tUnser Restaurant\t<\/div>\n\n\t\t\n<\/a><\/div><div class=\"wp-block-column\">\n\n<a href=\"https:\/\/www.ile-de-la-comtesse.com\/de\/vermietung-mobil-home-murs-et-gelignieux\/\" target=\"\" rel=\"noopener\" class=\"ls-cta__link\">\n\n\t<div class=\"ls-cta__image\"><img decoding=\"async\" src=\"https:\/\/www.ile-de-la-comtesse.com\/wp-content\/uploads\/2023\/11\/lodge-camping-ile-de-la-comtesse-confort-scaled.webp\" alt=\"lodge camping ile de la comtesse komfort\"><\/div>\n\t<div class=\"ls-cta__title\">\n\t\tUnsere Mietobjekte\t<\/div>\n\n\t\t\n<\/a><\/div><div class=\"wp-block-column\">\n\n<a href=\"https:\/\/www.ile-de-la-comtesse.com\/de\/camping-wasserraum-murs-et-gelignieux\/\" target=\"\" rel=\"noopener\" class=\"ls-cta__link\">\n\n\t<div class=\"ls-cta__image\"><img decoding=\"async\" src=\"https:\/\/www.ile-de-la-comtesse.com\/wp-content\/uploads\/2023\/10\/camping-piscine-savoie.jpg\" alt=\"campingplatz schwimmbad savoie\"><\/div>\n\t<div class=\"ls-cta__title\">\n\t\tDer Wasserbereich\t<\/div>\n\n\t\t\n<\/a><\/div><\/div><\/div>\n\r\n    <\/div>\r\n<\/section>","protected":false},"excerpt":{"rendered":"","protected":false},"author":1,"featured_media":1375,"parent":0,"menu_order":0,"comment_status":"closed","ping_status":"closed","template":"","meta":{"_acf_changed":false,"_seopress_robots_primary_cat":"","_seopress_titles_title":"Dienstleistungen auf dem Familiencampingplatz in der N\u00e4he des Bourget-Sees, Savoyen","_seopress_titles_desc":"Unser Camping garantiert Ihnen Komfort und Bequemlichkeit: herzlicher Empfang, Lebensmittelgesch\u00e4ft, Wi-Fi, Fahrradverleih und nutzen Sie unsere Gourmet-Fr\u00fchst\u00fccksoptionen.","_seopress_robots_index":"","inline_featured_image":false,"footnotes":""},"sujet":[],"class_list":["post-3749","page","type-page","status-publish","has-post-thumbnail","hentry"],"acf":[],"_links":{"self":[{"href":"https:\/\/www.ile-de-la-comtesse.com\/de\/wp-json\/wp\/v2\/pages\/3749","targetHints":{"allow":["GET"]}}],"collection":[{"href":"https:\/\/www.ile-de-la-comtesse.com\/de\/wp-json\/wp\/v2\/pages"}],"about":[{"href":"https:\/\/www.ile-de-la-comtesse.com\/de\/wp-json\/wp\/v2\/types\/page"}],"author":[{"embeddable":true,"href":"https:\/\/www.ile-de-la-comtesse.com\/de\/wp-json\/wp\/v2\/users\/1"}],"replies":[{"embeddable":true,"href":"https:\/\/www.ile-de-la-comtesse.com\/de\/wp-json\/wp\/v2\/comments?post=3749"}],"version-history":[{"count":4,"href":"https:\/\/www.ile-de-la-comtesse.com\/de\/wp-json\/wp\/v2\/pages\/3749\/revisions"}],"predecessor-version":[{"id":4879,"href":"https:\/\/www.ile-de-la-comtesse.com\/de\/wp-json\/wp\/v2\/pages\/3749\/revisions\/4879"}],"wp:featuredmedia":[{"embeddable":true,"href":"https:\/\/www.ile-de-la-comtesse.com\/de\/wp-json\/wp\/v2\/media\/1375"}],"wp:attachment":[{"href":"https:\/\/www.ile-de-la-comtesse.com\/de\/wp-json\/wp\/v2\/media?parent=3749"}],"wp:term":[{"taxonomy":"sujet","embeddable":true,"href":"https:\/\/www.ile-de-la-comtesse.com\/de\/wp-json\/wp\/v2\/sujet?post=3749"}],"curies":[{"name":"wp","href":"https:\/\/api.w.org\/{rel}","templated":true}]}}