{"id":3731,"date":"2023-10-19T11:28:08","date_gmt":"2023-10-19T09:28:08","guid":{"rendered":"https:\/\/www.ile-de-la-comtesse.com\/camping-keiner-schlechteren-waende-und-gelignieux\/"},"modified":"2023-12-21T13:27:41","modified_gmt":"2023-12-21T12:27:41","slug":"camping-keiner-schlechteren-murs-et-gelignieux","status":"publish","type":"page","link":"https:\/\/www.ile-de-la-comtesse.com\/de\/camping-keiner-schlechteren-murs-et-gelignieux\/","title":{"rendered":"Tarife"},"content":{"rendered":"<section id=\"ls-section-block_11cb585890b9d083429f9783395d18ed\" class=\"ls-section  page-emplacement-one has-m-b m-b-0 has-p-b p-b-0\" >\r\n        <div class=\"container \">\r\n        \n\n<h1 class=\"ls__heading wp-block-heading has-text-align-center\">Ihr Aufenthalt in Savoyen zum kleinen Preis, indem Sie sich f\u00fcr unseren Campingplatz entscheiden.<\/h1>\n\n\n\n<h2 class=\"ls__heading wp-block-heading has-text-align-center\">Unsere Unterk\u00fcnfte zum besten Preis 30 min vom Lac du Bourget entfernt<\/h2>\n\n\n\n<p class=\"ls-paragraph has-text-align-center\">Willkommen auf dem <a href=\"https:\/\/www.ile-de-la-comtesse.com\/de\/\" data-type=\"page\" data-id=\"192\">Campingplatz \u00cele de la comtesse<\/a>! Entdecken Sie unsere <strong>Unterk\u00fcnfte zum besten Preis<\/strong>, die ideal gelegen sind, nur 30 Minuten vom herrlichen Lac du Bourget entfernt, im Departement Ain.<\/p>\n\n\n\n<p class=\"ls-paragraph has-text-align-center\">Ob Sie nun lieber <a href=\"https:\/\/www.ile-de-la-comtesse.com\/de\/vermietung-standort-murs-et-gelignieux\/\" data-type=\"page\" data-id=\"206\">einen Stellplatz<\/a> zum Zelten mit Zelt oder Wohnwagen <a href=\"https:\/\/www.ile-de-la-comtesse.com\/de\/vermietung-standort-murs-et-gelignieux\/\" data-type=\"page\" data-id=\"206\">mieten<\/a> oder sich f\u00fcr den Komfort eines Mobilheims entscheiden, wir bieten Ihnen erschwingliche L\u00f6sungen, ohne Kompromisse bei der Qualit\u00e4t einzugehen. Genie\u00dfen Sie die Harmonie zwischen der umgebenden Natur und unseren g\u00fcnstigen Preisen.<\/p>\n\n\n\n<p class=\"ls-paragraph has-text-align-center\">Buchen Sie jetzt Ihren Aufenthalt und lassen Sie sich von dem einzigartigen Erlebnis, das unser Campingplatz zu bieten hat, zu g\u00fcnstigen Preisen verf\u00fchren.<\/p>\n\n\n\n<div class=\"wp-block-columns first is-layout-flex wp-container-core-columns-is-layout-9d6595d7 wp-block-columns-is-layout-flex\">\n<div class=\"wp-block-column animated backInDown delay-100ms slow is-layout-flow wp-block-column-is-layout-flow\">\n<i class=\"comtesse-spacieux\"><\/i>\n\n\n\n<p class=\"ls-paragraph has-text-align-center\"><strong>Ger\u00e4umig<\/strong><br\/>Gro\u00dfe Grundst\u00fccke<br\/>\u00fcber 100m\u00b2<\/p>\n<\/div>\n\n\n\n<div class=\"wp-block-column animated backInDown delay-100ms slow is-layout-flow wp-block-column-is-layout-flow\">\n<i class=\"comtesse-nature\"><\/i>\n\n\n\n<p class=\"ls-paragraph has-text-align-center\"><strong>Natur<\/strong><br\/>Flach, B\u00e4ume<br\/>und grasbewachsen<\/p>\n<\/div>\n\n\n\n<div class=\"wp-block-column animated backInDown delay-300ms slow delay-100ms is-layout-flow wp-block-column-is-layout-flow\">\n<i class=\"comtesse-confort\"><\/i>\n\n\n\n<p class=\"ls-paragraph has-text-align-center\"><strong>Hoher Komfort<\/strong><br\/>10A, Wasser  <br\/>+ Abwasserkanal<\/p>\n<\/div>\n\n\n\n<div class=\"wp-block-column animated backInDown delay-400ms slow delay-100ms is-layout-flow wp-block-column-is-layout-flow\">\n<i class=\"comtesse-paysage\"><\/i>\n\n\n\n<p class=\"ls-paragraph has-text-align-center\"><strong>Landschaft<\/strong><br\/>Blick Rhone,<br\/>Berge, Schwimmb\u00e4der<\/p>\n<\/div>\n<\/div>\n\n\r\n    <\/div>\r\n<\/section><section id=\"ls-section-block_4c55b9791e2c6f063220d6309ffd0ffe\" class=\"ls-section  page-emplacement-two has-m-b m-b-0 has-p-t p-t-0 has-p-b p-b-0\" >\r\n        <div class=\"container \">\r\n        \n\n<script>\n    window.ctoutvert = {\n\t\tid: 2367, \n\t\tlang: 'auto', \n\t\turl: 'https:\/\/reservation.secureholiday.net\/widgets\/'\n    };\n\n    (function (w, d, s, ctv, r, js, fjs) {\n        r=new XMLHttpRequest();r.open('GET',w[ctv].url+'js\/src.json');\n        r.responseType='json';r.json=true;r.send();\n        r.onload=function(){w[ctv].src=r.responseType=='json'?r.response:JSON.parse(r.response);\n        js.src=w[ctv].src[0];fjs.parentNode.insertBefore(js, fjs);}\n        js=d.createElement(s),fjs=d.getElementsByTagName(s)[0];\n        js.id='ctvwidget';js.async=1;\n    }(window, document, 'script', 'ctoutvert'));\n<\/script>\n\n<ctv-availability data-product-type=\"pitch\" data-background-color=\"#FFFFFFFF\"><\/ctv-availability>\n\n\r\n    <\/div>\r\n<\/section><section id=\"ls-section-block_28c1cba1ccb2a16d2ef792d433470d00\" class=\"ls-section  page-three has-m-t m-t-1 has-m-b m-b-3 has-p-b p-b-2\" >\r\n        <div class=\"container container--wide\">\r\n        \n\n<div class=\"wp-block-columns are-vertically-aligned-center is-layout-flex wp-container-core-columns-is-layout-9d6595d7 wp-block-columns-is-layout-flex\">\n<div class=\"wp-block-column is-vertically-aligned-center right is-layout-flow wp-block-column-is-layout-flow\" style=\"flex-basis:70%\">\n<h2 class=\"ls__heading wp-block-heading animated fadeInLeft delay-100ms slow\">Profitieren Sie von <strong>unseren Sonderangeboten<\/strong><\/h2>\n\n\n\n<p class=\"ls-paragraph\">Nutzen Sie die Gelegenheit, mit unseren <strong>exklusiven Angeboten<\/strong>einen au\u00dfergew\u00f6hnlichen Urlaub auf dem Campingplatz zu erleben! Ob Sie den<strong> Charme eines traditionellen Campingplatzes<\/strong> oder den Komfort eines modernen Mobilheims bevorzugen, unsere <strong>Sonderangebote<\/strong> machen Ihren Ausflug noch verlockender.<\/p>\n\n\n\n<p class=\"ls-paragraph\">Profitieren Sie von<strong> g\u00fcnstigen Preisen<\/strong>, ohne Kompromisse bei der Qualit\u00e4t Ihres Aufenthalts eingehen zu m\u00fcssen. Spannende Aktivit\u00e4ten und eine freundliche Atmosph\u00e4re erwarten Sie. Lassen Sie sich diese einmalige Gelegenheit nicht entgehen, <a href=\"https:\/\/www.ile-de-la-comtesse.com\/de\/vermietung-mobil-home-murs-et-gelignieux\/\" data-type=\"page\" data-id=\"205\">mieten Sie jetzt Ihre Unterkunft<\/a> und entdecken Sie den Zauber des Campings zu reduzierten Preisen in Savoyen. <\/p>\n<\/div>\n\n\n\n<div class=\"wp-block-column is-vertically-aligned-center left is-layout-flow wp-block-column-is-layout-flow\" style=\"flex-basis:30%\">\n<ctv-offers data-display-mode=\"classic\"><\/ctv-offers>\n<\/div>\n<\/div>\n\n\r\n    <\/div>\r\n<\/section><section id=\"ls-section-block_bcfbe3f443979c90d69f24d7974fb82f\" class=\"ls-section  home-intro page-five background-blue\" >\r\n        <div class=\"container container--full\">\r\n        \n\n<div class=\"wp-block-columns are-vertically-aligned-center is-layout-flex wp-container-core-columns-is-layout-9d6595d7 wp-block-columns-is-layout-flex\">\n<div class=\"wp-block-column is-vertically-aligned-center left is-layout-flow wp-block-column-is-layout-flow\" style=\"flex-basis:45%\">\n<h2 class=\"ls__heading wp-block-heading animated fadeInLeft delay-100ms slow\">Garantiert beste Preise, wenn Sie auf unserer Seite buchen<\/h2>\n\n\n\n<p class=\"ls-paragraph\">Sichern Sie sich die beste Zeit auf dem Campingplatz, indem Sie direkt auf unserer Website buchen und sich die besten Preise garantieren lassen. Wenn Sie diese Option bevorzugen, <strong>profitieren Sie von exklusiven Angeboten<\/strong>.  <\/p>\n\n\n\n<p class=\"ls-paragraph\">Unsere Verpflichtung ist es, Ihnen einen <strong>au\u00dfergew\u00f6hnlichen Aufenthalt zum g\u00fcnstigsten Preis<\/strong> anzubieten. Neben dem Zugang zu Sonderangeboten garantiert die Buchung \u00fcber unsere Website die Transparenz der Preise und sichert Ihnen ein sorgenfreies Erlebnis.  <\/p>\n\n\n\n<p class=\"ls-paragraph\">Entscheiden Sie sich f\u00fcr Einfachheit, <strong>Qualit\u00e4t <\/strong><strong>und Sparsamkeit, indem Sie online buchen<\/strong>, und bereiten Sie sich auf einen unvergesslichen Urlaub auf dem Campingplatz \u00cele de la comtesse vor.<\/p>\n<\/div>\n\n\n\n<div class=\"wp-block-column is-vertically-aligned-center right is-layout-flow wp-block-column-is-layout-flow\" style=\"flex-basis:55%\">\n<figure class=\"wp-block-image size-full animated fadeInRight delay-100ms slow\"><a href=\"https:\/\/www.ile-de-la-comtesse.com\/wp-content\/uploads\/2023\/11\/savoie-en-famille-camping-meilleurs-prix.webp\"><img decoding=\"async\" width=\"1920\" height=\"1200\" src=\"https:\/\/www.ile-de-la-comtesse.com\/wp-content\/uploads\/2023\/11\/savoie-en-famille-camping-meilleurs-prix.webp\" alt=\"savoie mit der familie camping beste preise\" class=\"wp-image-2891\" srcset=\"https:\/\/www.ile-de-la-comtesse.com\/wp-content\/uploads\/2023\/11\/savoie-en-famille-camping-meilleurs-prix.webp 1920w, https:\/\/www.ile-de-la-comtesse.com\/wp-content\/uploads\/2023\/11\/savoie-en-famille-camping-meilleurs-prix-300x188.webp 300w, https:\/\/www.ile-de-la-comtesse.com\/wp-content\/uploads\/2023\/11\/savoie-en-famille-camping-meilleurs-prix-1024x640.webp 1024w, https:\/\/www.ile-de-la-comtesse.com\/wp-content\/uploads\/2023\/11\/savoie-en-famille-camping-meilleurs-prix-768x480.webp 768w, https:\/\/www.ile-de-la-comtesse.com\/wp-content\/uploads\/2023\/11\/savoie-en-famille-camping-meilleurs-prix-1536x960.webp 1536w\" sizes=\"(max-width: 1920px) 100vw, 1920px\" \/><\/a><\/figure>\n<\/div>\n<\/div>\n\n\r\n    <\/div>\r\n<\/section><section id=\"ls-section-block_021a4923bbb673e97a738287ce497863\" class=\"ls-section  page-maillage\" >\r\n        <div class=\"container container--wide\">\r\n        \n\n<div id=\"ls-heading ls-titre-div-block_ed8c907fbe417d9a1ca2eb9e3fb78641\" class=\"ls-titre-div aligncenter h2-like\" >\n    Entdecken Sie unsere Mietunterk\u00fcnfte, unsere Stellpl\u00e4tze und unsere Dienstleistungen!<\/div>\n\n\n<div id=\"ls-maillage-block_fa23a799a6eb3b0e2d439b3da3148b16\" class=\"ls-maillage cta-style-normal\" data-rows=\"3\">\r\n    <div class=\"wp-block-columns\"><div class=\"wp-block-column\">\n\n<a href=\"https:\/\/www.ile-de-la-comtesse.com\/de\/vermietung-mobil-home-murs-et-gelignieux\/\" target=\"\" rel=\"noopener\" class=\"ls-cta__link\">\n\n\t<div class=\"ls-cta__image\"><img decoding=\"async\" src=\"https:\/\/www.ile-de-la-comtesse.com\/wp-content\/uploads\/2023\/11\/lodge-camping-ile-de-la-comtesse-confort-scaled.webp\" alt=\"lodge camping ile de la comtesse komfort\"><\/div>\n\t<div class=\"ls-cta__title\">\n\t\tUnsere Mietobjekte\t<\/div>\n\n\t\t\n<\/a><\/div><div class=\"wp-block-column\">\n\n<a href=\"https:\/\/www.ile-de-la-comtesse.com\/de\/camping-familienfreundlicher-murs-et-gelignieux\/\" target=\"\" rel=\"noopener\" class=\"ls-cta__link\">\n\n\t<div class=\"ls-cta__image\"><img decoding=\"async\" src=\"https:\/\/www.ile-de-la-comtesse.com\/wp-content\/uploads\/2023\/11\/camping-comtesse-reception-scaled.webp\" alt=\"Camping mit Bar und Rezeption an sonnigen Tagen.\"><\/div>\n\t<div class=\"ls-cta__title\">\n\t\tUnsere Dienstleistungen\t<\/div>\n\n\t\t\n<\/a><\/div><div class=\"wp-block-column\">\n\n<a href=\"https:\/\/www.ile-de-la-comtesse.com\/de\/vermietung-standort-murs-et-gelignieux\/\" target=\"\" rel=\"noopener\" class=\"ls-cta__link\">\n\n\t<div class=\"ls-cta__image\"><img decoding=\"async\" src=\"https:\/\/www.ile-de-la-comtesse.com\/wp-content\/uploads\/2023\/11\/forfait-grand-confort-avec-eau-egout-et-electricite-10a.webp\" alt=\"\"><\/div>\n\t<div class=\"ls-cta__title\">\n\t\tUnsere Standorte\t<\/div>\n\n\t\t\n<\/a><\/div><\/div><\/div>\n\r\n    <\/div>\r\n<\/section>","protected":false},"excerpt":{"rendered":"","protected":false},"author":1,"featured_media":2888,"parent":0,"menu_order":0,"comment_status":"closed","ping_status":"closed","template":"","meta":{"_acf_changed":false,"_seopress_robots_primary_cat":"","_seopress_titles_title":"G\u00fcnstiger Campingplatz mit Sonderangeboten in der N\u00e4he des Lac Bourget, Savoyen","_seopress_titles_desc":"Profitieren Sie von unseren Unterk\u00fcnften: Stellpl\u00e4tze, Mobilheime, alles zu g\u00fcnstigen Preisen. Unsere Sonderangebote garantieren Ihnen einen erschwinglichen und gleichzeitig qualitativ hochwertigen Urlaub.","_seopress_robots_index":"","inline_featured_image":false,"footnotes":""},"sujet":[],"class_list":["post-3731","page","type-page","status-publish","has-post-thumbnail","hentry"],"acf":[],"_links":{"self":[{"href":"https:\/\/www.ile-de-la-comtesse.com\/de\/wp-json\/wp\/v2\/pages\/3731","targetHints":{"allow":["GET"]}}],"collection":[{"href":"https:\/\/www.ile-de-la-comtesse.com\/de\/wp-json\/wp\/v2\/pages"}],"about":[{"href":"https:\/\/www.ile-de-la-comtesse.com\/de\/wp-json\/wp\/v2\/types\/page"}],"author":[{"embeddable":true,"href":"https:\/\/www.ile-de-la-comtesse.com\/de\/wp-json\/wp\/v2\/users\/1"}],"replies":[{"embeddable":true,"href":"https:\/\/www.ile-de-la-comtesse.com\/de\/wp-json\/wp\/v2\/comments?post=3731"}],"version-history":[{"count":12,"href":"https:\/\/www.ile-de-la-comtesse.com\/de\/wp-json\/wp\/v2\/pages\/3731\/revisions"}],"predecessor-version":[{"id":4788,"href":"https:\/\/www.ile-de-la-comtesse.com\/de\/wp-json\/wp\/v2\/pages\/3731\/revisions\/4788"}],"wp:featuredmedia":[{"embeddable":true,"href":"https:\/\/www.ile-de-la-comtesse.com\/de\/wp-json\/wp\/v2\/media\/2888"}],"wp:attachment":[{"href":"https:\/\/www.ile-de-la-comtesse.com\/de\/wp-json\/wp\/v2\/media?parent=3731"}],"wp:term":[{"taxonomy":"sujet","embeddable":true,"href":"https:\/\/www.ile-de-la-comtesse.com\/de\/wp-json\/wp\/v2\/sujet?post=3731"}],"curies":[{"name":"wp","href":"https:\/\/api.w.org\/{rel}","templated":true}]}}