{"id":3703,"date":"2023-10-19T11:25:03","date_gmt":"2023-10-19T09:25:03","guid":{"rendered":"https:\/\/www.ile-de-la-comtesse.com\/restaurant-murs-et-gelignieux\/"},"modified":"2023-12-22T14:14:40","modified_gmt":"2023-12-22T13:14:40","slug":"restaurant-murs-et-gelignieux","status":"publish","type":"page","link":"https:\/\/www.ile-de-la-comtesse.com\/de\/restaurant-murs-et-gelignieux\/","title":{"rendered":"Restaurant"},"content":{"rendered":"<section id=\"ls-section-block_5670e3dbc6d699c350596cac10d9b83c\" class=\"ls-section  home-intro page-one has-m-b m-b-2 has-p-b p-b-2\" >\r\n        <div class=\"container container--full\">\r\n        \n\n<div class=\"wp-block-columns are-vertically-aligned-center is-layout-flex wp-container-core-columns-is-layout-9d6595d7 wp-block-columns-is-layout-flex\">\n<div class=\"wp-block-column is-vertically-aligned-center left is-layout-flow wp-block-column-is-layout-flow\" style=\"flex-basis:45%\">\n<h1 class=\"ls__heading wp-block-heading has-text-align-left\">Sie werden unsere Restaurants am Ufer der Wasserfl\u00e4che von Cuchet lieben.<\/h1>\n\n\n\n<div class=\"star-container animated fadeInLeft delay-100ms slow\"> \n<i class=\"comtesse-star\"><\/i>\n<i class=\"comtesse-star\"><\/i>\n<i class=\"comtesse-star\"><\/i>\n<i class=\"comtesse-star\"><\/i>\n<\/div>\n\n\n\n<h2 class=\"ls__heading wp-block-heading animated fadeInLeft delay-100ms slow\">Feinschmecker: Schlemmen Sie in unserem Imbiss in Savoyen<\/h2>\n\n\n\n<p class=\"ls-paragraph\">Der <strong>Imbiss<\/strong> in Savoyen ist ein wahrer Schatz f\u00fcr Camper, die auf der Suche nach Geselligkeit sind. Im Herzen unseres charmanten am Ufer der Wasserfl\u00e4che von Cuchet bietet die Snackbar eine<strong> warme und entspannte Atmosph\u00e4re<\/strong>, die perfekt ist, um sich nach einem Tag voller Erkundungen oder Entspannung zu erholen.<\/p>\n\n\n\n<p class=\"ls-paragraph\"><strong>Saftige Hamburger<\/strong>,<strong> knusprige Pommes frites <\/strong>und <strong>frisch<\/strong> zubereitete <strong>Pizzen<\/strong> sind ebenso ein Muss wie <strong>frische Salate<\/strong>.<\/p>\n\n\n\n<p class=\"ls-paragraph\">Ob Sie nun eine schnelle Mahlzeit zu sich nehmen oder einen Abend mit Familie oder Freunden genie\u00dfen m\u00f6chten, ein Imbiss ist der ideale Ort, um Ihre W\u00fcnsche zu erf\u00fcllen und gleichzeitig unvergessliche Erinnerungen zu schaffen.<\/p>\n\n\n\n<div class=\"wp-block-columns is-layout-flex wp-container-core-columns-is-layout-9d6595d7 wp-block-columns-is-layout-flex\">\n<div class=\"wp-block-column is-layout-flow wp-block-column-is-layout-flow\">\n<figure class=\"wp-block-image size-full\"><img decoding=\"async\" width=\"1010\" height=\"1028\" src=\"https:\/\/www.ile-de-la-comtesse.com\/wp-content\/uploads\/2023\/12\/soraia.webp\" alt=\"Soraia\" class=\"wp-image-4882\" srcset=\"https:\/\/www.ile-de-la-comtesse.com\/wp-content\/uploads\/2023\/12\/soraia.webp 1010w, https:\/\/www.ile-de-la-comtesse.com\/wp-content\/uploads\/2023\/12\/soraia-295x300.webp 295w, https:\/\/www.ile-de-la-comtesse.com\/wp-content\/uploads\/2023\/12\/soraia-1006x1024.webp 1006w, https:\/\/www.ile-de-la-comtesse.com\/wp-content\/uploads\/2023\/12\/soraia-768x782.webp 768w\" sizes=\"(max-width: 1010px) 100vw, 1010px\" \/><\/figure>\n<\/div>\n\n\n\n<div class=\"wp-block-column is-layout-flow wp-block-column-is-layout-flow\">\n<div id=\"ls-heading ls-titre-div-block_966a6ace0756503de97b5bdb416874ce\" class=\"ls-titre-div h2-like\" >\n    &#8222;Soraias Guter Rat&#8220;<\/div>\n\n\n\n<p class=\"ls-paragraph\">G\u00f6nnen Sie sich eine entspannende Pause in der Snackbar. Lust auf traditionelle Gerichte? Treffpunkt im Restaurant mit einzigartigem Blick auf den Cuchet-See.<\/p>\n<\/div>\n<\/div>\n<\/div>\n\n\n\n<div class=\"wp-block-column is-vertically-aligned-center right is-layout-flow wp-block-column-is-layout-flow\" style=\"flex-basis:55%\">\n<figure class=\"wp-block-image size-full animated fadeInRight delay-100ms slow\"><a href=\"https:\/\/www.ile-de-la-comtesse.com\/wp-content\/uploads\/2023\/11\/en-terrasse-savoie-camping-ile-de-la-comtesse-scaled.webp\"><img decoding=\"async\" width=\"2048\" height=\"1367\" src=\"https:\/\/www.ile-de-la-comtesse.com\/wp-content\/uploads\/2023\/11\/en-terrasse-savoie-camping-ile-de-la-comtesse-scaled.webp\" alt=\"auf der terrasse savoie camping ile de la comtesse\" class=\"wp-image-1642\" srcset=\"https:\/\/www.ile-de-la-comtesse.com\/wp-content\/uploads\/2023\/11\/en-terrasse-savoie-camping-ile-de-la-comtesse-scaled.webp 2048w, https:\/\/www.ile-de-la-comtesse.com\/wp-content\/uploads\/2023\/11\/en-terrasse-savoie-camping-ile-de-la-comtesse-300x200.webp 300w, https:\/\/www.ile-de-la-comtesse.com\/wp-content\/uploads\/2023\/11\/en-terrasse-savoie-camping-ile-de-la-comtesse-1024x683.webp 1024w, https:\/\/www.ile-de-la-comtesse.com\/wp-content\/uploads\/2023\/11\/en-terrasse-savoie-camping-ile-de-la-comtesse-768x513.webp 768w, https:\/\/www.ile-de-la-comtesse.com\/wp-content\/uploads\/2023\/11\/en-terrasse-savoie-camping-ile-de-la-comtesse-1536x1025.webp 1536w\" sizes=\"(max-width: 2048px) 100vw, 2048px\" \/><\/a><\/figure>\n<\/div>\n<\/div>\n\n\r\n    <\/div>\r\n<\/section><section id=\"ls-section-block_ed92f2124d2140df89f439178beaf1ae\" class=\"ls-section  home-piscine page-two has-m-t m-t-2 has-p-t p-t-2\" >\r\n        <div class=\"container container--full\">\r\n        \n\n<div id=\"ls-heading ls-titre-div-block_c4ab33f72c74171fbffece5989690c04\" class=\"ls-titre-div deco h2-like\" >\n    <strong>Ein Erlebnis<\/strong> <em>geschmacklich!<\/em><\/div>\n\n\n\n<div class=\"wp-block-columns first is-layout-flex wp-container-core-columns-is-layout-9d6595d7 wp-block-columns-is-layout-flex\">\n<div class=\"wp-block-column is-layout-flow wp-block-column-is-layout-flow\" style=\"flex-basis:40%\">\n<figure class=\"wp-block-image size-full left\"><a href=\"https:\/\/www.ile-de-la-comtesse.com\/wp-content\/uploads\/2023\/11\/paella-restaurant-en-terrasse-camping-ile-de-la-comtesse-scaled.webp\"><img decoding=\"async\" width=\"2048\" height=\"1367\" src=\"https:\/\/www.ile-de-la-comtesse.com\/wp-content\/uploads\/2023\/11\/paella-restaurant-en-terrasse-camping-ile-de-la-comtesse-scaled.webp\" alt=\"paella restaurant auf der terrasse camping ile de la comtesse\" class=\"wp-image-1658\" srcset=\"https:\/\/www.ile-de-la-comtesse.com\/wp-content\/uploads\/2023\/11\/paella-restaurant-en-terrasse-camping-ile-de-la-comtesse-scaled.webp 2048w, https:\/\/www.ile-de-la-comtesse.com\/wp-content\/uploads\/2023\/11\/paella-restaurant-en-terrasse-camping-ile-de-la-comtesse-300x200.webp 300w, https:\/\/www.ile-de-la-comtesse.com\/wp-content\/uploads\/2023\/11\/paella-restaurant-en-terrasse-camping-ile-de-la-comtesse-1024x683.webp 1024w, https:\/\/www.ile-de-la-comtesse.com\/wp-content\/uploads\/2023\/11\/paella-restaurant-en-terrasse-camping-ile-de-la-comtesse-768x513.webp 768w, https:\/\/www.ile-de-la-comtesse.com\/wp-content\/uploads\/2023\/11\/paella-restaurant-en-terrasse-camping-ile-de-la-comtesse-1536x1025.webp 1536w\" sizes=\"(max-width: 2048px) 100vw, 2048px\" \/><\/a><\/figure>\n<\/div>\n\n\n\n<div class=\"wp-block-column is-layout-flow wp-block-column-is-layout-flow\" style=\"flex-basis:60%\">\n<figure class=\"wp-block-image size-full right\"><a href=\"https:\/\/www.ile-de-la-comtesse.com\/wp-content\/uploads\/2023\/11\/soiree-paella-camping-comtesse-scaled.webp\"><img decoding=\"async\" width=\"2048\" height=\"1367\" src=\"https:\/\/www.ile-de-la-comtesse.com\/wp-content\/uploads\/2023\/11\/soiree-paella-camping-comtesse-scaled.webp\" alt=\"Paella-Abend auf dem Campingplatz Comtesse\" class=\"wp-image-1636\" srcset=\"https:\/\/www.ile-de-la-comtesse.com\/wp-content\/uploads\/2023\/11\/soiree-paella-camping-comtesse-scaled.webp 2048w, https:\/\/www.ile-de-la-comtesse.com\/wp-content\/uploads\/2023\/11\/soiree-paella-camping-comtesse-300x200.webp 300w, https:\/\/www.ile-de-la-comtesse.com\/wp-content\/uploads\/2023\/11\/soiree-paella-camping-comtesse-1024x683.webp 1024w, https:\/\/www.ile-de-la-comtesse.com\/wp-content\/uploads\/2023\/11\/soiree-paella-camping-comtesse-768x513.webp 768w, https:\/\/www.ile-de-la-comtesse.com\/wp-content\/uploads\/2023\/11\/soiree-paella-camping-comtesse-1536x1025.webp 1536w\" sizes=\"(max-width: 2048px) 100vw, 2048px\" \/><\/a><\/figure>\n<\/div>\n<\/div>\n\n\n\n<div class=\"wp-block-columns second is-layout-flex wp-container-core-columns-is-layout-9d6595d7 wp-block-columns-is-layout-flex\">\n<div class=\"wp-block-column is-layout-flow wp-block-column-is-layout-flow\">\n<h2 class=\"ls__heading wp-block-heading has-text-align-center\"><strong>Profitieren Sie w\u00e4hrend Ihres Aufenthalts<\/strong> von einem Vorzugspreis in unseren drei Restaurants.<\/h2>\n\n\n\n<p class=\"ls-paragraph has-text-align-center\">Unser freundliches und einladendes Personal sorgt daf\u00fcr, dass Ihre Erfahrung bei uns au\u00dfergew\u00f6hnlich ist. Sie k\u00f6nnen Ihre <strong>Mahlzeiten auf unserer neuen<\/strong>, frisch renovierten Terrasse genie\u00dfen und <strong>gleichzeitig jeden Abend<\/strong> von <strong>verschiedenen Animationen profitieren<\/strong>.<\/p>\n\n\n\n<p class=\"ls-paragraph has-text-align-center\">Es ist auch m\u00f6glich, etwas <strong>mitzunehmen<\/strong>, wenn Sie dies w\u00fcnschen. <strong>Jeden Abend vor Ort zum Mitnehmen ge\u00f6ffnet<\/strong>, mit zahlreichen Themenabenden.<\/p>\n<\/div>\n<\/div>\n\n\r\n    <\/div>\r\n<\/section><section id=\"ls-section-block_1028107646189fe53abeb0a65f42d201\" class=\"ls-section  home-intro page-three background-blue has-m-b m-b-2 has-p-b p-b-2\" >\r\n        <div class=\"container container--full\">\r\n        \n\n<div class=\"wp-block-columns are-vertically-aligned-center is-layout-flex wp-container-core-columns-is-layout-9d6595d7 wp-block-columns-is-layout-flex\">\n<div class=\"wp-block-column is-vertically-aligned-center left is-layout-flow wp-block-column-is-layout-flow\" style=\"flex-basis:55%\">\n<figure class=\"wp-block-image size-full animated fadeInLeft delay-100ms slow\"><a href=\"https:\/\/www.ile-de-la-comtesse.com\/wp-content\/uploads\/2023\/12\/le-col-vert-restaurant-camping-ile-de-la-comtesse.webp\"><img decoding=\"async\" width=\"1630\" height=\"1080\" src=\"https:\/\/www.ile-de-la-comtesse.com\/wp-content\/uploads\/2023\/12\/le-col-vert-restaurant-camping-ile-de-la-comtesse.webp\" alt=\"le col vert restaurant camping ile de la comtesse\" class=\"wp-image-3604\" srcset=\"https:\/\/www.ile-de-la-comtesse.com\/wp-content\/uploads\/2023\/12\/le-col-vert-restaurant-camping-ile-de-la-comtesse.webp 1630w, https:\/\/www.ile-de-la-comtesse.com\/wp-content\/uploads\/2023\/12\/le-col-vert-restaurant-camping-ile-de-la-comtesse-300x199.webp 300w, https:\/\/www.ile-de-la-comtesse.com\/wp-content\/uploads\/2023\/12\/le-col-vert-restaurant-camping-ile-de-la-comtesse-1024x678.webp 1024w, https:\/\/www.ile-de-la-comtesse.com\/wp-content\/uploads\/2023\/12\/le-col-vert-restaurant-camping-ile-de-la-comtesse-768x509.webp 768w, https:\/\/www.ile-de-la-comtesse.com\/wp-content\/uploads\/2023\/12\/le-col-vert-restaurant-camping-ile-de-la-comtesse-1536x1018.webp 1536w\" sizes=\"(max-width: 1630px) 100vw, 1630px\" \/><\/a><\/figure>\n<\/div>\n\n\n\n<div class=\"wp-block-column is-vertically-aligned-center right is-layout-flow wp-block-column-is-layout-flow\" style=\"flex-basis:45%\">\n<h2 class=\"ls__heading wp-block-heading animated fadeInRight delay-100ms slow\">Fine Palets: Erkunden Sie die Geschmacksrichtungen<br\/>des <strong>Restaurants Le Col Vert<\/strong><\/h2>\n\n\n\n<p class=\"ls-paragraph\">Das traditionelle Restaurant Le Col Vert liegt am Ufer des ruhigen Lac du Cuchet und verbindet k\u00f6stliche Speisen mit einer au\u00dfergew\u00f6hnlichen nat\u00fcrlichen Umgebung. Sobald Sie das Restaurant betreten, werden Sie die <strong>warme und freundliche Atmosph\u00e4re<\/strong> sp\u00fcren und genie\u00dfen.  <\/p>\n\n\n\n<p class=\"ls-paragraph\">Auf der Speisekarte des Col Vert stehen im Vordergrund: <strong>traditionelle K\u00fcche <\/strong>und <strong>lokale Produkte<\/strong>. Die Gerichte werden mit Leidenschaft und Fachwissen zubereitet und bieten ein au\u00dfergew\u00f6hnliches Geschmackserlebnis. <strong>Jeden Mittag<\/strong> und in der Hochsaison an <strong>6 von 7 Abenden ge\u00f6ffnet<\/strong>.<\/p>\n\n\n\n<p class=\"ls-paragraph\">Die <strong>Terrasse<\/strong> mit Blick auf den See ist vor allem an sonnigen Tagen ein idealer Ort, um Mahlzeiten im Freien zu genie\u00dfen. Au\u00dferdem bietet das Restaurant eine Auswahl an <strong>lokalen Weinen<\/strong>, die zu Ihren Gerichten passen.<\/p>\n\n\n\n<p class=\"ls-paragraph\">Ob Sie nun auf der Suche nach einem romantischen Abendessen bei Sonnenuntergang oder einem Familienessen inmitten der Natur sind, Le Col Vert ist die perfekte Adresse, um <strong>am Ufer des Lac du Cuchet<\/strong> eine hochwertige traditionelle K\u00fcche zu genie\u00dfen.<\/p>\n<\/div>\n<\/div>\n\n\r\n    <\/div>\r\n<\/section><section id=\"ls-section-block_c20c55fbacca20d6601c250da57c2eb3\" class=\"ls-section  home-intro page-five\" >\r\n        <div class=\"container container--full\">\r\n        \n\n<div class=\"wp-block-columns are-vertically-aligned-center is-layout-flex wp-container-core-columns-is-layout-9d6595d7 wp-block-columns-is-layout-flex\">\n<div class=\"wp-block-column is-vertically-aligned-center left is-layout-flow wp-block-column-is-layout-flow\" style=\"flex-basis:45%\">\n<h2 class=\"ls__heading wp-block-heading animated fadeInLeft delay-100ms slow\">Restaurant <strong>La Voile Blanche<\/strong><\/h2>\n\n\n\n<p class=\"ls-paragraph\">Unser Restaurant La Voile Blanche auf der anderen Seite des Ufers mit einem atemberaubenden Blick auf die Wasserfl\u00e4che von Cuchet<strong> <\/strong>aber auch auf Saint-Maurice-de-Rotherens <strong>empf\u00e4ngt Sie von Mai bis September 5 Tage die Woche mittags und abends<\/strong>.<\/p>\n\n\n\n<p class=\"ls-paragraph\">Genie\u00dfen Sie eine <strong>private Terrasse am Strand von Cuchet<\/strong>, auf der Sie mit Ihrer Familie in einer entspannten und modernen Umgebung essen k\u00f6nnen.<\/p>\n\n\n\n<p class=\"ls-paragraph\">Das Restaurant la voile blanche bietet <strong>Gerichte von hoher Qualit\u00e4t auf der Meer- und Landseite<\/strong>. Ideal, um mit den F\u00fc\u00dfen im Wasser bei einem <strong>Cocktail<\/strong> die herrliche Aussicht zu genie\u00dfen.<\/p>\n<\/div>\n\n\n\n<div class=\"wp-block-column is-vertically-aligned-center right is-layout-flow wp-block-column-is-layout-flow\" style=\"flex-basis:55%\">\n<figure class=\"wp-block-image size-full animated fadeInRight delay-100ms slow\"><a href=\"https:\/\/www.ile-de-la-comtesse.com\/wp-content\/uploads\/2023\/12\/restaurant-la-voile-blanche-camping-ile-de-la-comtesse.webp\"><img decoding=\"async\" width=\"1630\" height=\"1080\" src=\"https:\/\/www.ile-de-la-comtesse.com\/wp-content\/uploads\/2023\/12\/restaurant-la-voile-blanche-camping-ile-de-la-comtesse.webp\" alt=\"restaurant la voile blanche camping ile de la comtesse\" class=\"wp-image-3658\" srcset=\"https:\/\/www.ile-de-la-comtesse.com\/wp-content\/uploads\/2023\/12\/restaurant-la-voile-blanche-camping-ile-de-la-comtesse.webp 1630w, https:\/\/www.ile-de-la-comtesse.com\/wp-content\/uploads\/2023\/12\/restaurant-la-voile-blanche-camping-ile-de-la-comtesse-300x199.webp 300w, https:\/\/www.ile-de-la-comtesse.com\/wp-content\/uploads\/2023\/12\/restaurant-la-voile-blanche-camping-ile-de-la-comtesse-1024x678.webp 1024w, https:\/\/www.ile-de-la-comtesse.com\/wp-content\/uploads\/2023\/12\/restaurant-la-voile-blanche-camping-ile-de-la-comtesse-768x509.webp 768w, https:\/\/www.ile-de-la-comtesse.com\/wp-content\/uploads\/2023\/12\/restaurant-la-voile-blanche-camping-ile-de-la-comtesse-1536x1018.webp 1536w\" sizes=\"(max-width: 1630px) 100vw, 1630px\" \/><\/a><\/figure>\n<\/div>\n<\/div>\n\n\r\n    <\/div>\r\n<\/section><section id=\"ls-section-block_64ae7a2b55ef9bc92f7e8bcc9cd3205e\" class=\"ls-section  pages-avis has-background-image\" >\r\n    <div class=\"ls-section__background-image opacity-74\"><img decoding=\"async\" src=\"https:\/\/www.ile-de-la-comtesse.com\/wp-content\/uploads\/2023\/11\/nouvelle-terrasse-camping-ile-de-la-comtesse-scaled.webp\" alt=\"neue terrasse camping ile de la comtesse\"><\/div>    <div class=\"container container--wide\">\r\n        \n\n<div id=\"ls-heading ls-titre-div-block_25ee950a9fe8a52165f3ccf213d54f7a\" class=\"ls-titre-div avis-container-title h2-like\" >\n    Was denken unsere G\u00e4ste \u00fcber unser Restaurant?<\/div>\n\n\n<div class=\"avis-container-pages\"><div class=\"avis\"><div class=\"avis-name\">Noemie L.<\/div><div class=\"avis-note\">\n                <span><i class=\"comtesse-star\"><\/i><\/span><span><i class=\"comtesse-star\"><\/i><\/span><span><i class=\"comtesse-star\"><\/i><\/span><span><i class=\"comtesse-star\"><\/i><\/span><span><i class=\"comtesse-star\"><\/i><\/span>\n                <\/div><div class=\"avis-content\"><p>Super Aufenthalt im zweiten Jahr. Super Familiencampingplatz mit Top-Pool, Snackbar und super leckerem Restaurant. Sehr freundliches Personal Sauberer Campingplatz. Und die Region Super h\u00fcbsch mit vielen Dingen zu tun.<br \/>\nIch empfehle w\u00e4rmstens vielleicht bis n\u00e4chstes Jahr f\u00fcr ein drittes Jahr \ud83d\ude09. Dank an das gesamte Team<\/p>\n<\/div><\/div><div class=\"avis\"><div class=\"avis-name\">E J<\/div><div class=\"avis-note\">\n                <span><i class=\"comtesse-star\"><\/i><\/span><span><i class=\"comtesse-star\"><\/i><\/span><span><i class=\"comtesse-star\"><\/i><\/span><span><i class=\"comtesse-star\"><\/i><\/span><span><i class=\"comtesse-star\"><\/i><\/span>\n                <\/div><div class=\"avis-content\"><p>Ich finde diesen Campingplatz wunderbar. Die Person top die Rutschen und die Pools top \ud83d\udc4c.<br \/>\nUnd danke an Laura und Oc\u00e9ane f\u00fcr diese tollen Aktivit\u00e4ten.<br \/>\nUnd danke an die Mitarbeiter der Bar und des Restaurants.<br \/>\nEhrlich gesagt ist der Campingplatz top of the top.<\/p>\n<\/div><\/div><div class=\"avis\"><div class=\"avis-name\">Marie Paule C.<\/div><div class=\"avis-note\">\n                <span><i class=\"comtesse-star\"><\/i><\/span><span><i class=\"comtesse-star\"><\/i><\/span><span><i class=\"comtesse-star\"><\/i><\/span><span><i class=\"comtesse-star\"><\/i><\/span>\n                <\/div><div class=\"avis-content\"><p>Toller Campingplatz!<\/p>\n<p>Angenehme, freundliche Hostess am Empfang.<br \/>\nDer Campingplatz ist wirklich sehr gut, Schwimmbad, Sanit\u00e4ranlagen sehr sauber, Snack, Lebensmittelgesch\u00e4ft klein, nichts mehr zu sagen!!!<\/p>\n<\/div><\/div><\/div>\n\n\r\n    <\/div>\r\n<\/section><section id=\"ls-section-block_ec83ca7d390100d1a3c64c2235c47347\" class=\"ls-section  page-maillage\" >\r\n        <div class=\"container container--wide\">\r\n        \n\n<div id=\"ls-heading ls-titre-div-block_b5094ae53ea080ce829692bb63d0af7a\" class=\"ls-titre-div aligncenter h2-like\" >\n    Entdecken Sie unsere Animationen, unsere Mietunterk\u00fcnfte und unseren Wasserbereich!<\/div>\n\n\n<div id=\"ls-maillage-block_bd8cccaf508c26dce8cfe5495bd9d51a\" class=\"ls-maillage cta-style-normal\" data-rows=\"3\">\r\n    <div class=\"wp-block-columns\"><div class=\"wp-block-column\">\n\n<a href=\"https:\/\/www.ile-de-la-comtesse.com\/de\/camping-animationen-murs-et-gelignieux\/\" target=\"\" rel=\"noopener\" class=\"ls-cta__link\">\n\n\t<div class=\"ls-cta__image\"><img decoding=\"async\" src=\"https:\/\/www.ile-de-la-comtesse.com\/wp-content\/uploads\/2023\/11\/mini-club-camping-ile-de-la-comtesse-scaled.webp\" alt=\"mini club camping ile de la comtesse\"><\/div>\n\t<div class=\"ls-cta__title\">\n\t\tUnsere Animationen\t<\/div>\n\n\t\t\n<\/a><\/div><div class=\"wp-block-column\">\n\n<a href=\"https:\/\/www.ile-de-la-comtesse.com\/de\/vermietung-mobil-home-murs-et-gelignieux\/\" target=\"\" rel=\"noopener\" class=\"ls-cta__link\">\n\n\t<div class=\"ls-cta__image\"><img decoding=\"async\" src=\"https:\/\/www.ile-de-la-comtesse.com\/wp-content\/uploads\/2023\/11\/lodge-camping-ile-de-la-comtesse-confort-scaled.webp\" alt=\"lodge camping ile de la comtesse komfort\"><\/div>\n\t<div class=\"ls-cta__title\">\n\t\tUnsere Mietobjekte\t<\/div>\n\n\t\t\n<\/a><\/div><div class=\"wp-block-column\">\n\n<a href=\"https:\/\/www.ile-de-la-comtesse.com\/de\/camping-wasserraum-murs-et-gelignieux\/\" target=\"\" rel=\"noopener\" class=\"ls-cta__link\">\n\n\t<div class=\"ls-cta__image\"><img decoding=\"async\" src=\"https:\/\/www.ile-de-la-comtesse.com\/wp-content\/uploads\/2023\/10\/camping-piscine-savoie.jpg\" alt=\"campingplatz schwimmbad savoie\"><\/div>\n\t<div class=\"ls-cta__title\">\n\t\tDer Wasserbereich\t<\/div>\n\n\t\t\n<\/a><\/div><\/div><\/div>\n\r\n    <\/div>\r\n<\/section>","protected":false},"excerpt":{"rendered":"","protected":false},"author":1,"featured_media":1540,"parent":0,"menu_order":0,"comment_status":"closed","ping_status":"closed","template":"","meta":{"_acf_changed":false,"_seopress_robots_primary_cat":"","_seopress_titles_title":"Traditionelles Restaurant und Imbiss am See von Cuchet in Savoyen","_seopress_titles_desc":"Erleben Sie ein au\u00dfergew\u00f6hnliches kulinarisches Erlebnis in unseren Restaurants am Ufer des Lac du Cuchet. Entdecken Sie traditionelle Geschm\u00e4cker in unserem Restaurant Le Col Vert.","_seopress_robots_index":"","inline_featured_image":false,"footnotes":""},"sujet":[],"class_list":["post-3703","page","type-page","status-publish","has-post-thumbnail","hentry"],"acf":[],"_links":{"self":[{"href":"https:\/\/www.ile-de-la-comtesse.com\/de\/wp-json\/wp\/v2\/pages\/3703","targetHints":{"allow":["GET"]}}],"collection":[{"href":"https:\/\/www.ile-de-la-comtesse.com\/de\/wp-json\/wp\/v2\/pages"}],"about":[{"href":"https:\/\/www.ile-de-la-comtesse.com\/de\/wp-json\/wp\/v2\/types\/page"}],"author":[{"embeddable":true,"href":"https:\/\/www.ile-de-la-comtesse.com\/de\/wp-json\/wp\/v2\/users\/1"}],"replies":[{"embeddable":true,"href":"https:\/\/www.ile-de-la-comtesse.com\/de\/wp-json\/wp\/v2\/comments?post=3703"}],"version-history":[{"count":3,"href":"https:\/\/www.ile-de-la-comtesse.com\/de\/wp-json\/wp\/v2\/pages\/3703\/revisions"}],"predecessor-version":[{"id":4897,"href":"https:\/\/www.ile-de-la-comtesse.com\/de\/wp-json\/wp\/v2\/pages\/3703\/revisions\/4897"}],"wp:featuredmedia":[{"embeddable":true,"href":"https:\/\/www.ile-de-la-comtesse.com\/de\/wp-json\/wp\/v2\/media\/1540"}],"wp:attachment":[{"href":"https:\/\/www.ile-de-la-comtesse.com\/de\/wp-json\/wp\/v2\/media?parent=3703"}],"wp:term":[{"taxonomy":"sujet","embeddable":true,"href":"https:\/\/www.ile-de-la-comtesse.com\/de\/wp-json\/wp\/v2\/sujet?post=3703"}],"curies":[{"name":"wp","href":"https:\/\/api.w.org\/{rel}","templated":true}]}}